{"id":538,"date":"2014-05-28T14:52:16","date_gmt":"2014-05-28T12:52:16","guid":{"rendered":"http:\/\/waldhotel-am-stausee.de\/hohenwarte\/?page_id=538"},"modified":"2020-11-26T17:46:28","modified_gmt":"2020-11-26T15:46:28","slug":"unser-hotel-abc","status":"publish","type":"page","link":"https:\/\/waldhotel-am-stausee.de\/hohenwarte\/ueber-uns\/unser-hotel-abc\/","title":{"rendered":"Unser Hotel-ABC"},"content":{"rendered":"<p><strong>Anreise<\/strong><br \/>\nAm Anreisevag k\u00f6nnen Sie ab 15.00 Uhr einchecken.<\/p>\n<p><strong>Abreise<\/strong><br \/>\nBis 10:00 Uhr. Sollten Sie Ihr Zimmer l\u00e4nger ben\u00f6tigen, wenden Sie sich bitte an die Rezeption.<\/p>\n<p><strong>Apotheke<\/strong><br \/>\nSchlossberg-Apotheke, K\u00f6nitz, Friedrich-Ebert-Str. 15; Tel.: 036732-22216<br \/>\nSaale-Apotheke, Kaulsdorf, K\u00f6nitzer Stra\u00dfe ; Tel.: 036733-22291<br \/>\nBei kleineren Blessuren steht Ihnen unsere \u201eWanderer-Apotheke\u201c an der Rezeption zur Verf\u00fcgung.<\/p>\n<p><strong>Arzt<\/strong><br \/>\nFrau Dr. Zoepp, K\u00f6nitz, Herthumstr. 2; Tel.: 036732-22202<br \/>\nHerr Dr. Bernhardt, Fuhrgasse 12, 07338 Kaulsdorf; Tel.: 036733-22208<br \/>\nRettungsleitstelle: 03671-9900<br \/>\nWeitere Adressen &amp; Telefonnummern besorgt Ihnen der Empfang.<\/p>\n<p><strong>Ausfl\u00fcge<\/strong><br \/>\nSiehe \u201eFreizeit\u201c<\/p>\n<p><strong>Auskunft<\/strong><br \/>\nTelefonauskunft national: 11833 oder 11880<br \/>\nTelefonauskunft International: 11834<br \/>\nDeutsche Bahn: 0180-6996633<\/p>\n<p><strong>Autowaschanlage<\/strong><br \/>\nAutowaschanlagen finden Sie u.a in Kamsdorf, Kaulsdorf und Saalfeld<\/p>\n<p><strong>Baden<\/strong><br \/>\nBadestrand \u201cAm Alter\u201d, Campingplatz Neumannshof, Linkenm\u00fchle, Portenschmiede und Altenroth oder Freib\u00e4der in Leutenberg, Unterwellenborn, Saalfeld und P\u00f6\u00dfneck.<br \/>\nStadtbad: P\u00f6\u00dfneck<br \/>\nErlebnisb\u00e4der: Saalemaxx in Rudolstadt<br \/>\nTherme: Ardesia-Therme in Bad Lobenstein<\/p>\n<p><strong>Bademantel<\/strong><br \/>\nF\u00fcr jeden Gast liegt ein Bademantel bereit.<\/p>\n<p><strong>Babybett<br \/>\n<\/strong>Stellen wir Ihnen kostenlos zur Verf\u00fcgung<\/p>\n<p><strong>Bar<\/strong><br \/>\nSiehe Restaurant.<\/p>\n<p><strong>Bettdecke<\/strong><br \/>\nGern lassen wir Ihnen eine zus\u00e4tzliche Decke auf Ihr Zimmer bringen.<\/p>\n<p><strong>Blumen<br \/>\n<\/strong>Besorgen wir f\u00fcr Sie oder empfehlen Ihnen ein Gesch\u00e4ft in der N\u00e4he.<\/p>\n<p><strong>Briefkasten\/Briefmarken<\/strong><br \/>\nBriefmarken erhalten Sie an der Rezeption und Sie k\u00f6nnen Ihre Post dort abgeben.<\/p>\n<p><strong>B\u00fcgelservice<\/strong><br \/>\nWenden Sie sich bitte an die Rezeption.<\/p>\n<p><strong>Check-In\/Check-Out<\/strong><br \/>\nSiehe \u201eAn- bzw. Abreise\u201c<\/p>\n<p><strong>Elektrizit\u00e4t<\/strong><br \/>\n220 Volt Wechselstrom<\/p>\n<p><strong>E-Mail<\/strong><br \/>\nUnsere Email Adresse lautet: info@waldhotel-am-stausee.de<\/p>\n<p><strong>Fax<\/strong><br \/>\nsiehe Telefax<\/p>\n<p><strong>Fernsehger\u00e4t<\/strong><br \/>\nMit unseren Fernsehger\u00e4ten k\u00f6nnen Sie TV-Programme und Radiosender empfangen. Bitte benutzen Sie die Fernbedienung und vergewissern Sie sich, dass das Ger\u00e4t und der Receiver eingeschaltet sind.<\/p>\n<p><strong>Feuer<\/strong><br \/>\nBitte entnehmen Sie alle wichtigen Hinweise dem Informationsblatt \u201eFlucht- und Rettungsplan\u201c in Ihrem Zimmer.<\/p>\n<p><strong>Flughafen<\/strong><br \/>\nErfurt: Entfernung ca. 70 km, Tel. 0361-6560<br \/>\nLeipzig\/Halle: Entfernung ca. 130 km, Tel. 0341-2241155<br \/>\nN\u00fcrnberg: Entfernung ca. 190 km, Tel. 0911-93700<\/p>\n<p><strong>F\u00f6hn<\/strong><br \/>\nIst in allen Zimmern installiert.<\/p>\n<p><strong>Fotokopien<\/strong><br \/>\nAn der Rezeption. Preis: 0,30 \u20ac\/Kopie.<\/p>\n<p><strong>Freizeit<\/strong><br \/>\nAn unserer Rezeption steht Ihnen eine Auswahl von Flyern und Infomaterial zu den Sehensw\u00fcrdigkeiten und Freizeitm\u00f6glichkeiten unserer Region zur Verf\u00fcgung. Im Eingangsbereich des Haupthauses finden Sie au\u00dferdem eine \u00dcbersichtskarte mit verschiedenen Attraktionen der Region.<br \/>\nBei der Auswahl Ihrer Ausflugsziele und der Organisation von Ausfl\u00fcgen sind Ihnen unsere Mitarbeiter an der Rezeption gern behilflich.<\/p>\n<p><strong>Tourismusinformationen<\/strong><br \/>\nSaalfeld-Information Tel.: 03671-522181<br \/>\nP\u00f6\u00dfneck Tel.: 03647-412295 und -504769<br \/>\nZiegenr\u00fcck Tel.: 036483-22649<br \/>\nSaalfelder Feengrotten und Tourismus GmbH Tel.: 03671-55040<\/p>\n<p><strong>Friseur<\/strong><br \/>\nHaarstudio Simone H\u00f6hn, Friedrich-Ebert-Str. 19; Tel.: 036732-22231<br \/>\nFischer, Kamsdorf, Karl-Marx-Platz 25; Tel.: 03671-648138<\/p>\n<p><strong>Fr\u00fchst\u00fcck<\/strong><br \/>\nMontag bis Sonntag: 08.00 Uhr bis 10.00 Uhr<br \/>\nFalls Sie fr\u00fcher fr\u00fchst\u00fccken m\u00f6chten, wenden Sie sich bitte an unsere Rezeption.<br \/>\nDen Eingang zu unserem Fr\u00fchst\u00fccksraum finden Sie im Restaurant, links neben dem Tresen.<\/p>\n<p><strong>Gep\u00e4ck<\/strong><br \/>\nWir sind Ihnen selbstverst\u00e4ndlich beim Gep\u00e4cktransport behilflich.<br \/>\nBitte wenden Sie sich an unser Servicepersonal.<\/p>\n<p><strong>Getr\u00e4nke<\/strong><br \/>\nErhalten Sie im Restaurant.<\/p>\n<p><strong>Gutscheine<\/strong><br \/>\nGerne erstellen wir Ihnen einen Gutschein nach Wunsch.<br \/>\nBitte wenden Sie sich an unser Servicepersonal.<\/p>\n<p><strong>Haartrockner<\/strong><br \/>\nSiehe F\u00f6hn<\/p>\n<p><strong>Hunde &amp; Haustiere<\/strong><br \/>\nAuf Anfrage<\/p>\n<p><strong>Informationen<\/strong><br \/>\n\u00fcber die Urlaubsregion am Th\u00fcringer Meer, Freizeitm\u00f6glichkeiten, Sehensw\u00fcrdigkeiten, Bus- und Bahnverbindungen und vieles mehr erhalten Sie von unserem Servicepersonal.<\/p>\n<p><strong>Internetzugang<\/strong><br \/>\nEin Internetzugang f\u00fcr die G\u00e4ste steht bislang aus technischen Gr\u00fcnden noch nicht zur Verf\u00fcgung.<\/p>\n<p><strong>Kinder<\/strong><br \/>\nsind bei uns herzlich willkommen:<br \/>\nKinder bis 4 Jahre frei<br \/>\nKinder\/Jugendliche bis 17 Jahre erm\u00e4\u00dfigt<\/p>\n<p><strong>Konferenzen<\/strong><br \/>\nGern erm\u00f6glichen wir Ihnen in unserem Haus die Durchf\u00fchrung von Tagungen, Seminaren und Konferenzen \u2013 je nach Bestuhlung f\u00fcr eine Teilnehmerzahl bis maximal 30 Personen.<\/p>\n<p><strong>Kreditkarten<\/strong><br \/>\nSiehe \u201eZahlungsm\u00f6glichkeiten\u201c<\/p>\n<p><strong>Mietwagen<\/strong><br \/>\nAutovermietung D. Zahl, Na\u00df\u00e4ckerstrasse 29, 07381 P\u00f6\u00dfneck, Tel.: 03647-418963<br \/>\nSIXT, Paul-Auerbach-Str. 9, 07318 Saalfeld, Tel.: 01806-252525<br \/>\nEUROPCAR, Mittlerer Watzenbach 2, 07318 Saalfeld, Tel.: 03671-555006<br \/>\nAVIS-Partnerbetrieb Autop Schwarza, Werner- Seelenbinder Str. 2a, 07407 Rudolstadt, Tel.: 03672-48080400<\/p>\n<p><strong>Museen<\/strong><br \/>\nSiehe \u201eFreizeit\u201c<\/p>\n<p><strong>Notausg\u00e4nge und Fluchtwege<\/strong><br \/>\nEinen entsprechenden Aushang finden Sie in Ihrem Zimmer.<\/p>\n<p><strong>Nottelefon<\/strong><br \/>\nHerr Kullmann; Tel.: 0171\u20139596808<br \/>\nNotruf: 03671\u20139900<br \/>\nPolizei: 110<br \/>\nFeuerwehr: 112<\/p>\n<p><strong>\u00d6ffentliche Verkehrsmittel<\/strong><br \/>\nAnreisende mit dem Bus k\u00f6nnen die \u00f6ffentlichen Haltestellen in Hohenwarte und Bucha nutzen. Bitte informieren Sie sich vor Reiseantritt \u00fcber die jeweiligen Fahrzeiten und den ggf. erforderlichen Transfer zum Waldhotel.<br \/>\nFahrplanauskunft der KomBus: Tel.: 0180-3337287 oder 03671-525190<br \/>\nBahnanbindung: siehe \u201eZugverbindung\u201c<\/p>\n<p><strong>\u00d6ffnungszeiten<\/strong><br \/>\nUnser Hotel und Restaurant ist t\u00e4glich f\u00fcr Sie ge\u00f6ffnet:<br \/>\nMontag bis Donnerstag: von 11.30\u201320.00 Uhr<br \/>\nFreitag und Samstag: 11.30\u201321.00 Uhr<br \/>\nSonntag: 11.30\u201320.00 Uhr<br \/>\nUnsere \u00d6ffnungszeiten werden entsprechend den Erfordernissen angeglichen.<br \/>\nZimmerbezug: Siehe \u201eAn- bzw. Abreise\u201c<\/p>\n<p><strong>Parken<\/strong><br \/>\n\u00d6ffentliche Parkfl\u00e4chen am Hotel.<\/p>\n<p><strong>Problem<\/strong><br \/>\nWir m\u00f6chten es gerne wissen, wenn f\u00fcr Sie in unserem Hotel ein Problem entsteht.<br \/>\nUnser Servicepersonal hat ein offenes Ohr f\u00fcr Ihre Anliegen.<\/p>\n<p><strong>Radfahren<\/strong><br \/>\nUnser Waldhotel am Stausee in Bucha ist der ideale Ausgangsort f\u00fcr Ihre Radtouren am Th\u00fcringer Meer.<br \/>\nEntdecken Sie die malerische Naturlandschaft des Hohenwarte Stausees, die vertr\u00e4umten D\u00f6rfer der idyllisch gelegenen Orlasenke und die vielf\u00e4ltigen Sehensw\u00fcrdigkeiten entlang des Saaletals bis hin zur Stadt Saalfeld.<br \/>\nAls offizielle Pedelec-Verleihstation bieten wir Ihnen durch den Verleih von Elektrofahrr\u00e4dern eine Erleichterung f\u00fcr anspruchsvolle Touren. Au\u00dferdem halten wir selbstverst\u00e4ndlich attraktive Tourenvorschl\u00e4ge f\u00fcr Ihre Rad-Ausfl\u00fcge in unserer Urlaubsregion f\u00fcr Sie bereit. Mit kurzen Einsteiger-Touren, sportlichen Erlebnis-Touren, bis hin zu den gro\u00dfen Entdecker-Touren ist hier f\u00fcr jeden etwas dabei!<\/p>\n<p><strong>Radio<\/strong><br \/>\nSiehe \u201eFernsehger\u00e4t\u201c<\/p>\n<p><strong>Rauchen<\/strong><br \/>\nsiehe auch \u201eZigaretten\u201c<br \/>\nBitte beachten Sie: All unsere Zimmer im Haupthaus und in den Chalets sind Nichtraucherzimmer! Sie befinden sich in unmittelbare Waldlage, inmitten des Naturparks Th\u00fcringer Schiefergebirge\/ Obere Saale. Rauchen ist aus Gr\u00fcnden des Brandschutzes nur im Au\u00dfenbereich des Hotels gestattet. Bitte nutzen Sie den Standaschenbecher am Haupteingang des Haupthauses.<br \/>\nBei Verst\u00f6\u00dfen sehen wir uns gezwungen, Sie entsprechend in die Haftung zu nehmen bzw. zus\u00e4tzliche Reinigungskosten zu veranschlagen.<\/p>\n<p><strong>Regenschirmverleih<\/strong><br \/>\nRegenschirme k\u00f6nnen an der Rezeption kostenfrei geliehen werden.<br \/>\nVor allem von unseren Wanderg\u00e4sten k\u00f6nnen an der Rezeption auch einfache Regenponchos erworben werden. Bitte wenden Sie sich an unser Servicepersonal.<\/p>\n<p><strong>Reinigung<\/strong><br \/>\nSiehe \u201eSchuhe\u201c bzw. \u201eW\u00e4scheservice\u201c<\/p>\n<p><strong>Restaurant<\/strong><br \/>\nSiehe auch \u201e\u00d6ffnungszeiten\u201c<br \/>\nIn unserer gem\u00fctlichen Gaststube bieten wir Ihnen neben hausgemachten Th\u00fcringer Kl\u00f6\u00dfen und einer gutb\u00fcrgerlichen Th\u00fcringer K\u00fcche auch andere kulinarische Gen\u00fcsse und Spezialit\u00e4ten.<br \/>\nAusgesuchte Weine, ein frisch gezapftes P\u00f6\u00dfnecker Rosenpils und vielf\u00e4ltige andere Getr\u00e4nke erg\u00e4nzen unser reichhaltiges Angebot.<br \/>\nBei Kaffee und Kuchen k\u00f6nnen Sie zu allen Jahreszeiten die fantastische Aussicht auf den Stausee genie\u00dfen.<br \/>\nIm Winter werden Sie den anheimelnden Charme des Kachelofens in unserer gem\u00fctlichen Gaststube zu sch\u00e4tzen wissen.<\/p>\n<p><strong>Safe<\/strong><br \/>\nGerne nehmen wir Ihre Wertsachen kostenfrei in Verwahrung.<br \/>\nWenden Sie sich bitte an die Rezeption.<\/p>\n<p><strong>Schl\u00fcssel<\/strong><br \/>\nKann an der Rezeption abgegeben werden. Bei R\u00fcckkehr nach 20:00 Uhr Schl\u00fcssel bitte mitnehmen.<\/p>\n<p><strong>Schuhe<\/strong><br \/>\nVor allem f\u00fcr unsere Wanderg\u00e4ste steht an der Rezeption ein \u201eSchuhputzset\u201c zur Ausleihe bereit. Bitte wenden Sie sich hierf\u00fcr an unser Servicepersonal.<\/p>\n<p><strong>Sehensw\u00fcrdigkeiten<\/strong><br \/>\nSiehe \u201eFreizeit\u201c<\/p>\n<p><strong>Stadtrundfahrten Saalfeld<\/strong><br \/>\n\u00fcber das Saalfelder Fremdenverkehrsamt: Tel.: 03671-33950<\/p>\n<p><strong>Stellplatz<\/strong><br \/>\nInformationen finden Sie unter Parken.<\/p>\n<p><strong>Sonnen-\/Restaurant-Terrasse<\/strong><br \/>\n\u00dcber unser Restaurant gelangen Sie auf unsere Restaurantterrasse, von wo aus Sie einen einmaligen Ausblick auf den Stausee Hohenwarte genie\u00dfen k\u00f6nnen.<\/p>\n<p><strong>Stromspannung<\/strong><br \/>\nSiehe \u201eElektrizit\u00e4t\u201c<\/p>\n<p><strong>Supermarkt<\/strong><br \/>\nEs stehen Ihnen u.a. Einkaufsm\u00f6glichkeiten in Unterwellenborn, Saalfeld, Kr\u00f6lpa, P\u00f6\u00dfneck, Kaulsdorf und Kamsdorf zur Verf\u00fcgung.<\/p>\n<p><strong>Tagungen<\/strong><br \/>\nSiehe \u201eKonferenzen\u201c<\/p>\n<p><strong>Tanken<\/strong><br \/>\nTankstellen finden Sie u.a. in Kamsdorf, Unterwellenborn, Saalfeld, P\u00f6\u00dfneck und Kaulsdorf<\/p>\n<p><strong>Taxi<\/strong><br \/>\nFunk-Taxi: 03671-511115<\/p>\n<p><strong>Telefon<\/strong><br \/>\nDirektwahltelefon: Einheit 0,20 \u20ac<br \/>\nW\u00e4hlen Sie bitte eine \u201c0\u201d f\u00fcr Amt vor die Vorwahl<br \/>\nIhre pers\u00f6nliche Einwahl f\u00fcr Zimmer: 036732-36<\/p>\n<p><strong>Telefax<\/strong><br \/>\n\u00dcber die Rezeption k\u00f6nnen Sie sowohl Telefaxe empfangen als auch absenden. Unsere Telefax-Nr. ist 036732-36403<br \/>\nEmpfangene Faxe werden mit 0,30 \u20ac\/Blatt berechnet.<br \/>\nBitte wenden Sie sich an unser Servicepersonal.<\/p>\n<p><strong>Terrasse<\/strong><br \/>\nSiehe \u201eSonnen-\/ Restaurant-Terrasse\u201c<\/p>\n<p><strong>Theater<\/strong><br \/>\nTh\u00fcringer Landestheater Rudolstadt: Tel. 03672-422766<br \/>\nB\u00fchnen der Stadt Gera: Tel. 0365-82790<\/p>\n<p><strong>Tourismus<\/strong><br \/>\nSiehe Fremdenverkehrsamt<\/p>\n<p><strong>Umweltschutz<\/strong><br \/>\nWir hoffen, Umweltschutz ist nicht nur f\u00fcr uns selbstverst\u00e4ndlich!<br \/>\nBitte bedenken Sie: Sie verbringen Ihren Aufenthalt im Naturpark Th\u00fcringer Schiefergebirge\/ Obere Saale.<\/p>\n<p><strong>Veranstaltungen<\/strong><br \/>\n\u00dcber die Veranstaltungskalender unserer Landkreise bzw. des Naturparks Th\u00fcringer Schiefergebirge\/Obere Saale k\u00f6nnen Sie sich online \u00fcber die aktuellen Events in unserer Region informieren:<br \/>\n&#8211; <a href=\"http:\/\/www.saale-orla-kreis.de\/sok\/content\/14\/20070220151818.asp\">www.saale-orla-kreis.de<\/a><br \/>\n&#8211; <a href=\"http:\/\/www.saale-orla-erlebnissommer.de\">www.saale-orla-erlebnissommer.de<\/a><br \/>\n&#8211; <a href=\"http:\/\/www.thueringer-schiefergebirge-obere-saale.de\/Veranstaltungen\/\">www.thueringer-schiefergebirge-obere-saale.de\/Veranstaltungen\/<\/a><\/p>\n<p><strong>Wandern<\/strong><br \/>\nMit attraktiven regionalen und \u00fcberregionalen Wanderwegen erwartet Sie bei uns ein umfangreiches Freizeitangebot f\u00fcr Wanderer, Erholungssuchende und Sportbegeisterte.<br \/>\nAls wanderfreundlicher Gastbetrieb und zertifizierter Qualit\u00e4tsgastgeber \u201eWanderbares Deutschland\u201c haben wir uns verpflichtet, den Bed\u00fcrfnissen und Anforderungen unserer wandernden G\u00e4ste gerecht zu werden. Deshalb bieten wir Ihnen in unserem Haus neben der komfortablen Ausstattung unserer Zimmer auch eine vielf\u00e4ltige und gesunde Verpflegung mit regionalen Produkten an. Unsere umfangreichen Serviceleistungen, wie das Bereithalten einer Wander-Apotheke, ein W\u00e4sche-Service, der G\u00e4ste- und Gep\u00e4cktransfer und ein Trockenraum f\u00fcr Wanderbekleidung, erg\u00e4nzen unser Angebot. Au\u00dferdem geben wir Ihnen gern zu aktuellen Wanderinformationen, Tourenvorschl\u00e4gen, lokalen Sehensw\u00fcrdigkeiten, Wetterinformationen sowie gef\u00fchrten Wanderungen und Vortr\u00e4gen \u00fcber die Region Auskunft.<\/p>\n<p><strong>W\u00e4scheservice<\/strong><br \/>\nBitte wenden Sie sich an unser Servicepersonal. Preise werden nach Menge berechnet.<\/p>\n<p><strong>Weckruf<\/strong><br \/>\nBitte wenden Sie sich an unser Servicepersonal. Unsere Empfangsmitarbeiter sind immer bem\u00fcht Ihre Weckauftr\u00e4ge korrekt auszuf\u00fchren. Leider k\u00f6nnen wir jedoch technische und menschliche Fehler nicht v\u00f6llig ausschlie\u00dfen und bitten daher um Ihr Verst\u00e4ndnis, dass wir bei \u201eWeckpannen\u201c keine Haftung f\u00fcr eventuelle Ausf\u00e4lle Ihrerseits \u00fcbernehmen k\u00f6nnen und keine Regressanspr\u00fcche gestellt werden k\u00f6nnen.<\/p>\n<p><strong>Wellness<\/strong><br \/>\nFolgende Sauna- und Wellnessleistungen bieten wir Ihnen gegen Geb\u00fchr &amp; bei Voranmeldung an:<\/p>\n<ul>\n<li>Nutzung des hauseigenen Sauna- und Wellnessbereiches und der Infrarotkabine<\/li>\n<li>Kohlens\u00e4ureanwendung im trockenen Kohlens\u00e4urebad<\/li>\n<\/ul>\n<p>Au\u00dferdem stehen Ihnen folgende Wellness- und Massageangebote nach vorheriger Anmeldung zur Verf\u00fcgung:<\/p>\n<ul>\n<li>Schulter-Nacken-Massage<\/li>\n<li>R\u00fcckenmassage<\/li>\n<li>Massage mit Aroma-\u00d6l<\/li>\n<li>Hot-Stone-Entspannungsmassage<\/li>\n<li>Massage nach hhp\u2013professionell (medizinisch angewandt in Wissenschaft und Sportmedizin)<\/li>\n<li>Reiki-Anwendungen<\/li>\n<\/ul>\n<p><strong>WLAN<\/strong><br \/>\nWLAN liegt in unserem Haus leider nicht an.<\/p>\n<p><strong>Zahlungsm\u00f6glichkeiten<\/strong><br \/>\nEC-Karte, Master Card, VISA und Barzahlung.<\/p>\n<p><strong>Zeitungen<\/strong><br \/>\nRegionale Tageszeitungen liegen im Restaurant aus.<\/p>\n<p><strong>Zigaretten<\/strong><br \/>\nSiehe auch \u201eRauchen\u201c<\/p>\n<p><strong>Zugverbindungen<\/strong><br \/>\nEs stehen Ihnen die Bahnanbindungen in den St\u00e4dten Saalfeld und P\u00f6\u00dfneck zur Verf\u00fcgung. Von dort aus bieten wir Ihnen, nach vorheriger Absprache, gern einen Transfer zu unserem Haus an.<br \/>\nReiseauskunft der Deutschen Bahn: Tel.: 0180-6996633 oder www.bahn.de<\/p>\n","protected":false},"excerpt":{"rendered":"<p>Anreise Am Anreisevag k\u00f6nnen Sie ab 15.00 Uhr einchecken. Abreise Bis 10:00 Uhr. Sollten Sie Ihr Zimmer l\u00e4nger ben\u00f6tigen, wenden Sie sich bitte an die Rezeption. Apotheke Schlossberg-Apotheke, K\u00f6nitz, Friedrich-Ebert-Str. 15; Tel.: 036732-22216 Saale-Apotheke, Kaulsdorf, K\u00f6nitzer Stra\u00dfe ; Tel.: 036733-22291 Bei kleineren Blessuren steht Ihnen unsere \u201eWanderer-Apotheke\u201c an der Rezeption zur Verf\u00fcgung. Arzt Frau Dr. [&hellip;]<\/p>\n","protected":false},"author":2,"featured_media":0,"parent":11,"menu_order":0,"comment_status":"closed","ping_status":"closed","template":"","meta":{"footnotes":""},"_links":{"self":[{"href":"https:\/\/waldhotel-am-stausee.de\/hohenwarte\/wp-json\/wp\/v2\/pages\/538"}],"collection":[{"href":"https:\/\/waldhotel-am-stausee.de\/hohenwarte\/wp-json\/wp\/v2\/pages"}],"about":[{"href":"https:\/\/waldhotel-am-stausee.de\/hohenwarte\/wp-json\/wp\/v2\/types\/page"}],"author":[{"embeddable":true,"href":"https:\/\/waldhotel-am-stausee.de\/hohenwarte\/wp-json\/wp\/v2\/users\/2"}],"replies":[{"embeddable":true,"href":"https:\/\/waldhotel-am-stausee.de\/hohenwarte\/wp-json\/wp\/v2\/comments?post=538"}],"version-history":[{"count":13,"href":"https:\/\/waldhotel-am-stausee.de\/hohenwarte\/wp-json\/wp\/v2\/pages\/538\/revisions"}],"predecessor-version":[{"id":1395,"href":"https:\/\/waldhotel-am-stausee.de\/hohenwarte\/wp-json\/wp\/v2\/pages\/538\/revisions\/1395"}],"up":[{"embeddable":true,"href":"https:\/\/waldhotel-am-stausee.de\/hohenwarte\/wp-json\/wp\/v2\/pages\/11"}],"wp:attachment":[{"href":"https:\/\/waldhotel-am-stausee.de\/hohenwarte\/wp-json\/wp\/v2\/media?parent=538"}],"curies":[{"name":"wp","href":"https:\/\/api.w.org\/{rel}","templated":true}]}}