{"id":42,"date":"2014-01-28T10:50:40","date_gmt":"2014-01-28T08:50:40","guid":{"rendered":"http:\/\/waldhotel-am-stausee.de\/hohenwarte\/?page_id=42"},"modified":"2014-08-06T13:57:29","modified_gmt":"2014-08-06T11:57:29","slug":"veranstaltungen","status":"publish","type":"page","link":"https:\/\/waldhotel-am-stausee.de\/hohenwarte\/aktiv-sein\/veranstaltungen\/","title":{"rendered":"Veranstaltungen"},"content":{"rendered":"<p>Erleben Sie die kulturelle Vielfalt des Rennsteig Saalelandes und unserer Urlaubsregion am &#8222;Th\u00fcringer Meer&#8220;!<br \/>\nMit Konzerten, Festen, Messen, Ausstellungen, Festivals und diversen sportlichen Veranstaltungen erwartet Sie ein reichhaltiges Veranstaltungsangebot f\u00fcr Jung und Alt. Die prall gef\u00fcllten Veranstaltungskalender des Landkreises Saalfeld-Rudolstadt, des Saale-Orla-Kreises sowie unseres Naturparks Th\u00fcringer Schiefergebirge\/ Obere Saale informieren Sie ganzj\u00e4hrig \u00fcber die Event-Angebote sowie k\u00fcnstlerischen H\u00f6hepunkte unserer Region und verschaffen Ihnen einen Eindruck von den beeindruckenden Unterhaltungsmomenten auf gro\u00dfen und kleinen B\u00fchnen sowie unter freiem Himmel.<\/p>\n<p><a href=\"http:\/\/www.saale-orla-kreis.de\/sok\/content\/14\/20070220151818.asp\" target=\"_blank\">Zum Veranstaltungskalender Saale-Orla-Kreis<\/a><\/p>\n<div class=\"advanced-slider slider-pro\" id=\"slider-pro-14\" tabindex=\"0\" style=\"width: 750px; height: 650px;\">\n\t<div class=\"slides\">\n\t\t<div class=\"slide\" data-image=\"https:\/\/waldhotel-am-stausee.de\/hohenwarte\/wp-content\/uploads\/2014\/01\/Veranst.-SOK-1.jpg\">\n\t\t\t<img decoding=\"async\" class=\"image\" src=\"https:\/\/waldhotel-am-stausee.de\/hohenwarte\/wp-content\/plugins\/slider-pro\/css\/images\/blank.gif\" alt=\"\" title=\"Veranst.-SOK-1\"\/>\n\t\t<\/div>\n\t\t<div class=\"slide\" data-image=\"https:\/\/waldhotel-am-stausee.de\/hohenwarte\/wp-content\/uploads\/2014\/01\/Veranst.-SOK-2.jpg\">\n\t\t\t<img decoding=\"async\" class=\"image\" src=\"https:\/\/waldhotel-am-stausee.de\/hohenwarte\/wp-content\/plugins\/slider-pro\/css\/images\/blank.gif\" alt=\"\" title=\"Veranst.-SOK-2\"\/>\n\t\t<\/div>\n\t\t<div class=\"slide\" data-image=\"https:\/\/waldhotel-am-stausee.de\/hohenwarte\/wp-content\/uploads\/2014\/01\/Veranst.-SOK-31.jpg\">\n\t\t\t<img decoding=\"async\" class=\"image\" src=\"https:\/\/waldhotel-am-stausee.de\/hohenwarte\/wp-content\/plugins\/slider-pro\/css\/images\/blank.gif\" alt=\"\" title=\"Veranst.-SOK-3\"\/>\n\t\t<\/div>\n\t\t<div class=\"slide\" data-image=\"https:\/\/waldhotel-am-stausee.de\/hohenwarte\/wp-content\/uploads\/2014\/01\/Veranst.-SOK-4.jpg\">\n\t\t\t<img decoding=\"async\" class=\"image\" src=\"https:\/\/waldhotel-am-stausee.de\/hohenwarte\/wp-content\/plugins\/slider-pro\/css\/images\/blank.gif\" alt=\"\" title=\"Veranst.-SOK-4\"\/>\n\t\t<\/div>\n\t\t<div class=\"slide\" data-image=\"https:\/\/waldhotel-am-stausee.de\/hohenwarte\/wp-content\/uploads\/2014\/01\/Veranst.-SOK-5.jpg\">\n\t\t\t<img decoding=\"async\" class=\"image\" src=\"https:\/\/waldhotel-am-stausee.de\/hohenwarte\/wp-content\/plugins\/slider-pro\/css\/images\/blank.gif\" alt=\"\" title=\"Veranst.-SOK-5\"\/>\n\t\t<\/div>\n\t<\/div>\n<\/div>\n\n\n<p>&nbsp;<\/p>\n<p><a href=\"http:\/\/www.sa-ru.de\/%28S%28im3pns4ses41lajzakgb5pvh%29%29\/list.aspx?th=ku.5\" target=\"_blank\">Zum Veranstaltungskalender Landkreis Saalfeld-Rudolstadt<\/a><\/p>\n<div class=\"advanced-slider slider-pro\" id=\"slider-pro-15\" tabindex=\"0\" style=\"width: 750px; height: 650px;\">\n\t<div class=\"slides\">\n\t\t<div class=\"slide\" data-image=\"https:\/\/waldhotel-am-stausee.de\/hohenwarte\/wp-content\/uploads\/2014\/01\/Veranst.-SLF-1.jpg\">\n\t\t\t<img decoding=\"async\" class=\"image\" src=\"https:\/\/waldhotel-am-stausee.de\/hohenwarte\/wp-content\/plugins\/slider-pro\/css\/images\/blank.gif\" alt=\"\" title=\"Veranst.-SLF-1\"\/>\n\t\t<\/div>\n\t\t<div class=\"slide\" data-image=\"https:\/\/waldhotel-am-stausee.de\/hohenwarte\/wp-content\/uploads\/2014\/01\/Veranst.-SLF-2.jpg\">\n\t\t\t<img decoding=\"async\" class=\"image\" src=\"https:\/\/waldhotel-am-stausee.de\/hohenwarte\/wp-content\/plugins\/slider-pro\/css\/images\/blank.gif\" alt=\"\" title=\"Veranst.-SLF-2\"\/>\n\t\t<\/div>\n\t\t<div class=\"slide\" data-image=\"https:\/\/waldhotel-am-stausee.de\/hohenwarte\/wp-content\/uploads\/2014\/01\/Veranst.-SLF-3.jpg\">\n\t\t\t<img decoding=\"async\" class=\"image\" src=\"https:\/\/waldhotel-am-stausee.de\/hohenwarte\/wp-content\/plugins\/slider-pro\/css\/images\/blank.gif\" alt=\"\" title=\"Veranst.-SLF-3\"\/>\n\t\t<\/div>\n\t<\/div>\n<\/div>\n\n\n<p>&nbsp;<\/p>\n<p><a href=\"http:\/\/www.thueringer-schiefergebirge-obere-saale.de\/Veranstaltungen\/\" target=\"_blank\">Zum Veranstaltungskalender Naturpark Th\u00fcringer Schiefergebirge\/ Obere Saale<\/a><\/p>\n<div class=\"advanced-slider slider-pro\" id=\"slider-pro-16\" tabindex=\"0\" style=\"width: 750px; height: 650px;\">\n\t<div class=\"slides\">\n\t\t<div class=\"slide\" data-image=\"https:\/\/waldhotel-am-stausee.de\/hohenwarte\/wp-content\/uploads\/2014\/01\/Veranst.-NP-1.jpg\">\n\t\t\t<img decoding=\"async\" class=\"image\" src=\"https:\/\/waldhotel-am-stausee.de\/hohenwarte\/wp-content\/plugins\/slider-pro\/css\/images\/blank.gif\" alt=\"\" title=\"Veranst.-NP-1\"\/>\n\t\t<\/div>\n\t\t<div class=\"slide\" data-image=\"https:\/\/waldhotel-am-stausee.de\/hohenwarte\/wp-content\/uploads\/2014\/01\/Veranst.-NP-2.jpg\">\n\t\t\t<img decoding=\"async\" class=\"image\" src=\"https:\/\/waldhotel-am-stausee.de\/hohenwarte\/wp-content\/plugins\/slider-pro\/css\/images\/blank.gif\" alt=\"\" title=\"Veranst.-NP-2\"\/>\n\t\t<\/div>\n\t\t<div class=\"slide\" data-image=\"https:\/\/waldhotel-am-stausee.de\/hohenwarte\/wp-content\/uploads\/2014\/01\/Veranst.-NP-3.jpg\">\n\t\t\t<img decoding=\"async\" class=\"image\" src=\"https:\/\/waldhotel-am-stausee.de\/hohenwarte\/wp-content\/plugins\/slider-pro\/css\/images\/blank.gif\" alt=\"\" title=\"Veranst.-NP-3\"\/>\n\t\t<\/div>\n\t<\/div>\n<\/div>\n\n\n","protected":false},"excerpt":{"rendered":"<p>Erleben Sie die kulturelle Vielfalt des Rennsteig Saalelandes und unserer Urlaubsregion am &#8222;Th\u00fcringer Meer&#8220;! Mit Konzerten, Festen, Messen, Ausstellungen, Festivals und diversen sportlichen Veranstaltungen erwartet Sie ein reichhaltiges Veranstaltungsangebot f\u00fcr Jung und Alt. Die prall gef\u00fcllten Veranstaltungskalender des Landkreises Saalfeld-Rudolstadt, des Saale-Orla-Kreises sowie unseres Naturparks Th\u00fcringer Schiefergebirge\/ Obere Saale informieren Sie ganzj\u00e4hrig \u00fcber die Event-Angebote [&hellip;]<\/p>\n","protected":false},"author":1,"featured_media":0,"parent":32,"menu_order":0,"comment_status":"closed","ping_status":"closed","template":"","meta":{"footnotes":""},"_links":{"self":[{"href":"https:\/\/waldhotel-am-stausee.de\/hohenwarte\/wp-json\/wp\/v2\/pages\/42"}],"collection":[{"href":"https:\/\/waldhotel-am-stausee.de\/hohenwarte\/wp-json\/wp\/v2\/pages"}],"about":[{"href":"https:\/\/waldhotel-am-stausee.de\/hohenwarte\/wp-json\/wp\/v2\/types\/page"}],"author":[{"embeddable":true,"href":"https:\/\/waldhotel-am-stausee.de\/hohenwarte\/wp-json\/wp\/v2\/users\/1"}],"replies":[{"embeddable":true,"href":"https:\/\/waldhotel-am-stausee.de\/hohenwarte\/wp-json\/wp\/v2\/comments?post=42"}],"version-history":[{"count":10,"href":"https:\/\/waldhotel-am-stausee.de\/hohenwarte\/wp-json\/wp\/v2\/pages\/42\/revisions"}],"predecessor-version":[{"id":675,"href":"https:\/\/waldhotel-am-stausee.de\/hohenwarte\/wp-json\/wp\/v2\/pages\/42\/revisions\/675"}],"up":[{"embeddable":true,"href":"https:\/\/waldhotel-am-stausee.de\/hohenwarte\/wp-json\/wp\/v2\/pages\/32"}],"wp:attachment":[{"href":"https:\/\/waldhotel-am-stausee.de\/hohenwarte\/wp-json\/wp\/v2\/media?parent=42"}],"curies":[{"name":"wp","href":"https:\/\/api.w.org\/{rel}","templated":true}]}}