{"id":38,"date":"2014-01-28T10:49:52","date_gmt":"2014-01-28T08:49:52","guid":{"rendered":"http:\/\/waldhotel-am-stausee.de\/hohenwarte\/?page_id=38"},"modified":"2017-09-17T17:05:26","modified_gmt":"2017-09-17T15:05:26","slug":"wassertourismus","status":"publish","type":"page","link":"https:\/\/waldhotel-am-stausee.de\/hohenwarte\/aktiv-sein\/wassertourismus\/","title":{"rendered":"Wassertourismus"},"content":{"rendered":"<p>Entdecken Sie das &#8222;Th\u00fcringer Meer&#8220; mit seinen idyllischen Buchten, fjord\u00e4hnlichen Flusslandschaften und emporsteigenden Felsw\u00e4nden.<br \/>\nBestaunen Sie bei einer Fahrt mit dem Fahrgastschiff traumhafte Sehensw\u00fcrdigkeiten rund um die Stauseen und nutzen Sie die vielf\u00e4ltigen Wassersportangebote wie Tauchen, Segeln, Wasserski, Wakeboarden, Kanufahren, Angeln und vieles mehr. Wundersch\u00f6ne Badestellen laden zu einer k\u00fchlen Erfrischung ein und an zahlreichen Bootsverleihstationen finden Sie garantiert das passende Wassergef\u00e4hrt f\u00fcr Ihre Erkundungstour.<\/p>\n<p>&nbsp;<\/p>\n<h3>Badestellen<\/h3>\n<p>Genie\u00dfen Sie hei\u00dfe Sommertage am &#8222;Th\u00fcringer Meer&#8220;<br \/>\nEinen \u00dcberblick \u00fcber die attraktiven Badestellen in unserer Region finden Sie <a href=\"http:\/\/www.rennsteigsaaleland.de\/wasserspa%C3%9F-am-th%C3%BCringer-meer\/badestellen\/badestellen-am-hohenwarte-stausee\/\" target=\"_blank\" rel=\"noopener\">hier<\/a>.<\/p>\n<div class=\"advanced-slider slider-pro\" id=\"slider-pro-8\" tabindex=\"0\" style=\"width: 750px; height: 650px;\">\n\t<div class=\"slides\">\n\t\t<div class=\"slide\" data-image=\"https:\/\/waldhotel-am-stausee.de\/hohenwarte\/wp-content\/uploads\/2014\/01\/Baden-1.jpg\">\n\t\t\t<img decoding=\"async\" class=\"image\" src=\"https:\/\/waldhotel-am-stausee.de\/hohenwarte\/wp-content\/plugins\/slider-pro\/css\/images\/blank.gif\" alt=\"\" title=\"Baden-1\"\/>\n\t\t<\/div>\n\t\t<div class=\"slide\" data-image=\"https:\/\/waldhotel-am-stausee.de\/hohenwarte\/wp-content\/uploads\/2014\/01\/Baden-2.jpg\">\n\t\t\t<img decoding=\"async\" class=\"image\" src=\"https:\/\/waldhotel-am-stausee.de\/hohenwarte\/wp-content\/plugins\/slider-pro\/css\/images\/blank.gif\" alt=\"\" title=\"Baden-2\"\/>\n\t\t<\/div>\n\t<\/div>\n<\/div>\n\n\n<h3><\/h3>\n<h3><\/h3>\n<h3><\/h3>\n<h3><\/h3>\n<h3>Schifffahrt, Boote &amp; F\u00e4hre<\/h3>\n<p>Einen \u00dcberblick \u00fcber die Bootsverleiher in unserer Region finden Sie <a href=\"http:\/\/www.rennsteigsaaleland.de\/wasserspa%C3%9F-am-th%C3%BCringer-meer\/bootsverleih\/verleihstationen-am-hohenwarte-stausee\/\" target=\"_blank\" rel=\"noopener\">hier<\/a>.<br \/>\nWeitere Informationen zu Schiffahrt und F\u00e4hre finden Sie <a href=\"http:\/\/www.rennsteigsaaleland.de\/wasserspa%C3%9F-am-th%C3%BCringer-meer\/unterwegs-mit-schiff-f%C3%A4hre\/\" target=\"_blank\" rel=\"noopener\">hier<\/a>.<\/p>\n<div class=\"advanced-slider slider-pro\" id=\"slider-pro-9\" tabindex=\"0\" style=\"width: 750px; height: 650px;\">\n\t<div class=\"slides\">\n\t\t<div class=\"slide\" data-image=\"https:\/\/waldhotel-am-stausee.de\/hohenwarte\/wp-content\/uploads\/2014\/01\/Schifffahrt-Boote-1.jpg\">\n\t\t\t<img decoding=\"async\" class=\"image\" src=\"https:\/\/waldhotel-am-stausee.de\/hohenwarte\/wp-content\/plugins\/slider-pro\/css\/images\/blank.gif\" alt=\"\" title=\"Schifffahrt-Boote-1\"\/>\n\t\t\t<img decoding=\"async\" class=\"thumbnail\" src=\"https:\/\/waldhotel-am-stausee.de\/hohenwarte\/wp-content\/plugins\/slider-pro\/includes\/timthumb\/timthumb.php?q=95&amp;w=80&amp;h=50&amp;a=c&amp;zc=1&amp;src=https:\/\/waldhotel-am-stausee.de\/hohenwarte\/wp-content\/uploads\/2014\/01\/Schifffahrt-Boote-1.jpg\" alt=\"\"\/>\n\t\t<\/div>\n\t\t<div class=\"slide\" data-image=\"https:\/\/waldhotel-am-stausee.de\/hohenwarte\/wp-content\/uploads\/2014\/01\/Schifffahrt-Boote-2.jpg\">\n\t\t\t<img decoding=\"async\" class=\"image\" src=\"https:\/\/waldhotel-am-stausee.de\/hohenwarte\/wp-content\/plugins\/slider-pro\/css\/images\/blank.gif\" alt=\"\" title=\"Schifffahrt-Boote-2\"\/>\n\t\t\t<img decoding=\"async\" class=\"thumbnail\" src=\"https:\/\/waldhotel-am-stausee.de\/hohenwarte\/wp-content\/plugins\/slider-pro\/includes\/timthumb\/timthumb.php?q=95&amp;w=80&amp;h=50&amp;a=c&amp;zc=1&amp;src=https:\/\/waldhotel-am-stausee.de\/hohenwarte\/wp-content\/uploads\/2014\/01\/Schifffahrt-Boote-2.jpg\" alt=\"\"\/>\n\t\t<\/div>\n\t\t<div class=\"slide\" data-image=\"https:\/\/waldhotel-am-stausee.de\/hohenwarte\/wp-content\/uploads\/2014\/01\/Schifffahrt-Boote-3.jpg\">\n\t\t\t<img decoding=\"async\" class=\"image\" src=\"https:\/\/waldhotel-am-stausee.de\/hohenwarte\/wp-content\/plugins\/slider-pro\/css\/images\/blank.gif\" alt=\"\" title=\"Schifffahrt-Boote-3\"\/>\n\t\t\t<img decoding=\"async\" class=\"thumbnail\" src=\"https:\/\/waldhotel-am-stausee.de\/hohenwarte\/wp-content\/plugins\/slider-pro\/includes\/timthumb\/timthumb.php?q=95&amp;w=80&amp;h=50&amp;a=c&amp;zc=1&amp;src=https:\/\/waldhotel-am-stausee.de\/hohenwarte\/wp-content\/uploads\/2014\/01\/Schifffahrt-Boote-3.jpg\" alt=\"\"\/>\n\t\t<\/div>\n\t\t<div class=\"slide\" data-image=\"https:\/\/waldhotel-am-stausee.de\/hohenwarte\/wp-content\/uploads\/2014\/01\/Schifffahrt-Boote-4.jpg\">\n\t\t\t<img decoding=\"async\" class=\"image\" src=\"https:\/\/waldhotel-am-stausee.de\/hohenwarte\/wp-content\/plugins\/slider-pro\/css\/images\/blank.gif\" alt=\"\" title=\"Schifffahrt-Boote-4\"\/>\n\t\t\t<img decoding=\"async\" class=\"thumbnail\" src=\"https:\/\/waldhotel-am-stausee.de\/hohenwarte\/wp-content\/plugins\/slider-pro\/includes\/timthumb\/timthumb.php?q=95&amp;w=80&amp;h=50&amp;a=c&amp;zc=1&amp;src=https:\/\/waldhotel-am-stausee.de\/hohenwarte\/wp-content\/uploads\/2014\/01\/Schifffahrt-Boote-4.jpg\" alt=\"\"\/>\n\t\t<\/div>\n\t\t<div class=\"slide\" data-image=\"https:\/\/waldhotel-am-stausee.de\/hohenwarte\/wp-content\/uploads\/2014\/01\/Schifffahrt-Boote-5.jpg\">\n\t\t\t<img decoding=\"async\" class=\"image\" src=\"https:\/\/waldhotel-am-stausee.de\/hohenwarte\/wp-content\/plugins\/slider-pro\/css\/images\/blank.gif\" alt=\"\" title=\"Schifffahrt-Boote-5\"\/>\n\t\t\t<img decoding=\"async\" class=\"thumbnail\" src=\"https:\/\/waldhotel-am-stausee.de\/hohenwarte\/wp-content\/plugins\/slider-pro\/includes\/timthumb\/timthumb.php?q=95&amp;w=80&amp;h=50&amp;a=c&amp;zc=1&amp;src=https:\/\/waldhotel-am-stausee.de\/hohenwarte\/wp-content\/uploads\/2014\/01\/Schifffahrt-Boote-5.jpg\" alt=\"\"\/>\n\t\t<\/div>\n\t\t<div class=\"slide\" data-image=\"https:\/\/waldhotel-am-stausee.de\/hohenwarte\/wp-content\/uploads\/2014\/01\/Schifffahrt-Boote-6.jpg\">\n\t\t\t<img decoding=\"async\" class=\"image\" src=\"https:\/\/waldhotel-am-stausee.de\/hohenwarte\/wp-content\/plugins\/slider-pro\/css\/images\/blank.gif\" alt=\"\" title=\"Schifffahrt-Boote-6\"\/>\n\t\t\t<img decoding=\"async\" class=\"thumbnail\" src=\"https:\/\/waldhotel-am-stausee.de\/hohenwarte\/wp-content\/plugins\/slider-pro\/includes\/timthumb\/timthumb.php?q=95&amp;w=80&amp;h=50&amp;a=c&amp;zc=1&amp;src=https:\/\/waldhotel-am-stausee.de\/hohenwarte\/wp-content\/uploads\/2014\/01\/Schifffahrt-Boote-6.jpg\" alt=\"\"\/>\n\t\t<\/div>\n\t\t<div class=\"slide\" data-image=\"https:\/\/waldhotel-am-stausee.de\/hohenwarte\/wp-content\/uploads\/2014\/01\/Schifffahrt-Boote-7.jpg\">\n\t\t\t<img decoding=\"async\" class=\"image\" src=\"https:\/\/waldhotel-am-stausee.de\/hohenwarte\/wp-content\/plugins\/slider-pro\/css\/images\/blank.gif\" alt=\"\" title=\"Schifffahrt-Boote-7\"\/>\n\t\t\t<img decoding=\"async\" class=\"thumbnail\" src=\"https:\/\/waldhotel-am-stausee.de\/hohenwarte\/wp-content\/plugins\/slider-pro\/includes\/timthumb\/timthumb.php?q=95&amp;w=80&amp;h=50&amp;a=c&amp;zc=1&amp;src=https:\/\/waldhotel-am-stausee.de\/hohenwarte\/wp-content\/uploads\/2014\/01\/Schifffahrt-Boote-7.jpg\" alt=\"\"\/>\n\t\t<\/div>\n\t<\/div>\n<\/div>\n\n\n<h3>Wassersport<\/h3>\n<p>Einen \u00dcberblick \u00fcber die Wassersportangebote in unserer Region finden Sie <a href=\"http:\/\/www.rennsteigsaaleland.de\/wasserspa%C3%9F-am-th%C3%BCringer-meer\/wassersport\/\" target=\"_blank\" rel=\"noopener\">hier<\/a>.<\/p>\n<div class=\"advanced-slider slider-pro\" id=\"slider-pro-10\" tabindex=\"0\" style=\"width: 750px; height: 650px;\">\n\t<div class=\"slides\">\n\t\t<div class=\"slide\" data-image=\"https:\/\/waldhotel-am-stausee.de\/hohenwarte\/wp-content\/uploads\/2014\/01\/Wassersport-1.jpg\">\n\t\t\t<img decoding=\"async\" class=\"image\" src=\"https:\/\/waldhotel-am-stausee.de\/hohenwarte\/wp-content\/plugins\/slider-pro\/css\/images\/blank.gif\" alt=\"\" title=\"Wassersport-1\"\/>\n\t\t<\/div>\n\t\t<div class=\"slide\" data-image=\"https:\/\/waldhotel-am-stausee.de\/hohenwarte\/wp-content\/uploads\/2014\/01\/Wassersport-2.jpg\">\n\t\t\t<img decoding=\"async\" class=\"image\" src=\"https:\/\/waldhotel-am-stausee.de\/hohenwarte\/wp-content\/plugins\/slider-pro\/css\/images\/blank.gif\" alt=\"\" title=\"Wassersport-2\"\/>\n\t\t<\/div>\n\t\t<div class=\"slide\" data-image=\"https:\/\/waldhotel-am-stausee.de\/hohenwarte\/wp-content\/uploads\/2014\/01\/Wassersport-31.jpg\">\n\t\t\t<img decoding=\"async\" class=\"image\" src=\"https:\/\/waldhotel-am-stausee.de\/hohenwarte\/wp-content\/plugins\/slider-pro\/css\/images\/blank.gif\" alt=\"\" title=\"Wassersport-3\"\/>\n\t\t<\/div>\n\t<\/div>\n<\/div>\n\n\n<h3>Angeln<\/h3>\n<p>Mit den beiden gro\u00dfen Saale-Talsperren, Bleichloch und Hohenwarte, bildet das &#8222;Th\u00fcringer Meer&#8220; ein wahres Anglerparadies. F\u00fcr Angelscheine wenden Sie sich an:<\/p>\n<table style=\"height: 212px;\" width=\"722\">\n<tbody>\n<tr>\n<td width=\"230\">Angelh\u00fctte<br \/>\nPre\u00dfwitzer Str. 18<br \/>\n07338 Hohenwarte<br \/>\nTel.: 036733-22304<br \/>\nFax: 036733-23234<br \/>\nE-Mail:<br \/>\n<a href=\"mailto:info@angelhuette.de\">info@angelhuette.de<\/a><br \/>\nInternet:<br \/>\n<a href=\"http:\/\/www.angelhuette.de\" target=\"_blank\" rel=\"noopener\">www.angelhuette.de<\/a><\/td>\n<td width=\"230\">Naturcamping Plothental<br \/>\nPlothental 9<br \/>\n07924 Ziegenr\u00fcck<br \/>\nTel.: 0176-81027290<br \/>\nFax: 036483-20895<br \/>\nE-Mail:<br \/>\n<a href=\"mailto:info@naturcamping-plothental.de\">info@naturcamping-plothental.de<\/a><br \/>\nInternet:<br \/>\n<a href=\"http:\/\/www.naturcamping-plothental.de\" target=\"_blank\" rel=\"noopener\">www.naturcamping-plothental.de<\/a><\/td>\n<\/tr>\n<\/tbody>\n<\/table>\n<div class=\"advanced-slider slider-pro\" id=\"slider-pro-11\" tabindex=\"0\" style=\"width: 750px; height: 650px;\">\n\t<div class=\"slides\">\n\t\t<div class=\"slide\" data-image=\"https:\/\/waldhotel-am-stausee.de\/hohenwarte\/wp-content\/uploads\/2014\/01\/Angeln-1.jpg\">\n\t\t\t<img decoding=\"async\" class=\"image\" src=\"https:\/\/waldhotel-am-stausee.de\/hohenwarte\/wp-content\/plugins\/slider-pro\/css\/images\/blank.gif\" alt=\"\" title=\"Angeln-1\"\/>\n\t\t<\/div>\n\t\t<div class=\"slide\" data-image=\"https:\/\/waldhotel-am-stausee.de\/hohenwarte\/wp-content\/uploads\/2014\/01\/Angeln-2.jpg\">\n\t\t\t<img decoding=\"async\" class=\"image\" src=\"https:\/\/waldhotel-am-stausee.de\/hohenwarte\/wp-content\/plugins\/slider-pro\/css\/images\/blank.gif\" alt=\"\" title=\"Angeln-2\"\/>\n\t\t<\/div>\n\t<\/div>\n<\/div>\n\n\n","protected":false},"excerpt":{"rendered":"<p>Entdecken Sie das &#8222;Th\u00fcringer Meer&#8220; mit seinen idyllischen Buchten, fjord\u00e4hnlichen Flusslandschaften und emporsteigenden Felsw\u00e4nden. Bestaunen Sie bei einer Fahrt mit dem Fahrgastschiff traumhafte Sehensw\u00fcrdigkeiten rund um die Stauseen und nutzen Sie die vielf\u00e4ltigen Wassersportangebote wie Tauchen, Segeln, Wasserski, Wakeboarden, Kanufahren, Angeln und vieles mehr. Wundersch\u00f6ne Badestellen laden zu einer k\u00fchlen Erfrischung ein und an zahlreichen [&hellip;]<\/p>\n","protected":false},"author":1,"featured_media":0,"parent":32,"menu_order":0,"comment_status":"closed","ping_status":"closed","template":"","meta":{"footnotes":""},"_links":{"self":[{"href":"https:\/\/waldhotel-am-stausee.de\/hohenwarte\/wp-json\/wp\/v2\/pages\/38"}],"collection":[{"href":"https:\/\/waldhotel-am-stausee.de\/hohenwarte\/wp-json\/wp\/v2\/pages"}],"about":[{"href":"https:\/\/waldhotel-am-stausee.de\/hohenwarte\/wp-json\/wp\/v2\/types\/page"}],"author":[{"embeddable":true,"href":"https:\/\/waldhotel-am-stausee.de\/hohenwarte\/wp-json\/wp\/v2\/users\/1"}],"replies":[{"embeddable":true,"href":"https:\/\/waldhotel-am-stausee.de\/hohenwarte\/wp-json\/wp\/v2\/comments?post=38"}],"version-history":[{"count":14,"href":"https:\/\/waldhotel-am-stausee.de\/hohenwarte\/wp-json\/wp\/v2\/pages\/38\/revisions"}],"predecessor-version":[{"id":1056,"href":"https:\/\/waldhotel-am-stausee.de\/hohenwarte\/wp-json\/wp\/v2\/pages\/38\/revisions\/1056"}],"up":[{"embeddable":true,"href":"https:\/\/waldhotel-am-stausee.de\/hohenwarte\/wp-json\/wp\/v2\/pages\/32"}],"wp:attachment":[{"href":"https:\/\/waldhotel-am-stausee.de\/hohenwarte\/wp-json\/wp\/v2\/media?parent=38"}],"curies":[{"name":"wp","href":"https:\/\/api.w.org\/{rel}","templated":true}]}}