{"id":36,"date":"2014-01-28T10:49:36","date_gmt":"2014-01-28T08:49:36","guid":{"rendered":"http:\/\/waldhotel-am-stausee.de\/hohenwarte\/?page_id=36"},"modified":"2022-05-05T11:34:49","modified_gmt":"2022-05-05T09:34:49","slug":"radfahren","status":"publish","type":"page","link":"https:\/\/waldhotel-am-stausee.de\/hohenwarte\/aktiv-sein\/radfahren\/","title":{"rendered":"Radfahren"},"content":{"rendered":"<h3>Saale-Radwanderweg<\/h3>\n<p>Mit 427 Kilometern L\u00e4nge verbindet der Saale-Radwanderweg, als einer der anspruchsvollsten Fluss-Radwege Deutschlands, von der Quelle bis zur M\u00fcndung der Saale die Bundesl\u00e4nder Bayern, Th\u00fcringen und Sachsen-Anhalt.<br \/>\nInmitten der einmaligen Naturlandschaften entlang der Saale, fahren Sie durch malerisches Gebiet und k\u00f6nnen so die vielf\u00e4ltigen Eindr\u00fccke von Flora und Fauna, Kunst, Geschichte und Kultur auf sich wirken lassen.<br \/>\nMit seinen zum Teil steilen Anstiegen im Oberlauf und der Talsperren-Region der Saale und den flachen familienfreundlichen Abschnitten ab Saalfeld, bietet der Weg, sowohl f\u00fcr Sportbegeisterte als auch f\u00fcr Familien und Freizeitfahrer, alles was das Radlerherz begehrt.<\/p>\n<div class=\"wc-gallery\"><div class='wcflexslider-container wc-gallery-bottomspace-default wc-gallery-clear'><div id='gallery-1' class='gallery wc-gallery-captions-onhover gallery-link-file wcflexslider wcsliderauto' data-gutter-width='5' data-columns='3' data-hide-controls='false'><ul class='slides'>\n\t\t\t\t<li class='gallery-item gallery-item-position-1 gallery-item-attachment-385 wcflex-slide-item'>\n\t\t\t\t\t<div class='gallery-icon landscape'>\n\t\t\t\t\t\t<a href=\"https:\/\/waldhotel-am-stausee.de\/hohenwarte\/wp-content\/uploads\/2014\/01\/Saale-Radwanderweg-1.jpg\" target=\"_self\"><img src='https:\/\/waldhotel-am-stausee.de\/hohenwarte\/wp-content\/uploads\/2014\/01\/Saale-Radwanderweg-1-300x225.jpg' width='300' height='225' alt='' \/><\/a>\n\t\t\t\t\t<\/div><\/li>\n\t\t\t\t<li class='gallery-item gallery-item-position-2 gallery-item-attachment-387 wcflex-slide-item'>\n\t\t\t\t\t<div class='gallery-icon landscape'>\n\t\t\t\t\t\t<a href=\"https:\/\/waldhotel-am-stausee.de\/hohenwarte\/wp-content\/uploads\/2014\/01\/Saale-Radwanderweg-2.jpg\" target=\"_self\"><img src='https:\/\/waldhotel-am-stausee.de\/hohenwarte\/wp-content\/uploads\/2014\/01\/Saale-Radwanderweg-2-300x225.jpg' width='300' height='225' alt='' \/><\/a>\n\t\t\t\t\t<\/div><\/li>\n\t\t\t\t<li class='gallery-item gallery-item-position-3 gallery-item-attachment-388 wcflex-slide-item'>\n\t\t\t\t\t<div class='gallery-icon landscape'>\n\t\t\t\t\t\t<a href=\"https:\/\/waldhotel-am-stausee.de\/hohenwarte\/wp-content\/uploads\/2014\/01\/Saale-Radwanderweg-3.jpg\" target=\"_self\"><img src='https:\/\/waldhotel-am-stausee.de\/hohenwarte\/wp-content\/uploads\/2014\/01\/Saale-Radwanderweg-3-300x300.jpg' width='300' height='300' alt='' \/><\/a>\n\t\t\t\t\t<\/div><\/li><\/ul><\/div>\n<\/div>\n<\/div>\n<p><a href=\"http:\/\/www.saale-radwanderweg.de\/\" target=\"_blank\" rel=\"noopener\">Weitere Informationen<\/a><\/p>\n<p>&nbsp;<\/p>\n<h3>Gef\u00fchrte Radtouren<\/h3>\n<p>Ideal f\u00fcr Firmen- und Gruppenausfl\u00fcge sind auch die gef\u00fchrten Radtouren in unserer Urlaubsregion.<br \/>\nUnter fachkundiger Anleitung der einzelnen touristischen Anbieter entdecken Sie die sch\u00f6nsten Ecken der Talsperren-Region an der Saale. Neben der sportlichen Herausforderung bieten sich Ihnen hierbei immer wieder traumhafte Einblicke in unsere regionalen Naturlandschaften. Die interessanten Aktivangebote unserer touristischen Akteure sorgen dabei f\u00fcr Spannung, Spa\u00df und Abenteuer!<br \/>\nBei Interesse stehen Ihnen unser Servicepersonal und die regionalen Anbieter gern bez\u00fcglich Ihre Fragen zur Verf\u00fcgung.<\/p>\n<p>&nbsp;<\/p>\n<p><a href=\"http:\/\/www.erlebnisradtouren-saaleland.de\/\" target=\"_blank\" rel=\"noopener\">Erlebnisradtouren Saaleland<\/a><\/p>\n<p><a href=\"http:\/\/www.erlebnisradtouren-saaleland.de\/\" target=\"_blank\" rel=\"noopener\"><img loading=\"lazy\" decoding=\"async\" class=\"alignnone size-medium wp-image-191\" src=\"https:\/\/waldhotel-am-stausee.de\/hohenwarte\/wp-content\/uploads\/2014\/04\/Erlebnisradtouren-Saaleland-300x123.png\" alt=\"Erlebnisradtouren Saaleland\" width=\"300\" height=\"123\" srcset=\"https:\/\/waldhotel-am-stausee.de\/hohenwarte\/wp-content\/uploads\/2014\/04\/Erlebnisradtouren-Saaleland-300x123.png 300w, https:\/\/waldhotel-am-stausee.de\/hohenwarte\/wp-content\/uploads\/2014\/04\/Erlebnisradtouren-Saaleland-1024x421.png 1024w, https:\/\/waldhotel-am-stausee.de\/hohenwarte\/wp-content\/uploads\/2014\/04\/Erlebnisradtouren-Saaleland.png 1700w\" sizes=\"(max-width: 300px) 100vw, 300px\" \/><\/a><\/p>\n<p>&nbsp;<\/p>\n<p><a href=\"http:\/\/www.mountainbike-touren-thueringen.de\/\" target=\"_blank\" rel=\"noopener\">Mountainbike-Touren-Th\u00fcringen<\/a><\/p>\n<p><a href=\"http:\/\/www.mountainbike-touren-thueringen.de\/\" target=\"_blank\" rel=\"noopener\"><img decoding=\"async\" class=\"alignnone wp-image-193\" src=\"https:\/\/waldhotel-am-stausee.de\/hohenwarte\/wp-content\/uploads\/2014\/04\/Mountainbiketouren-Thueringen.png\" alt=\"Mountainbiketouren Th\u00fcringen\" \/><\/a><\/p>\n<p>&nbsp;<\/p>\n<p><a href=\"http:\/\/www.radroutenplaner.thueringen.de\" target=\"_blank\" rel=\"noopener\">Radroutenplaner Th\u00fcringen<\/a><br \/>\n<a href=\"http:\/\/www.radroutenplaner.thueringen.de\"><img loading=\"lazy\" decoding=\"async\" class=\"alignnone size-medium wp-image-192\" src=\"https:\/\/waldhotel-am-stausee.de\/hohenwarte\/wp-content\/uploads\/2014\/04\/Logo_RRP-300x166.jpg\" alt=\"Logo_RRP\" width=\"300\" height=\"166\" srcset=\"https:\/\/waldhotel-am-stausee.de\/hohenwarte\/wp-content\/uploads\/2014\/04\/Logo_RRP-300x166.jpg 300w, https:\/\/waldhotel-am-stausee.de\/hohenwarte\/wp-content\/uploads\/2014\/04\/Logo_RRP-1024x569.jpg 1024w, https:\/\/waldhotel-am-stausee.de\/hohenwarte\/wp-content\/uploads\/2014\/04\/Logo_RRP.jpg 1681w\" sizes=\"(max-width: 300px) 100vw, 300px\" \/><\/a><\/p>\n","protected":false},"excerpt":{"rendered":"<p>Saale-Radwanderweg Mit 427 Kilometern L\u00e4nge verbindet der Saale-Radwanderweg, als einer der anspruchsvollsten Fluss-Radwege Deutschlands, von der Quelle bis zur M\u00fcndung der Saale die Bundesl\u00e4nder Bayern, Th\u00fcringen und Sachsen-Anhalt. Inmitten der einmaligen Naturlandschaften entlang der Saale, fahren Sie durch malerisches Gebiet und k\u00f6nnen so die vielf\u00e4ltigen Eindr\u00fccke von Flora und Fauna, Kunst, Geschichte und Kultur auf [&hellip;]<\/p>\n","protected":false},"author":1,"featured_media":0,"parent":32,"menu_order":0,"comment_status":"closed","ping_status":"closed","template":"","meta":{"footnotes":""},"_links":{"self":[{"href":"https:\/\/waldhotel-am-stausee.de\/hohenwarte\/wp-json\/wp\/v2\/pages\/36"}],"collection":[{"href":"https:\/\/waldhotel-am-stausee.de\/hohenwarte\/wp-json\/wp\/v2\/pages"}],"about":[{"href":"https:\/\/waldhotel-am-stausee.de\/hohenwarte\/wp-json\/wp\/v2\/types\/page"}],"author":[{"embeddable":true,"href":"https:\/\/waldhotel-am-stausee.de\/hohenwarte\/wp-json\/wp\/v2\/users\/1"}],"replies":[{"embeddable":true,"href":"https:\/\/waldhotel-am-stausee.de\/hohenwarte\/wp-json\/wp\/v2\/comments?post=36"}],"version-history":[{"count":22,"href":"https:\/\/waldhotel-am-stausee.de\/hohenwarte\/wp-json\/wp\/v2\/pages\/36\/revisions"}],"predecessor-version":[{"id":1522,"href":"https:\/\/waldhotel-am-stausee.de\/hohenwarte\/wp-json\/wp\/v2\/pages\/36\/revisions\/1522"}],"up":[{"embeddable":true,"href":"https:\/\/waldhotel-am-stausee.de\/hohenwarte\/wp-json\/wp\/v2\/pages\/32"}],"wp:attachment":[{"href":"https:\/\/waldhotel-am-stausee.de\/hohenwarte\/wp-json\/wp\/v2\/media?parent=36"}],"curies":[{"name":"wp","href":"https:\/\/api.w.org\/{rel}","templated":true}]}}