{"id":34,"date":"2014-01-28T10:49:14","date_gmt":"2014-01-28T08:49:14","guid":{"rendered":"http:\/\/waldhotel-am-stausee.de\/hohenwarte\/?page_id=34"},"modified":"2020-07-22T11:02:15","modified_gmt":"2020-07-22T09:02:15","slug":"wandern","status":"publish","type":"page","link":"https:\/\/waldhotel-am-stausee.de\/hohenwarte\/aktiv-sein\/wandern\/","title":{"rendered":"Wandern"},"content":{"rendered":"<p>Mit attraktiven regionalen und \u00fcberregionalen Wanderwegen erwartet Sie bei uns ein umfangreiches Freizeitangebot f\u00fcr Wanderer, Erholungssuchende und Sportbegeisterte. Dabei hat unsere Urlaubsregion am Hohenwarte Stausee, Deutschlands viertgr\u00f6\u00dfter Talsperre, mit herrlichen Aussichtspunkten, dichten Nadel- und Laubw\u00e4ldern und der einzigartigen fjord\u00e4hnlichen Stauseelandschaft, f\u00fcr Wanderfreunde und Natur- &amp; Aktivtouristen viel zu bieten.<\/p>\n<p>Als wanderfreundlicher Gastbetrieb haben wir uns verpflichtet, den Bed\u00fcrfnissen und Anforderungen unserer wandernden G\u00e4ste gerecht zu werden.<\/p>\n<p>Deshalb bieten wir Ihnen in unserem Haus neben der komfortablen Ausstattung unserer Zimmer auch eine vielf\u00e4ltige und gesunde Verpflegung mit regionalen Produkten an. Unsere umfangreichen Serviceleistungen, wie das Bereithalten einer Wander-Apotheke, ein W\u00e4sche-Service, der G\u00e4ste- und Gep\u00e4cktransfer und ein Trockenraum f\u00fcr Wanderbekleidung, erg\u00e4nzen unser Angebot. Au\u00dferdem geben wir Ihnen gern zu aktuellen Wanderinformationen, Tourenvorschl\u00e4gen, lokalen Sehensw\u00fcrdigkeiten, Wetterinformationen sowie gef\u00fchrten Wanderungen und Vortr\u00e4gen \u00fcber die Region Auskunft.<\/p>\n<p><a href=\"http:\/\/waldhotel-am-stausee.de\/hohenwarte\/wp-content\/uploads\/2014\/01\/gefuehrte-Wanderungen.jpg\"><img loading=\"lazy\" decoding=\"async\" class=\"alignnone size-full wp-image-368\" src=\"http:\/\/waldhotel-am-stausee.de\/hohenwarte\/wp-content\/uploads\/2014\/01\/gefuehrte-Wanderungen.jpg\" alt=\"gefuehrte-Wanderungen\" width=\"800\" height=\"800\" srcset=\"https:\/\/waldhotel-am-stausee.de\/hohenwarte\/wp-content\/uploads\/2014\/01\/gefuehrte-Wanderungen.jpg 800w, https:\/\/waldhotel-am-stausee.de\/hohenwarte\/wp-content\/uploads\/2014\/01\/gefuehrte-Wanderungen-150x150.jpg 150w, https:\/\/waldhotel-am-stausee.de\/hohenwarte\/wp-content\/uploads\/2014\/01\/gefuehrte-Wanderungen-300x300.jpg 300w\" sizes=\"(max-width: 800px) 100vw, 800px\" \/><\/a><\/p>\n<h3><a title=\"Hohenwarte Stausee Weg\" href=\"http:\/\/waldhotel-am-stausee.de\/hohenwarte\/aktiv-sein\/wandern\/hohenwarte-stausee-weg\/\">Hohenwarte Stausee Weg<\/a><\/h3>\n<p>Gehen Sie auf eine interessante Entdeckungsreise und erkunden Sie die einmalige Flora und Fauna rund um den Hohenwarte Stausee. Der 75 Kilometer lange, zertifizierte \u201eQualit\u00e4tsweg Wanderbares Deutschland\u201c entf\u00fchrt Sie in die vertr\u00e4umten D\u00f6rfer und die wildromantische Naturlandschaft am &#8222;Th\u00fcringer Meer&#8220;.<\/p>\n<p><a href=\"http:\/\/waldhotel-am-stausee.de\/hohenwarte\/wp-content\/uploads\/2014\/01\/Hohenwarte-Stausee-Weg.jpg\"><img loading=\"lazy\" decoding=\"async\" class=\"alignnone size-full wp-image-364\" src=\"http:\/\/waldhotel-am-stausee.de\/hohenwarte\/wp-content\/uploads\/2014\/01\/Hohenwarte-Stausee-Weg.jpg\" alt=\"Hohenwarte-Stausee-Weg\" width=\"800\" height=\"549\" srcset=\"https:\/\/waldhotel-am-stausee.de\/hohenwarte\/wp-content\/uploads\/2014\/01\/Hohenwarte-Stausee-Weg.jpg 800w, https:\/\/waldhotel-am-stausee.de\/hohenwarte\/wp-content\/uploads\/2014\/01\/Hohenwarte-Stausee-Weg-300x205.jpg 300w\" sizes=\"(max-width: 800px) 100vw, 800px\" \/><\/a><\/p>\n<h3><a title=\"Regionale Tourentipps\" href=\"http:\/\/waldhotel-am-stausee.de\/hohenwarte\/aktiv-sein\/wandern\/regionale-tourentipps\/\">Regionale Tourentipps<\/a><\/h3>\n<p>Als wanderfreundliche Unterkunft geben wir Ihnen gern individuelle Empfehlungen f\u00fcr Ihre Ausfl\u00fcge und regionalen Wandertouren rund um unser Waldhotel.<br \/>\nLassen Sie sich von unserem Servicepersonal beraten und nutzen Sie unsere eigens erstellten Tourentipps zum Thema Wandern.<\/p>\n<p><a href=\"http:\/\/waldhotel-am-stausee.de\/hohenwarte\/wp-content\/uploads\/2014\/08\/Tourentipps.jpg\"><img loading=\"lazy\" decoding=\"async\" class=\"alignnone wp-image-682 size-full\" src=\"http:\/\/waldhotel-am-stausee.de\/hohenwarte\/wp-content\/uploads\/2014\/08\/Tourentipps.jpg\" alt=\"\" width=\"824\" height=\"618\" srcset=\"https:\/\/waldhotel-am-stausee.de\/hohenwarte\/wp-content\/uploads\/2014\/08\/Tourentipps.jpg 824w, https:\/\/waldhotel-am-stausee.de\/hohenwarte\/wp-content\/uploads\/2014\/08\/Tourentipps-300x225.jpg 300w, https:\/\/waldhotel-am-stausee.de\/hohenwarte\/wp-content\/uploads\/2014\/08\/Tourentipps-250x187.jpg 250w, https:\/\/waldhotel-am-stausee.de\/hohenwarte\/wp-content\/uploads\/2014\/08\/Tourentipps-550x412.jpg 550w, https:\/\/waldhotel-am-stausee.de\/hohenwarte\/wp-content\/uploads\/2014\/08\/Tourentipps-800x600.jpg 800w, https:\/\/waldhotel-am-stausee.de\/hohenwarte\/wp-content\/uploads\/2014\/08\/Tourentipps-239x180.jpg 239w, https:\/\/waldhotel-am-stausee.de\/hohenwarte\/wp-content\/uploads\/2014\/08\/Tourentipps-400x300.jpg 400w, https:\/\/waldhotel-am-stausee.de\/hohenwarte\/wp-content\/uploads\/2014\/08\/Tourentipps-666x500.jpg 666w\" sizes=\"(max-width: 824px) 100vw, 824px\" \/><\/a><\/p>\n<h3><a title=\"Internationaler Bergwanderweg EB (Eisenach \u2013 Budapest)\" href=\"http:\/\/waldhotel-am-stausee.de\/hohenwarte\/aktiv-sein\/wandern\/internationaler-bergwanderweg-eb-eisenach-budapest\/\">Int. Berwanderweg EB<\/a><\/h3>\n<p>Der internationale Bergwanderweg EB ist identisch mit dem Europ\u00e4ischen Fernwanderweg E3 und f\u00fchrt Sie, auf \u00fcber 2000 Kilometern L\u00e4nge, von Eisenach bis nach Budapest. Dabei durchquert der Wanderweg u.a. auch das landschaftlich \u00fcberaus reizvolle Gebiet der beiden gro\u00dfen Saalestauseen Bleiloch und Hohenwarte.<\/p>\n<p><a href=\"http:\/\/waldhotel-am-stausee.de\/hohenwarte\/wp-content\/uploads\/2014\/08\/IntBergwanderwegEB.jpg\"><img loading=\"lazy\" decoding=\"async\" class=\"alignnone wp-image-683 size-full\" src=\"http:\/\/waldhotel-am-stausee.de\/hohenwarte\/wp-content\/uploads\/2014\/08\/IntBergwanderwegEB.jpg\" alt=\"\" width=\"824\" height=\"618\" srcset=\"https:\/\/waldhotel-am-stausee.de\/hohenwarte\/wp-content\/uploads\/2014\/08\/IntBergwanderwegEB.jpg 824w, https:\/\/waldhotel-am-stausee.de\/hohenwarte\/wp-content\/uploads\/2014\/08\/IntBergwanderwegEB-300x225.jpg 300w, https:\/\/waldhotel-am-stausee.de\/hohenwarte\/wp-content\/uploads\/2014\/08\/IntBergwanderwegEB-250x187.jpg 250w, https:\/\/waldhotel-am-stausee.de\/hohenwarte\/wp-content\/uploads\/2014\/08\/IntBergwanderwegEB-550x412.jpg 550w, https:\/\/waldhotel-am-stausee.de\/hohenwarte\/wp-content\/uploads\/2014\/08\/IntBergwanderwegEB-800x600.jpg 800w, https:\/\/waldhotel-am-stausee.de\/hohenwarte\/wp-content\/uploads\/2014\/08\/IntBergwanderwegEB-239x180.jpg 239w, https:\/\/waldhotel-am-stausee.de\/hohenwarte\/wp-content\/uploads\/2014\/08\/IntBergwanderwegEB-400x300.jpg 400w, https:\/\/waldhotel-am-stausee.de\/hohenwarte\/wp-content\/uploads\/2014\/08\/IntBergwanderwegEB-666x500.jpg 666w\" sizes=\"(max-width: 824px) 100vw, 824px\" \/><\/a><\/p>\n","protected":false},"excerpt":{"rendered":"<p>Mit attraktiven regionalen und \u00fcberregionalen Wanderwegen erwartet Sie bei uns ein umfangreiches Freizeitangebot f\u00fcr Wanderer, Erholungssuchende und Sportbegeisterte. Dabei hat unsere Urlaubsregion am Hohenwarte Stausee, Deutschlands viertgr\u00f6\u00dfter Talsperre, mit herrlichen Aussichtspunkten, dichten Nadel- und Laubw\u00e4ldern und der einzigartigen fjord\u00e4hnlichen Stauseelandschaft, f\u00fcr Wanderfreunde und Natur- &amp; Aktivtouristen viel zu bieten. Als wanderfreundlicher Gastbetrieb haben wir uns [&hellip;]<\/p>\n","protected":false},"author":1,"featured_media":0,"parent":32,"menu_order":0,"comment_status":"closed","ping_status":"closed","template":"","meta":{"footnotes":""},"_links":{"self":[{"href":"https:\/\/waldhotel-am-stausee.de\/hohenwarte\/wp-json\/wp\/v2\/pages\/34"}],"collection":[{"href":"https:\/\/waldhotel-am-stausee.de\/hohenwarte\/wp-json\/wp\/v2\/pages"}],"about":[{"href":"https:\/\/waldhotel-am-stausee.de\/hohenwarte\/wp-json\/wp\/v2\/types\/page"}],"author":[{"embeddable":true,"href":"https:\/\/waldhotel-am-stausee.de\/hohenwarte\/wp-json\/wp\/v2\/users\/1"}],"replies":[{"embeddable":true,"href":"https:\/\/waldhotel-am-stausee.de\/hohenwarte\/wp-json\/wp\/v2\/comments?post=34"}],"version-history":[{"count":10,"href":"https:\/\/waldhotel-am-stausee.de\/hohenwarte\/wp-json\/wp\/v2\/pages\/34\/revisions"}],"predecessor-version":[{"id":1364,"href":"https:\/\/waldhotel-am-stausee.de\/hohenwarte\/wp-json\/wp\/v2\/pages\/34\/revisions\/1364"}],"up":[{"embeddable":true,"href":"https:\/\/waldhotel-am-stausee.de\/hohenwarte\/wp-json\/wp\/v2\/pages\/32"}],"wp:attachment":[{"href":"https:\/\/waldhotel-am-stausee.de\/hohenwarte\/wp-json\/wp\/v2\/media?parent=34"}],"curies":[{"name":"wp","href":"https:\/\/api.w.org\/{rel}","templated":true}]}}