{"id":32,"date":"2014-01-28T10:48:57","date_gmt":"2014-01-28T08:48:57","guid":{"rendered":"http:\/\/waldhotel-am-stausee.de\/hohenwarte\/?page_id=32"},"modified":"2014-06-30T10:31:36","modified_gmt":"2014-06-30T08:31:36","slug":"aktiv-sein","status":"publish","type":"page","link":"https:\/\/waldhotel-am-stausee.de\/hohenwarte\/aktiv-sein\/","title":{"rendered":"Aktiv sein"},"content":{"rendered":"<p>Entdecken Sie die einmalige Naturlandschaft an Deutschlands viertgr\u00f6\u00dfter Talsperre, dem Hohenwarte Stausee, und lassen Sie sich von den vielf\u00e4ltigen Attraktionen und Freizeitm\u00f6glichkeiten unserer Urlaubsregion am Th\u00fcringer Meer begeistern.<\/p>\n<p>Ob Natur- &amp; Aktivangebot, Wellness und Entspannung, Wassersport oder Kunst und Kultur &#8211; bei uns gibt es viel zu entdecken. Bestaunen Sie historische Sehensw\u00fcrdigkeiten, architektonische Highlights, romantische Schl\u00f6sser und genie\u00dfen Sie wildromantische Naturlandschaft im Naturpark Th\u00fcringer Schiefergebirge\/ Obere Saale.<\/p>\n<p>Das Team vom Waldhotel am Stausee w\u00fcnscht Ihnen einen abwechslungsreichen und erholsamen Aufenthalt und freut sich auf Ihren Besuch!<\/p>\n<div class=\"advanced-slider slider-pro\" id=\"slider-pro-1\" tabindex=\"0\" style=\"width: 700px; height: 700px;\">\n\t<div class=\"slides\">\n\t\t<div class=\"slide\" data-image=\"https:\/\/waldhotel-am-stausee.de\/hohenwarte\/wp-content\/uploads\/2014\/01\/Aktiv-sein-21.jpg\">\n\t\t\t<img decoding=\"async\" class=\"image\" src=\"https:\/\/waldhotel-am-stausee.de\/hohenwarte\/wp-content\/plugins\/slider-pro\/css\/images\/blank.gif\" alt=\"\" title=\"Aktiv-sein-2\"\/>\n\t\t\t<img decoding=\"async\" class=\"thumbnail\" src=\"https:\/\/waldhotel-am-stausee.de\/hohenwarte\/wp-content\/plugins\/slider-pro\/includes\/timthumb\/timthumb.php?q=95&amp;w=80&amp;h=50&amp;a=c&amp;zc=1&amp;src=https:\/\/waldhotel-am-stausee.de\/hohenwarte\/wp-content\/uploads\/2014\/01\/Aktiv-sein-21.jpg\" alt=\"\"\/>\n\t\t<\/div>\n\t\t<div class=\"slide\" data-image=\"https:\/\/waldhotel-am-stausee.de\/hohenwarte\/wp-content\/uploads\/2014\/01\/Aktiv-sein-3.jpg\">\n\t\t\t<img decoding=\"async\" class=\"image\" src=\"https:\/\/waldhotel-am-stausee.de\/hohenwarte\/wp-content\/plugins\/slider-pro\/css\/images\/blank.gif\" alt=\"\" title=\"Aktiv-sein-3\"\/>\n\t\t\t<img decoding=\"async\" class=\"thumbnail\" src=\"https:\/\/waldhotel-am-stausee.de\/hohenwarte\/wp-content\/plugins\/slider-pro\/includes\/timthumb\/timthumb.php?q=95&amp;w=80&amp;h=50&amp;a=c&amp;zc=1&amp;src=https:\/\/waldhotel-am-stausee.de\/hohenwarte\/wp-content\/uploads\/2014\/01\/Aktiv-sein-3.jpg\" alt=\"\"\/>\n\t\t<\/div>\n\t\t<div class=\"slide\" data-image=\"https:\/\/waldhotel-am-stausee.de\/hohenwarte\/wp-content\/uploads\/2014\/01\/Aktiv-sein-4.jpg\">\n\t\t\t<img decoding=\"async\" class=\"image\" src=\"https:\/\/waldhotel-am-stausee.de\/hohenwarte\/wp-content\/plugins\/slider-pro\/css\/images\/blank.gif\" alt=\"\" title=\"Aktiv-sein-4\"\/>\n\t\t\t<img decoding=\"async\" class=\"thumbnail\" src=\"https:\/\/waldhotel-am-stausee.de\/hohenwarte\/wp-content\/plugins\/slider-pro\/includes\/timthumb\/timthumb.php?q=95&amp;w=80&amp;h=50&amp;a=c&amp;zc=1&amp;src=https:\/\/waldhotel-am-stausee.de\/hohenwarte\/wp-content\/uploads\/2014\/01\/Aktiv-sein-4.jpg\" alt=\"\"\/>\n\t\t<\/div>\n\t\t<div class=\"slide\" data-image=\"https:\/\/waldhotel-am-stausee.de\/hohenwarte\/wp-content\/uploads\/2014\/01\/Aktiv-sein-141.jpg\">\n\t\t\t<img decoding=\"async\" class=\"image\" src=\"https:\/\/waldhotel-am-stausee.de\/hohenwarte\/wp-content\/plugins\/slider-pro\/css\/images\/blank.gif\" alt=\"\" title=\"Aktiv-sein-14\"\/>\n\t\t\t<img decoding=\"async\" class=\"thumbnail\" src=\"https:\/\/waldhotel-am-stausee.de\/hohenwarte\/wp-content\/plugins\/slider-pro\/includes\/timthumb\/timthumb.php?q=95&amp;w=80&amp;h=50&amp;a=c&amp;zc=1&amp;src=https:\/\/waldhotel-am-stausee.de\/hohenwarte\/wp-content\/uploads\/2014\/01\/Aktiv-sein-141.jpg\" alt=\"\"\/>\n\t\t<\/div>\n\t\t<div class=\"slide\" data-image=\"https:\/\/waldhotel-am-stausee.de\/hohenwarte\/wp-content\/uploads\/2014\/01\/Aktiv-sein-13.jpg\">\n\t\t\t<img decoding=\"async\" class=\"image\" src=\"https:\/\/waldhotel-am-stausee.de\/hohenwarte\/wp-content\/plugins\/slider-pro\/css\/images\/blank.gif\" alt=\"\" title=\"Aktiv-sein-13\"\/>\n\t\t\t<img decoding=\"async\" class=\"thumbnail\" src=\"https:\/\/waldhotel-am-stausee.de\/hohenwarte\/wp-content\/plugins\/slider-pro\/includes\/timthumb\/timthumb.php?q=95&amp;w=80&amp;h=50&amp;a=c&amp;zc=1&amp;src=https:\/\/waldhotel-am-stausee.de\/hohenwarte\/wp-content\/uploads\/2014\/01\/Aktiv-sein-13.jpg\" alt=\"\"\/>\n\t\t<\/div>\n\t\t<div class=\"slide\" data-image=\"https:\/\/waldhotel-am-stausee.de\/hohenwarte\/wp-content\/uploads\/2014\/01\/Aktiv-sein-12.jpg\">\n\t\t\t<img decoding=\"async\" class=\"image\" src=\"https:\/\/waldhotel-am-stausee.de\/hohenwarte\/wp-content\/plugins\/slider-pro\/css\/images\/blank.gif\" alt=\"\" title=\"Aktiv-sein-12\"\/>\n\t\t\t<img decoding=\"async\" class=\"thumbnail\" src=\"https:\/\/waldhotel-am-stausee.de\/hohenwarte\/wp-content\/plugins\/slider-pro\/includes\/timthumb\/timthumb.php?q=95&amp;w=80&amp;h=50&amp;a=c&amp;zc=1&amp;src=https:\/\/waldhotel-am-stausee.de\/hohenwarte\/wp-content\/uploads\/2014\/01\/Aktiv-sein-12.jpg\" alt=\"\"\/>\n\t\t<\/div>\n\t\t<div class=\"slide\" data-image=\"https:\/\/waldhotel-am-stausee.de\/hohenwarte\/wp-content\/uploads\/2014\/01\/Aktiv-sein-111.jpg\">\n\t\t\t<img decoding=\"async\" class=\"image\" src=\"https:\/\/waldhotel-am-stausee.de\/hohenwarte\/wp-content\/plugins\/slider-pro\/css\/images\/blank.gif\" alt=\"\" title=\"Aktiv-sein-11\"\/>\n\t\t\t<img decoding=\"async\" class=\"thumbnail\" src=\"https:\/\/waldhotel-am-stausee.de\/hohenwarte\/wp-content\/plugins\/slider-pro\/includes\/timthumb\/timthumb.php?q=95&amp;w=80&amp;h=50&amp;a=c&amp;zc=1&amp;src=https:\/\/waldhotel-am-stausee.de\/hohenwarte\/wp-content\/uploads\/2014\/01\/Aktiv-sein-111.jpg\" alt=\"\"\/>\n\t\t<\/div>\n\t\t<div class=\"slide\" data-image=\"https:\/\/waldhotel-am-stausee.de\/hohenwarte\/wp-content\/uploads\/2014\/01\/Aktiv-sein-10.jpg\">\n\t\t\t<img decoding=\"async\" class=\"image\" src=\"https:\/\/waldhotel-am-stausee.de\/hohenwarte\/wp-content\/plugins\/slider-pro\/css\/images\/blank.gif\" alt=\"\" title=\"Aktiv-sein-10\"\/>\n\t\t\t<img decoding=\"async\" class=\"thumbnail\" src=\"https:\/\/waldhotel-am-stausee.de\/hohenwarte\/wp-content\/plugins\/slider-pro\/includes\/timthumb\/timthumb.php?q=95&amp;w=80&amp;h=50&amp;a=c&amp;zc=1&amp;src=https:\/\/waldhotel-am-stausee.de\/hohenwarte\/wp-content\/uploads\/2014\/01\/Aktiv-sein-10.jpg\" alt=\"\"\/>\n\t\t<\/div>\n\t\t<div class=\"slide\" data-image=\"https:\/\/waldhotel-am-stausee.de\/hohenwarte\/wp-content\/uploads\/2014\/01\/Aktiv-sein-9.jpg\">\n\t\t\t<img decoding=\"async\" class=\"image\" src=\"https:\/\/waldhotel-am-stausee.de\/hohenwarte\/wp-content\/plugins\/slider-pro\/css\/images\/blank.gif\" alt=\"\" title=\"Aktiv-sein-9\"\/>\n\t\t\t<img decoding=\"async\" class=\"thumbnail\" src=\"https:\/\/waldhotel-am-stausee.de\/hohenwarte\/wp-content\/plugins\/slider-pro\/includes\/timthumb\/timthumb.php?q=95&amp;w=80&amp;h=50&amp;a=c&amp;zc=1&amp;src=https:\/\/waldhotel-am-stausee.de\/hohenwarte\/wp-content\/uploads\/2014\/01\/Aktiv-sein-9.jpg\" alt=\"\"\/>\n\t\t<\/div>\n\t\t<div class=\"slide\" data-image=\"https:\/\/waldhotel-am-stausee.de\/hohenwarte\/wp-content\/uploads\/2014\/01\/Aktiv-sein-8.jpg\">\n\t\t\t<img decoding=\"async\" class=\"image\" src=\"https:\/\/waldhotel-am-stausee.de\/hohenwarte\/wp-content\/plugins\/slider-pro\/css\/images\/blank.gif\" alt=\"\" title=\"Aktiv-sein-8\"\/>\n\t\t\t<img decoding=\"async\" class=\"thumbnail\" src=\"https:\/\/waldhotel-am-stausee.de\/hohenwarte\/wp-content\/plugins\/slider-pro\/includes\/timthumb\/timthumb.php?q=95&amp;w=80&amp;h=50&amp;a=c&amp;zc=1&amp;src=https:\/\/waldhotel-am-stausee.de\/hohenwarte\/wp-content\/uploads\/2014\/01\/Aktiv-sein-8.jpg\" alt=\"\"\/>\n\t\t<\/div>\n\t\t<div class=\"slide\" data-image=\"https:\/\/waldhotel-am-stausee.de\/hohenwarte\/wp-content\/uploads\/2014\/01\/Aktiv-sein-7.jpg\">\n\t\t\t<img decoding=\"async\" class=\"image\" src=\"https:\/\/waldhotel-am-stausee.de\/hohenwarte\/wp-content\/plugins\/slider-pro\/css\/images\/blank.gif\" alt=\"\" title=\"Aktiv-sein-7\"\/>\n\t\t\t<img decoding=\"async\" class=\"thumbnail\" src=\"https:\/\/waldhotel-am-stausee.de\/hohenwarte\/wp-content\/plugins\/slider-pro\/includes\/timthumb\/timthumb.php?q=95&amp;w=80&amp;h=50&amp;a=c&amp;zc=1&amp;src=https:\/\/waldhotel-am-stausee.de\/hohenwarte\/wp-content\/uploads\/2014\/01\/Aktiv-sein-7.jpg\" alt=\"\"\/>\n\t\t<\/div>\n\t\t<div class=\"slide\" data-image=\"https:\/\/waldhotel-am-stausee.de\/hohenwarte\/wp-content\/uploads\/2014\/01\/Aktiv-sein-6.jpg\">\n\t\t\t<img decoding=\"async\" class=\"image\" src=\"https:\/\/waldhotel-am-stausee.de\/hohenwarte\/wp-content\/plugins\/slider-pro\/css\/images\/blank.gif\" alt=\"\" title=\"Aktiv-sein-6\"\/>\n\t\t\t<img decoding=\"async\" class=\"thumbnail\" src=\"https:\/\/waldhotel-am-stausee.de\/hohenwarte\/wp-content\/plugins\/slider-pro\/includes\/timthumb\/timthumb.php?q=95&amp;w=80&amp;h=50&amp;a=c&amp;zc=1&amp;src=https:\/\/waldhotel-am-stausee.de\/hohenwarte\/wp-content\/uploads\/2014\/01\/Aktiv-sein-6.jpg\" alt=\"\"\/>\n\t\t<\/div>\n\t\t<div class=\"slide\" data-image=\"https:\/\/waldhotel-am-stausee.de\/hohenwarte\/wp-content\/uploads\/2014\/01\/Aktiv-sein-5.jpg\">\n\t\t\t<img decoding=\"async\" class=\"image\" src=\"https:\/\/waldhotel-am-stausee.de\/hohenwarte\/wp-content\/plugins\/slider-pro\/css\/images\/blank.gif\" alt=\"\" title=\"Aktiv-sein-5\"\/>\n\t\t\t<img decoding=\"async\" class=\"thumbnail\" src=\"https:\/\/waldhotel-am-stausee.de\/hohenwarte\/wp-content\/plugins\/slider-pro\/includes\/timthumb\/timthumb.php?q=95&amp;w=80&amp;h=50&amp;a=c&amp;zc=1&amp;src=https:\/\/waldhotel-am-stausee.de\/hohenwarte\/wp-content\/uploads\/2014\/01\/Aktiv-sein-5.jpg\" alt=\"\"\/>\n\t\t<\/div>\n\t<\/div>\n<\/div>\n\n\n<p>&nbsp;<\/p>\n<ul>\n<li>\n<h3><a title=\"Wandern\" href=\"http:\/\/waldhotel-am-stausee.de\/hohenwarte\/aktiv-sein\/wandern\/\">Wandern<\/a><\/h3>\n<\/li>\n<li>\n<h3><a title=\"Radfahren\" href=\"http:\/\/waldhotel-am-stausee.de\/hohenwarte\/aktiv-sein\/radfahren\/\">Radfahren<\/a><\/h3>\n<\/li>\n<li>\n<h3><a title=\"Wassertourismus\" href=\"http:\/\/waldhotel-am-stausee.de\/hohenwarte\/aktiv-sein\/wassertourismus\/\">Wassertourismus<\/a><\/h3>\n<\/li>\n<li>\n<h3><a title=\"Attraktionen und Sehenswertes\" href=\"http:\/\/waldhotel-am-stausee.de\/hohenwarte\/aktiv-sein\/attraktionen-und-sehenswertes\/\">Attraktionen &amp; Sehenswertes<\/a><\/h3>\n<\/li>\n<li>\n<h3><a title=\"Veranstaltungen\" href=\"http:\/\/waldhotel-am-stausee.de\/hohenwarte\/aktiv-sein\/veranstaltungen\/\">Veranstaltungen<\/a><\/h3>\n<\/li>\n<\/ul>\n","protected":false},"excerpt":{"rendered":"<p>Entdecken Sie die einmalige Naturlandschaft an Deutschlands viertgr\u00f6\u00dfter Talsperre, dem Hohenwarte Stausee, und lassen Sie sich von den vielf\u00e4ltigen Attraktionen und Freizeitm\u00f6glichkeiten unserer Urlaubsregion am Th\u00fcringer Meer begeistern. Ob Natur- &amp; Aktivangebot, Wellness und Entspannung, Wassersport oder Kunst und Kultur &#8211; bei uns gibt es viel zu entdecken. Bestaunen Sie historische Sehensw\u00fcrdigkeiten, architektonische Highlights, romantische [&hellip;]<\/p>\n","protected":false},"author":1,"featured_media":0,"parent":0,"menu_order":0,"comment_status":"closed","ping_status":"closed","template":"","meta":{"footnotes":""},"_links":{"self":[{"href":"https:\/\/waldhotel-am-stausee.de\/hohenwarte\/wp-json\/wp\/v2\/pages\/32"}],"collection":[{"href":"https:\/\/waldhotel-am-stausee.de\/hohenwarte\/wp-json\/wp\/v2\/pages"}],"about":[{"href":"https:\/\/waldhotel-am-stausee.de\/hohenwarte\/wp-json\/wp\/v2\/types\/page"}],"author":[{"embeddable":true,"href":"https:\/\/waldhotel-am-stausee.de\/hohenwarte\/wp-json\/wp\/v2\/users\/1"}],"replies":[{"embeddable":true,"href":"https:\/\/waldhotel-am-stausee.de\/hohenwarte\/wp-json\/wp\/v2\/comments?post=32"}],"version-history":[{"count":12,"href":"https:\/\/waldhotel-am-stausee.de\/hohenwarte\/wp-json\/wp\/v2\/pages\/32\/revisions"}],"predecessor-version":[{"id":626,"href":"https:\/\/waldhotel-am-stausee.de\/hohenwarte\/wp-json\/wp\/v2\/pages\/32\/revisions\/626"}],"wp:attachment":[{"href":"https:\/\/waldhotel-am-stausee.de\/hohenwarte\/wp-json\/wp\/v2\/media?parent=32"}],"curies":[{"name":"wp","href":"https:\/\/api.w.org\/{rel}","templated":true}]}}