{"id":30,"date":"2014-01-28T10:48:46","date_gmt":"2014-01-28T08:48:46","guid":{"rendered":"http:\/\/waldhotel-am-stausee.de\/hohenwarte\/?page_id=30"},"modified":"2023-04-19T11:44:52","modified_gmt":"2023-04-19T09:44:52","slug":"preise","status":"publish","type":"page","link":"https:\/\/waldhotel-am-stausee.de\/hohenwarte\/unsere-angebote\/preise\/","title":{"rendered":"Unsere Preise"},"content":{"rendered":"<p>Bitte beachten Sie auch unsere Angebote und Arrangements in unserer Rubrik \u201e<a href=\"http:\/\/waldhotel-am-stausee.de\/hohenwarte\/category\/allgemein\/\"><span style=\"color: #ff9900;\">Aktuelles<\/span><\/a>\u201c.<\/p>\n<h4>Sauna- und Wellnessleistungen<\/h4>\n<p>S\u00e4mtliche Sauna- und Wellnessleistungen (siehe <a title=\"Wohlf\u00fchlen &amp; Entspannen\" href=\"http:\/\/waldhotel-am-stausee.de\/hohenwarte\/unsere-angebote\/wohlfuehlen-und-entspannen\/\">\u201eUnsere Angebote\/Wohlf\u00fchlen und Entspannen\u201c<\/a>) bieten wir Ihnen gegen Geb\u00fchr &amp; bei Voranmeldung an.<\/p>\n<h4>F\u00fcr Anfragen stehen wir Ihnen gern jederzeit zur Verf\u00fcgung.<\/h4>\n<h3>Unsere Preise<\/h3>\n<h4>Standard-Zimmer im Haupthaus<\/h4>\n<table style=\"width: 100%;\">\n<tbody>\n<tr>\n<td style=\"width: 70%;\"><strong>Einzelzimmer:<\/strong><\/td>\n<td style=\"width: 20%; text-align: right;\">75,00 \u20ac<\/td>\n<td style=\"width: 10%; text-align: left;\"><\/td>\n<\/tr>\n<tr>\n<td style=\"width: 70%;\"><strong>Doppelzimmer:<\/strong><\/td>\n<td style=\"width: 20%; text-align: right;\">63,00 \u20ac<\/td>\n<td style=\"width: 10%; text-align: left;\">p.P.<\/td>\n<\/tr>\n<\/tbody>\n<\/table>\n<h4>Standard-Zimmer im Haupthaus mit Seeblick<\/h4>\n<table style=\"width: 100%;\">\n<tbody>\n<tr>\n<td style=\"width: 70%;\">Einzelzimmer:<\/td>\n<td style=\"width: 20%; text-align: right;\">84,00 \u20ac<\/td>\n<td style=\"width: 10%; text-align: left;\"><\/td>\n<\/tr>\n<tr>\n<td style=\"width: 70%;\">Doppelzimmer:<\/td>\n<td style=\"width: 20%; text-align: right;\">65,00 \u20ac<\/td>\n<td style=\"width: 10%; text-align: left;\">p.P.<\/td>\n<\/tr>\n<tr>\n<td style=\"width: 70%;\">Komfort-Doppelzimmer:<\/td>\n<td style=\"width: 20%; text-align: right;\">74,00 \u20ac<\/td>\n<td style=\"width: 10%; text-align: left;\">p.P.<\/td>\n<\/tr>\n<\/tbody>\n<\/table>\n<h4>Standard-Zimmer im Chalet<\/h4>\n<table style=\"width: 100%;\">\n<tbody>\n<tr>\n<td style=\"width: 70%;\"><strong>Einzelzimmer:\u00a0 \u00a0<\/strong><\/td>\n<td style=\"width: 20%; text-align: right;\">\u00a065,00 \u20ac<\/td>\n<td style=\"width: 10%; text-align: left;\"><\/td>\n<\/tr>\n<tr>\n<td style=\"width: 70%;\"><strong>Doppelzimmer klein:<\/strong><\/td>\n<td style=\"width: 20%; text-align: right;\">\u00a054,00 \u20ac<\/td>\n<td style=\"width: 10%; text-align: left;\">p.P.<\/td>\n<\/tr>\n<tr>\n<td style=\"width: 70%;\"><strong>Doppelzimmer gro\u00df:<\/strong><\/td>\n<td style=\"width: 20%; text-align: right;\">59,00 \u20ac<\/td>\n<td style=\"width: 10%; text-align: left;\">p.P.<\/td>\n<\/tr>\n<\/tbody>\n<\/table>\n<ul>\n<li>Alle Preise sind inkl. Fr\u00fchst\u00fcck und der gesetzlichen Mehrwertsteuer.<\/li>\n<li>Kinder bis 4 Jahre frei<\/li>\n<li>Kinder bis 12 Jahre erhalten 50 % Erm\u00e4\u00dfigung<\/li>\n<li>Halbpensionszuschlag inkl. 3-Gang-Men\u00fc unter 3 \u00dcbernachtungen<br \/>\nf\u00fcr 28,00 \u20ac\/\u00dcbernachtung zubuchbar, f\u00fcr Kinder 15,00 \u20ac<\/li>\n<\/ul>\n<h4>Pauschalangebote im Chalet (Standard-Zimmer)<\/h4>\n<table style=\"width: 100%;\">\n<tbody>\n<tr>\n<td style=\"width: 17%; text-align: right;\">ab 3 x<\/td>\n<td style=\"width: 33%;\">\u00dcbernachtung inkl. Halbpension:<\/td>\n<td style=\"width: 40%; text-align: right;\">von 249,00 \u20ac bis 282,00 \u20ac<\/td>\n<td style=\"width: 10%; text-align: left;\">p.P.<\/td>\n<\/tr>\n<tr>\n<td style=\"width: 17%; text-align: right;\">ab 5 x<\/td>\n<td style=\"width: 33%;\">\u00dcbernachtung inkl. Halbpension:<\/td>\n<td style=\"width: 40%; text-align: right;\">von 415,00 \u20ac bis 465,00 \u20ac<\/td>\n<td style=\"width: 10%; text-align: left;\">p.P.<\/td>\n<\/tr>\n<tr>\n<td style=\"width: 17%; text-align: right;\">ab 7 x<\/td>\n<td style=\"width: 33%;\">\u00dcbernachtung inkl. Halbpension:<\/td>\n<td style=\"width: 40%; text-align: right;\">von 567,00 \u20ac bis 637,00\u00a0\u20ac<\/td>\n<td style=\"width: 10%; text-align: left;\">p.P.<\/td>\n<\/tr>\n<tr>\n<td style=\"width: 17%; text-align: right;\">ab 10 x<\/td>\n<td style=\"width: 33%;\">\u00dcbernachtung inkl. Halbpension:<\/td>\n<td style=\"width: 40%; text-align: right;\">von 790,00\u00a0\u20ac bis 890,00\u00a0\u20ac<\/td>\n<td style=\"width: 10%; text-align: left;\">p.P.<\/td>\n<\/tr>\n<\/tbody>\n<\/table>\n<h4>Pauschalangebote im Haupthaus (Standard-Zimmer)<\/h4>\n<table style=\"width: 100%;\">\n<tbody>\n<tr>\n<td style=\"width: 17%; text-align: right;\">ab 3 x<\/td>\n<td style=\"width: 33%;\">\u00dcbernachtung inkl. Halbpension:<\/td>\n<td style=\"width: 40%; text-align: right;\">von 276,00 \u20ac bis 300,00 \u20ac<\/td>\n<td style=\"width: 10%; text-align: left;\">p.P.<\/td>\n<\/tr>\n<tr>\n<td style=\"width: 17%; text-align: right;\">ab 5 x<\/td>\n<td style=\"width: 33%;\">\u00dcbernachtung inkl. Halbpension:<\/td>\n<td style=\"width: 40%; text-align: right;\">von 455,00 \u20ac bis 490,00 \u20ac<\/td>\n<td style=\"width: 10%; text-align: left;\">p.P.<\/td>\n<\/tr>\n<tr>\n<td style=\"width: 17%; text-align: right;\">ab 7 x<\/td>\n<td style=\"width: 33%;\">\u00dcbernachtung inkl. Halbpension:<\/td>\n<td style=\"width: 40%; text-align: right;\">von 609,00 \u20ac bis 686,00\u00a0\u20ac<\/td>\n<td style=\"width: 10%; text-align: left;\">p.P.<\/td>\n<\/tr>\n<tr>\n<td style=\"width: 17%; text-align: right;\">ab 10 x<\/td>\n<td style=\"width: 33%;\">\u00dcbernachtung inkl. Halbpension:<\/td>\n<td style=\"width: 40%; text-align: right;\">von 860,00\u00a0\u20ac bis 950,00\u00a0\u20ac<\/td>\n<td style=\"width: 10%; text-align: left;\">p.P.<\/td>\n<\/tr>\n<\/tbody>\n<\/table>\n<p>Telefon: 036732-363<br \/>\nFax: 036732-36403<br \/>\nE-Mail: <a href=\"mailto:info@waldhotel-am-stausee.de\">info@waldhotel-am-stausee.de<br \/>\n<\/a>oder benutzen Sie unser <a title=\"Buchungsanfrage\" href=\"http:\/\/waldhotel-am-stausee.de\/hohenwarte\/unsere-angebote\/buchungsanfrage\/\">Buchungsanfrage-Formular<\/a><\/p>\n<p>Preise g\u00fcltig ab 1.11.2022<\/p>\n","protected":false},"excerpt":{"rendered":"<p>Bitte beachten Sie auch unsere Angebote und Arrangements in unserer Rubrik \u201eAktuelles\u201c. Sauna- und Wellnessleistungen S\u00e4mtliche Sauna- und Wellnessleistungen (siehe \u201eUnsere Angebote\/Wohlf\u00fchlen und Entspannen\u201c) bieten wir Ihnen gegen Geb\u00fchr &amp; bei Voranmeldung an. F\u00fcr Anfragen stehen wir Ihnen gern jederzeit zur Verf\u00fcgung. Unsere Preise Standard-Zimmer im Haupthaus Einzelzimmer: 75,00 \u20ac Doppelzimmer: 63,00 \u20ac p.P. Standard-Zimmer [&hellip;]<\/p>\n","protected":false},"author":1,"featured_media":0,"parent":17,"menu_order":0,"comment_status":"closed","ping_status":"closed","template":"","meta":{"footnotes":""},"_links":{"self":[{"href":"https:\/\/waldhotel-am-stausee.de\/hohenwarte\/wp-json\/wp\/v2\/pages\/30"}],"collection":[{"href":"https:\/\/waldhotel-am-stausee.de\/hohenwarte\/wp-json\/wp\/v2\/pages"}],"about":[{"href":"https:\/\/waldhotel-am-stausee.de\/hohenwarte\/wp-json\/wp\/v2\/types\/page"}],"author":[{"embeddable":true,"href":"https:\/\/waldhotel-am-stausee.de\/hohenwarte\/wp-json\/wp\/v2\/users\/1"}],"replies":[{"embeddable":true,"href":"https:\/\/waldhotel-am-stausee.de\/hohenwarte\/wp-json\/wp\/v2\/comments?post=30"}],"version-history":[{"count":55,"href":"https:\/\/waldhotel-am-stausee.de\/hohenwarte\/wp-json\/wp\/v2\/pages\/30\/revisions"}],"predecessor-version":[{"id":1605,"href":"https:\/\/waldhotel-am-stausee.de\/hohenwarte\/wp-json\/wp\/v2\/pages\/30\/revisions\/1605"}],"up":[{"embeddable":true,"href":"https:\/\/waldhotel-am-stausee.de\/hohenwarte\/wp-json\/wp\/v2\/pages\/17"}],"wp:attachment":[{"href":"https:\/\/waldhotel-am-stausee.de\/hohenwarte\/wp-json\/wp\/v2\/media?parent=30"}],"curies":[{"name":"wp","href":"https:\/\/api.w.org\/{rel}","templated":true}]}}