{"id":28,"date":"2014-01-28T10:48:33","date_gmt":"2014-01-28T08:48:33","guid":{"rendered":"http:\/\/waldhotel-am-stausee.de\/hohenwarte\/?page_id=28"},"modified":"2017-10-17T10:55:26","modified_gmt":"2017-10-17T08:55:26","slug":"buchungsanfrage","status":"publish","type":"page","link":"https:\/\/waldhotel-am-stausee.de\/hohenwarte\/unsere-angebote\/buchungsanfrage\/","title":{"rendered":"Ihre Buchungsanfrage"},"content":{"rendered":"<p><em><b>Anmerkung:<\/b>\u00a0Mit dem Absenden des Formulars buchen Sie kein Zimmer, Sie t\u00e4tigen lediglich eine unverbindliche Anfrage. Erst nach R\u00fccksprache mit Ihnen erfolgt die endg\u00fcltige Buchung.<\/em><\/p>\n\n<div class=\"wpcf7 no-js\" id=\"wpcf7-f460-o1\" lang=\"de-DE\" dir=\"ltr\">\n<div class=\"screen-reader-response\"><p role=\"status\" aria-live=\"polite\" aria-atomic=\"true\"><\/p> <ul><\/ul><\/div>\n<form action=\"\/hohenwarte\/wp-json\/wp\/v2\/pages\/28#wpcf7-f460-o1\" method=\"post\" class=\"wpcf7-form init\" aria-label=\"Kontaktformular\" novalidate=\"novalidate\" data-status=\"init\">\n<div style=\"display: none;\">\n<input type=\"hidden\" name=\"_wpcf7\" value=\"460\" \/>\n<input type=\"hidden\" name=\"_wpcf7_version\" value=\"5.9.5\" \/>\n<input type=\"hidden\" name=\"_wpcf7_locale\" value=\"de_DE\" \/>\n<input type=\"hidden\" name=\"_wpcf7_unit_tag\" value=\"wpcf7-f460-o1\" \/>\n<input type=\"hidden\" name=\"_wpcf7_container_post\" value=\"0\" \/>\n<input type=\"hidden\" name=\"_wpcf7_posted_data_hash\" value=\"\" \/>\n<\/div>\n<p><span class=\"wpcf7-form-control-wrap\" data-name=\"anreise\"><input size=\"40\" class=\"wpcf7-form-control wpcf7-text wpcf7-validates-as-required\" aria-required=\"true\" aria-invalid=\"false\" value=\"\" type=\"text\" name=\"anreise\" \/><\/span> Anreisetag *\n<\/p>\n<p><span class=\"wpcf7-form-control-wrap\" data-name=\"abreise\"><input size=\"40\" class=\"wpcf7-form-control wpcf7-text wpcf7-validates-as-required\" aria-required=\"true\" aria-invalid=\"false\" value=\"\" type=\"text\" name=\"abreise\" \/><\/span> Abreisetag *\n<\/p>\n<p>\u00dcbernachtungswunsch *\n<\/p>\n<p><span class=\"wpcf7-form-control-wrap\" data-name=\"ortswahl\"><span class=\"wpcf7-form-control wpcf7-checkbox wpcf7-validates-as-required\"><span class=\"wpcf7-list-item first\"><input type=\"checkbox\" name=\"ortswahl[]\" value=\"im Haupthaus\" \/><span class=\"wpcf7-list-item-label\">im Haupthaus<\/span><\/span><span class=\"wpcf7-list-item last\"><input type=\"checkbox\" name=\"ortswahl[]\" value=\"im Chalet\" \/><span class=\"wpcf7-list-item-label\">im Chalet<\/span><\/span><\/span><\/span>\n<\/p>\n<p><span class=\"wpcf7-form-control-wrap\" data-name=\"einzelzimmer\"><input class=\"wpcf7-form-control wpcf7-number wpcf7-validates-as-number\" min=\"0\" max=\"10\" aria-invalid=\"false\" value=\"0\" type=\"number\" name=\"einzelzimmer\" \/><\/span> Einbettzimmer *\n<\/p>\n<p><span class=\"wpcf7-form-control-wrap\" data-name=\"zweibettzimmer\"><input class=\"wpcf7-form-control wpcf7-number wpcf7-validates-as-number\" min=\"0\" max=\"10\" aria-invalid=\"false\" value=\"0\" type=\"number\" name=\"zweibettzimmer\" \/><\/span> Zweibettzimmer *\n<\/p>\n<p><span class=\"wpcf7-form-control-wrap\" data-name=\"name\"><input size=\"40\" class=\"wpcf7-form-control wpcf7-text wpcf7-validates-as-required\" aria-required=\"true\" aria-invalid=\"false\" value=\"\" type=\"text\" name=\"name\" \/><\/span> Vorname Name *\n<\/p>\n<p><span class=\"wpcf7-form-control-wrap\" data-name=\"adresse\"><input size=\"40\" class=\"wpcf7-form-control wpcf7-text wpcf7-validates-as-required\" aria-required=\"true\" aria-invalid=\"false\" value=\"\" type=\"text\" name=\"adresse\" \/><\/span> Stra\u00dfe Hausnummer *\n<\/p>\n<p><span class=\"wpcf7-form-control-wrap\" data-name=\"plz\"><input size=\"40\" class=\"wpcf7-form-control wpcf7-text wpcf7-validates-as-required\" aria-required=\"true\" aria-invalid=\"false\" value=\"\" type=\"text\" name=\"plz\" \/><\/span> PLZ *\n<\/p>\n<p><span class=\"wpcf7-form-control-wrap\" data-name=\"ort\"><input size=\"40\" class=\"wpcf7-form-control wpcf7-text wpcf7-validates-as-required\" aria-required=\"true\" aria-invalid=\"false\" value=\"\" type=\"text\" name=\"ort\" \/><\/span> Ort *\n<\/p>\n<p><span class=\"wpcf7-form-control-wrap\" data-name=\"email\"><input size=\"40\" class=\"wpcf7-form-control wpcf7-email wpcf7-validates-as-required wpcf7-text wpcf7-validates-as-email\" aria-required=\"true\" aria-invalid=\"false\" value=\"\" type=\"email\" name=\"email\" \/><\/span> Ihre E-Mail-Adresse *\n<\/p>\n<p><span class=\"wpcf7-form-control-wrap\" data-name=\"telefon\"><input size=\"40\" class=\"wpcf7-form-control wpcf7-text wpcf7-validates-as-required\" aria-required=\"true\" aria-invalid=\"false\" value=\"\" type=\"text\" name=\"telefon\" \/><\/span> Telefonnummer *\n<\/p>\n<p><span class=\"wpcf7-form-control-wrap\" data-name=\"nachricht\"><textarea cols=\"40\" rows=\"10\" class=\"wpcf7-form-control wpcf7-textarea\" aria-invalid=\"false\" name=\"nachricht\"><\/textarea><\/span> Bemerkung (optional)\n<\/p>\n<p><input type=\"hidden\" name=\"_wpcf7_captcha_challenge_captcha-159\" value=\"1535843120\" \/><img loading=\"lazy\" decoding=\"async\" class=\"wpcf7-form-control wpcf7-captchac wpcf7-captcha-captcha-159\" width=\"84\" height=\"28\" alt=\"captcha\" src=\"https:\/\/waldhotel-am-stausee.de\/hohenwarte\/wp-content\/uploads\/wpcf7_captcha\/1535843120.png\" \/> Geben Sie den Sicherheitscode ein\n<\/p>\n<p><span class=\"wpcf7-form-control-wrap\" data-name=\"captcha-159\"><input size=\"40\" class=\"wpcf7-form-control wpcf7-captchar\" autocomplete=\"off\" aria-invalid=\"false\" value=\"\" type=\"text\" name=\"captcha-159\" \/><\/span>\n<\/p>\n<p><input class=\"wpcf7-form-control wpcf7-submit has-spinner\" type=\"submit\" value=\"Senden\" \/>\n<\/p><div class=\"wpcf7-response-output\" aria-hidden=\"true\"><\/div>\n<\/form>\n<\/div>\n\n<div class=\"page\" title=\"Page 1\">\n<div class=\"section\">\n<div class=\"layoutArea\">\n<div class=\"column\">\n<p>Sie wollen vor und w\u00e4hrend der Reise optimal abgesichert sein?<\/p>\n<\/div>\n<\/div>\n<\/div>\n<\/div>\n<p><a href=\"http:\/\/waldhotel-am-stausee.de\/hohenwarte\/seite7\/Reiseschutz-Angebot.pdf\" target=\"_blank\" rel=\"noopener\">Reiseschutz-Angebot (PDF)<\/a><\/p>\n","protected":false},"excerpt":{"rendered":"<p>Anmerkung:\u00a0Mit dem Absenden des Formulars buchen Sie kein Zimmer, Sie t\u00e4tigen lediglich eine unverbindliche Anfrage. Erst nach R\u00fccksprache mit Ihnen erfolgt die endg\u00fcltige Buchung. Sie wollen vor und w\u00e4hrend der Reise optimal abgesichert sein? Reiseschutz-Angebot (PDF)<\/p>\n","protected":false},"author":1,"featured_media":0,"parent":17,"menu_order":0,"comment_status":"closed","ping_status":"closed","template":"","meta":{"footnotes":""},"_links":{"self":[{"href":"https:\/\/waldhotel-am-stausee.de\/hohenwarte\/wp-json\/wp\/v2\/pages\/28"}],"collection":[{"href":"https:\/\/waldhotel-am-stausee.de\/hohenwarte\/wp-json\/wp\/v2\/pages"}],"about":[{"href":"https:\/\/waldhotel-am-stausee.de\/hohenwarte\/wp-json\/wp\/v2\/types\/page"}],"author":[{"embeddable":true,"href":"https:\/\/waldhotel-am-stausee.de\/hohenwarte\/wp-json\/wp\/v2\/users\/1"}],"replies":[{"embeddable":true,"href":"https:\/\/waldhotel-am-stausee.de\/hohenwarte\/wp-json\/wp\/v2\/comments?post=28"}],"version-history":[{"count":7,"href":"https:\/\/waldhotel-am-stausee.de\/hohenwarte\/wp-json\/wp\/v2\/pages\/28\/revisions"}],"predecessor-version":[{"id":1091,"href":"https:\/\/waldhotel-am-stausee.de\/hohenwarte\/wp-json\/wp\/v2\/pages\/28\/revisions\/1091"}],"up":[{"embeddable":true,"href":"https:\/\/waldhotel-am-stausee.de\/hohenwarte\/wp-json\/wp\/v2\/pages\/17"}],"wp:attachment":[{"href":"https:\/\/waldhotel-am-stausee.de\/hohenwarte\/wp-json\/wp\/v2\/media?parent=28"}],"curies":[{"name":"wp","href":"https:\/\/api.w.org\/{rel}","templated":true}]}}