{"id":26,"date":"2014-01-28T10:48:19","date_gmt":"2014-01-28T08:48:19","guid":{"rendered":"http:\/\/waldhotel-am-stausee.de\/hohenwarte\/?page_id=26"},"modified":"2022-11-25T09:04:25","modified_gmt":"2022-11-25T07:04:25","slug":"wohlfuehlen-und-entspannen","status":"publish","type":"page","link":"https:\/\/waldhotel-am-stausee.de\/hohenwarte\/unsere-angebote\/wohlfuehlen-und-entspannen\/","title":{"rendered":"Wohlf\u00fchlen &#038; Entspannen"},"content":{"rendered":"<h4>Entspannung f\u00fcr K\u00f6rper, Geist und Seele im Waldhotel am Stausee<\/h4>\n<p>Nach einem intensiven Tag, inmitten der paradiesischen Naturlandschaft des Hohenwarte Stausees, erwartet Sie eine tiefgehende Entspannung und die erholsame Atmosph\u00e4re in unserem Sauna- und Wellnessbereich.\u00a0Neben der anregenden und belebenden Wirkung eines Saunaganges k\u00f6nnen Sie bei uns die wohltuende Wirkung von W\u00e4rme und Licht erfahren und sich bei angenehmer Tiefenw\u00e4rme in der Infrarotkabine erholen.<\/p>\n<p>Die heilsame und durchblutungsf\u00f6rdernde Wirkung einer Kohlens\u00e4ure- oder Sauerstoffanwendung empfiehlt sich besonders bei Stress, Durchblutungsst\u00f6rungen, Gelenkbeschwerden etc. und rundet unser zur Verf\u00fcgung stehendes Wellnessangebot ab.\u00a0Alle angebotenen Therapien sind Wellness- und prophylaktische Anwendungen und ersetzen nicht den Besuch beim Arzt.<\/p>\n<p>Nach einem Aufenthalt in unserem Wellnessbereich bieten ein Spaziergang an der frischen Waldluft oder Th\u00fcringer K\u00f6stlichkeiten unseres Hotel-Restaurants den perfekten Ausklang Ihres Urlaubstages.<\/p>\n<div class=\"advanced-slider slider-pro\" id=\"slider-pro-7\" tabindex=\"0\" style=\"width: 750px; height: 650px;\">\n\t<div class=\"slides\">\n\t\t<div class=\"slide\" data-image=\"https:\/\/waldhotel-am-stausee.de\/hohenwarte\/wp-content\/uploads\/2014\/01\/Sauna-Wellness-1.jpg\">\n\t\t\t<img decoding=\"async\" class=\"image\" src=\"https:\/\/waldhotel-am-stausee.de\/hohenwarte\/wp-content\/plugins\/slider-pro\/css\/images\/blank.gif\" alt=\"\" title=\"Sauna-&amp;-Wellness-1\"\/>\n\t\t\t<img decoding=\"async\" class=\"thumbnail\" src=\"https:\/\/waldhotel-am-stausee.de\/hohenwarte\/wp-content\/plugins\/slider-pro\/includes\/timthumb\/timthumb.php?q=95&amp;w=80&amp;h=50&amp;a=c&amp;zc=1&amp;src=https:\/\/waldhotel-am-stausee.de\/hohenwarte\/wp-content\/uploads\/2014\/01\/Sauna-Wellness-1.jpg\" alt=\"\"\/>\n\t\t<\/div>\n\t\t<div class=\"slide\" data-image=\"https:\/\/waldhotel-am-stausee.de\/hohenwarte\/wp-content\/uploads\/2014\/01\/Sauna-Wellness-2.jpg\">\n\t\t\t<img decoding=\"async\" class=\"image\" src=\"https:\/\/waldhotel-am-stausee.de\/hohenwarte\/wp-content\/plugins\/slider-pro\/css\/images\/blank.gif\" alt=\"\" title=\"Sauna-&amp;-Wellness-2\"\/>\n\t\t\t<img decoding=\"async\" class=\"thumbnail\" src=\"https:\/\/waldhotel-am-stausee.de\/hohenwarte\/wp-content\/plugins\/slider-pro\/includes\/timthumb\/timthumb.php?q=95&amp;w=80&amp;h=50&amp;a=c&amp;zc=1&amp;src=https:\/\/waldhotel-am-stausee.de\/hohenwarte\/wp-content\/uploads\/2014\/01\/Sauna-Wellness-2.jpg\" alt=\"\"\/>\n\t\t<\/div>\n\t\t<div class=\"slide\" data-image=\"https:\/\/waldhotel-am-stausee.de\/hohenwarte\/wp-content\/uploads\/2014\/01\/Sauna-Wellness-3.jpg\">\n\t\t\t<img decoding=\"async\" class=\"image\" src=\"https:\/\/waldhotel-am-stausee.de\/hohenwarte\/wp-content\/plugins\/slider-pro\/css\/images\/blank.gif\" alt=\"\" title=\"Sauna-&amp;-Wellness-3\"\/>\n\t\t\t<img decoding=\"async\" class=\"thumbnail\" src=\"https:\/\/waldhotel-am-stausee.de\/hohenwarte\/wp-content\/plugins\/slider-pro\/includes\/timthumb\/timthumb.php?q=95&amp;w=80&amp;h=50&amp;a=c&amp;zc=1&amp;src=https:\/\/waldhotel-am-stausee.de\/hohenwarte\/wp-content\/uploads\/2014\/01\/Sauna-Wellness-3.jpg\" alt=\"\"\/>\n\t\t<\/div>\n\t\t<div class=\"slide\" data-image=\"https:\/\/waldhotel-am-stausee.de\/hohenwarte\/wp-content\/uploads\/2014\/01\/Sauna-Wellness-5.jpg\">\n\t\t\t<img decoding=\"async\" class=\"image\" src=\"https:\/\/waldhotel-am-stausee.de\/hohenwarte\/wp-content\/plugins\/slider-pro\/css\/images\/blank.gif\" alt=\"\" title=\"Sauna-&amp;-Wellness-5\"\/>\n\t\t\t<img decoding=\"async\" class=\"thumbnail\" src=\"https:\/\/waldhotel-am-stausee.de\/hohenwarte\/wp-content\/plugins\/slider-pro\/includes\/timthumb\/timthumb.php?q=95&amp;w=80&amp;h=50&amp;a=c&amp;zc=1&amp;src=https:\/\/waldhotel-am-stausee.de\/hohenwarte\/wp-content\/uploads\/2014\/01\/Sauna-Wellness-5.jpg\" alt=\"\"\/>\n\t\t<\/div>\n\t\t<div class=\"slide\" data-image=\"https:\/\/waldhotel-am-stausee.de\/hohenwarte\/wp-content\/uploads\/2014\/01\/Sauna-Wellness-6.jpg\">\n\t\t\t<img decoding=\"async\" class=\"image\" src=\"https:\/\/waldhotel-am-stausee.de\/hohenwarte\/wp-content\/plugins\/slider-pro\/css\/images\/blank.gif\" alt=\"\" title=\"Sauna-&amp;-Wellness-6\"\/>\n\t\t\t<img decoding=\"async\" class=\"thumbnail\" src=\"https:\/\/waldhotel-am-stausee.de\/hohenwarte\/wp-content\/plugins\/slider-pro\/includes\/timthumb\/timthumb.php?q=95&amp;w=80&amp;h=50&amp;a=c&amp;zc=1&amp;src=https:\/\/waldhotel-am-stausee.de\/hohenwarte\/wp-content\/uploads\/2014\/01\/Sauna-Wellness-6.jpg\" alt=\"\"\/>\n\t\t<\/div>\n\t\t<div class=\"slide\" data-image=\"https:\/\/waldhotel-am-stausee.de\/hohenwarte\/wp-content\/uploads\/2014\/01\/Sauna-Wellness-7.jpg\">\n\t\t\t<img decoding=\"async\" class=\"image\" src=\"https:\/\/waldhotel-am-stausee.de\/hohenwarte\/wp-content\/plugins\/slider-pro\/css\/images\/blank.gif\" alt=\"\" title=\"Sauna-&amp;-Wellness-7\"\/>\n\t\t\t<img decoding=\"async\" class=\"thumbnail\" src=\"https:\/\/waldhotel-am-stausee.de\/hohenwarte\/wp-content\/plugins\/slider-pro\/includes\/timthumb\/timthumb.php?q=95&amp;w=80&amp;h=50&amp;a=c&amp;zc=1&amp;src=https:\/\/waldhotel-am-stausee.de\/hohenwarte\/wp-content\/uploads\/2014\/01\/Sauna-Wellness-7.jpg\" alt=\"\"\/>\n\t\t<\/div>\n\t\t<div class=\"slide\" data-image=\"https:\/\/waldhotel-am-stausee.de\/hohenwarte\/wp-content\/uploads\/2014\/01\/Sauna-Wellness-8.jpg\">\n\t\t\t<img decoding=\"async\" class=\"image\" src=\"https:\/\/waldhotel-am-stausee.de\/hohenwarte\/wp-content\/plugins\/slider-pro\/css\/images\/blank.gif\" alt=\"\" title=\"Sauna-&amp;-Wellness-8\"\/>\n\t\t\t<img decoding=\"async\" class=\"thumbnail\" src=\"https:\/\/waldhotel-am-stausee.de\/hohenwarte\/wp-content\/plugins\/slider-pro\/includes\/timthumb\/timthumb.php?q=95&amp;w=80&amp;h=50&amp;a=c&amp;zc=1&amp;src=https:\/\/waldhotel-am-stausee.de\/hohenwarte\/wp-content\/uploads\/2014\/01\/Sauna-Wellness-8.jpg\" alt=\"\"\/>\n\t\t<\/div>\n\t\t<div class=\"slide\" data-image=\"https:\/\/waldhotel-am-stausee.de\/hohenwarte\/wp-content\/uploads\/2014\/01\/Sauna-Wellness-9.jpg\">\n\t\t\t<img decoding=\"async\" class=\"image\" src=\"https:\/\/waldhotel-am-stausee.de\/hohenwarte\/wp-content\/plugins\/slider-pro\/css\/images\/blank.gif\" alt=\"\" title=\"Sauna-&amp;-Wellness-9\"\/>\n\t\t\t<img decoding=\"async\" class=\"thumbnail\" src=\"https:\/\/waldhotel-am-stausee.de\/hohenwarte\/wp-content\/plugins\/slider-pro\/includes\/timthumb\/timthumb.php?q=95&amp;w=80&amp;h=50&amp;a=c&amp;zc=1&amp;src=https:\/\/waldhotel-am-stausee.de\/hohenwarte\/wp-content\/uploads\/2014\/01\/Sauna-Wellness-9.jpg\" alt=\"\"\/>\n\t\t<\/div>\n\t<\/div>\n<\/div>\n\n\n<h4><\/h4>\n<h4>Folgende Sauna- und Wellnessleistungen bieten wir Ihnen gegen Geb\u00fchr &amp; bei Voranmeldung an:<\/h4>\n<h5>Nutzung des hauseigenen Sauna- und Wellnessbereiches.<\/h5>\n<table style=\"width: 100%;\">\n<tbody>\n<tr>\n<td style=\"width: 39.519650655021834%;\" scope=\"row\">\n<h5>Saunageb\u00fchr<\/h5>\n<\/td>\n<td style=\"text-align: right; width: 30.131004366812224%;\" scope=\"row\">\n<h5>Hausg\u00e4ste<\/h5>\n<\/td>\n<td style=\"text-align: right; width: 27.292576419213976%;\" scope=\"row\">\n<h5>Besucher<\/h5>\n<\/td>\n<\/tr>\n<tr>\n<td style=\"width: 39.519650655021834%;\" scope=\"row\">Einzelperson<\/td>\n<td style=\"text-align: right; width: 30.131004366812224%;\" scope=\"row\">\u00a0 11 \u20ac<\/td>\n<td style=\"text-align: right; width: 27.292576419213976%;\" scope=\"row\">\u00a015,00 \u20ac<\/td>\n<\/tr>\n<\/tbody>\n<\/table>\n<p>Besuchsdauer max.: \u00a02,5 Std.<br \/>\nAnmeldung bis sp\u00e4testens: 15 min vorher<br \/>\nLetzter Einlass in die Sauna: 19:00 Uhr (oder nach Absprache)<\/p>\n<h5>Angenehme Tiefenw\u00e4rme in der Infrarotkabine:<\/h5>\n<table style=\"height: 27px; width: 100%;\" width=\"481\">\n<tbody>\n<tr>\n<td>Laufzeit f\u00fcr bis zu 35 min<\/td>\n<td style=\"text-align: right;\">\u00a06,00 \u20ac<\/td>\n<\/tr>\n<\/tbody>\n<\/table>\n<h5>Heilsame und durchblutungsf\u00f6rdernde Wirkung einer Kohlens\u00e4ureanwendung:<\/h5>\n<table style=\"height: 27px; width: 100%;\" width=\"487\">\n<tbody>\n<tr>\n<td>\n<p>Trockenes CO2- Bad<\/p>\n<p>Anwendung (ca. 40 min)<\/td>\n<td style=\"text-align: right;\">54,90 \u20ac<\/td>\n<\/tr>\n<\/tbody>\n<\/table>\n<h5>Au\u00dferdem stehen Ihnen folgende Wellness- und Massageangebote nach Voranmeldung zur Verf\u00fcgung:<\/h5>\n<table style=\"width: 100%;\">\n<tbody>\n<tr>\n<td style=\"text-align: left;\">Schulter-Nacken-Massage<\/td>\n<td style=\"text-align: right;\">\u00a030 min<\/td>\n<td style=\"text-align: right;\">35,00 \u20ac<\/td>\n<\/tr>\n<tr>\n<td style=\"text-align: left;\">R\u00fcckenmassage<\/td>\n<td style=\"text-align: right;\">30 min<\/td>\n<td style=\"text-align: right;\">35,00 \u20ac<\/td>\n<\/tr>\n<tr>\n<td style=\"text-align: left;\">Ganzk\u00f6rper-Massage mit Aroma-\u00d6l<\/td>\n<td style=\"text-align: right;\">\u00a060 min<\/td>\n<td style=\"text-align: right;\">68,00 \u20ac<\/td>\n<\/tr>\n<tr>\n<td style=\"text-align: left;\">Gesichtsmassage<\/td>\n<td style=\"text-align: right;\">25 min<\/td>\n<td style=\"text-align: right;\">30,00 \u20ac<\/td>\n<\/tr>\n<tr>\n<td style=\"text-align: left;\">Fu\u00dfzonen-Massage<\/td>\n<td style=\"text-align: right;\">30 min<\/td>\n<td style=\"text-align: right;\">35,00 \u20ac<\/td>\n<\/tr>\n<tr>\n<td style=\"text-align: left;\">Hot-Stone-Massage<\/td>\n<td style=\"text-align: right;\">80 min<\/td>\n<td style=\"text-align: right;\">85,00 \u20ac<\/td>\n<\/tr>\n<\/tbody>\n<\/table>\n<p>Alle o.g. Zeit- und Preisangaben verstehen sich inklusive 5 Minuten Nachruhezeit.<\/p>\n<h5>Reiki:<\/h5>\n<table style=\"width: 100%;\">\n<tbody>\n<tr>\n<td>Erst-Anwendung\u00a0inkl. Beratungsgespr\u00e4ch<\/td>\n<td style=\"text-align: right;\">60 min<\/td>\n<td style=\"text-align: right;\">52,00 \u20ac<\/td>\n<\/tr>\n<tr>\n<td>Reiki-Anwendung je<\/td>\n<td style=\"text-align: right;\">30 min<\/td>\n<td style=\"text-align: right;\">25,00 \u20ac<\/td>\n<\/tr>\n<\/tbody>\n<\/table>\n<p>Bitte beachten Sie: Unsere o.g. Leistungen sind nicht \u00fcber die Krankenkasse abrechenbar.<\/p>\n","protected":false},"excerpt":{"rendered":"<p>Entspannung f\u00fcr K\u00f6rper, Geist und Seele im Waldhotel am Stausee Nach einem intensiven Tag, inmitten der paradiesischen Naturlandschaft des Hohenwarte Stausees, erwartet Sie eine tiefgehende Entspannung und die erholsame Atmosph\u00e4re in unserem Sauna- und Wellnessbereich.\u00a0Neben der anregenden und belebenden Wirkung eines Saunaganges k\u00f6nnen Sie bei uns die wohltuende Wirkung von W\u00e4rme und Licht erfahren und [&hellip;]<\/p>\n","protected":false},"author":1,"featured_media":0,"parent":17,"menu_order":0,"comment_status":"closed","ping_status":"closed","template":"","meta":{"footnotes":""},"_links":{"self":[{"href":"https:\/\/waldhotel-am-stausee.de\/hohenwarte\/wp-json\/wp\/v2\/pages\/26"}],"collection":[{"href":"https:\/\/waldhotel-am-stausee.de\/hohenwarte\/wp-json\/wp\/v2\/pages"}],"about":[{"href":"https:\/\/waldhotel-am-stausee.de\/hohenwarte\/wp-json\/wp\/v2\/types\/page"}],"author":[{"embeddable":true,"href":"https:\/\/waldhotel-am-stausee.de\/hohenwarte\/wp-json\/wp\/v2\/users\/1"}],"replies":[{"embeddable":true,"href":"https:\/\/waldhotel-am-stausee.de\/hohenwarte\/wp-json\/wp\/v2\/comments?post=26"}],"version-history":[{"count":31,"href":"https:\/\/waldhotel-am-stausee.de\/hohenwarte\/wp-json\/wp\/v2\/pages\/26\/revisions"}],"predecessor-version":[{"id":1592,"href":"https:\/\/waldhotel-am-stausee.de\/hohenwarte\/wp-json\/wp\/v2\/pages\/26\/revisions\/1592"}],"up":[{"embeddable":true,"href":"https:\/\/waldhotel-am-stausee.de\/hohenwarte\/wp-json\/wp\/v2\/pages\/17"}],"wp:attachment":[{"href":"https:\/\/waldhotel-am-stausee.de\/hohenwarte\/wp-json\/wp\/v2\/media?parent=26"}],"curies":[{"name":"wp","href":"https:\/\/api.w.org\/{rel}","templated":true}]}}