{"id":24,"date":"2014-01-28T10:47:55","date_gmt":"2014-01-28T08:47:55","guid":{"rendered":"http:\/\/waldhotel-am-stausee.de\/hohenwarte\/?page_id=24"},"modified":"2021-11-16T12:58:31","modified_gmt":"2021-11-16T10:58:31","slug":"tagungen","status":"publish","type":"page","link":"https:\/\/waldhotel-am-stausee.de\/hohenwarte\/unsere-angebote\/tagungen\/","title":{"rendered":"Tagungen"},"content":{"rendered":"<p>Gern erm\u00f6glichen wir Ihnen in unserem Haus die Durchf\u00fchrung von Tagungen, Seminaren und Konferenzen \u2013 je nach Bestuhlung f\u00fcr eine Teilnehmerzahl bis 20 Personen.<\/p>\n<p>F\u00fcr Ihre Tagungen steht Ihnen in unserem Hause folgende Ausstattung zur Verf\u00fcgung:<\/p>\n<ul>\n<li>Leinwand<\/li>\n<li>Flipchart<\/li>\n<li>Pinnw\u00e4nde<\/li>\n<li>Beamer<\/li>\n<\/ul>\n","protected":false},"excerpt":{"rendered":"<p>Gern erm\u00f6glichen wir Ihnen in unserem Haus die Durchf\u00fchrung von Tagungen, Seminaren und Konferenzen \u2013 je nach Bestuhlung f\u00fcr eine Teilnehmerzahl bis 20 Personen. F\u00fcr Ihre Tagungen steht Ihnen in unserem Hause folgende Ausstattung zur Verf\u00fcgung: Leinwand Flipchart Pinnw\u00e4nde Beamer<\/p>\n","protected":false},"author":1,"featured_media":0,"parent":17,"menu_order":0,"comment_status":"closed","ping_status":"closed","template":"","meta":{"footnotes":""},"_links":{"self":[{"href":"https:\/\/waldhotel-am-stausee.de\/hohenwarte\/wp-json\/wp\/v2\/pages\/24"}],"collection":[{"href":"https:\/\/waldhotel-am-stausee.de\/hohenwarte\/wp-json\/wp\/v2\/pages"}],"about":[{"href":"https:\/\/waldhotel-am-stausee.de\/hohenwarte\/wp-json\/wp\/v2\/types\/page"}],"author":[{"embeddable":true,"href":"https:\/\/waldhotel-am-stausee.de\/hohenwarte\/wp-json\/wp\/v2\/users\/1"}],"replies":[{"embeddable":true,"href":"https:\/\/waldhotel-am-stausee.de\/hohenwarte\/wp-json\/wp\/v2\/comments?post=24"}],"version-history":[{"count":10,"href":"https:\/\/waldhotel-am-stausee.de\/hohenwarte\/wp-json\/wp\/v2\/pages\/24\/revisions"}],"predecessor-version":[{"id":1493,"href":"https:\/\/waldhotel-am-stausee.de\/hohenwarte\/wp-json\/wp\/v2\/pages\/24\/revisions\/1493"}],"up":[{"embeddable":true,"href":"https:\/\/waldhotel-am-stausee.de\/hohenwarte\/wp-json\/wp\/v2\/pages\/17"}],"wp:attachment":[{"href":"https:\/\/waldhotel-am-stausee.de\/hohenwarte\/wp-json\/wp\/v2\/media?parent=24"}],"curies":[{"name":"wp","href":"https:\/\/api.w.org\/{rel}","templated":true}]}}