{"id":22,"date":"2014-01-28T10:47:42","date_gmt":"2014-01-28T08:47:42","guid":{"rendered":"http:\/\/waldhotel-am-stausee.de\/hohenwarte\/?page_id=22"},"modified":"2021-09-29T18:23:09","modified_gmt":"2021-09-29T16:23:09","slug":"speisen","status":"publish","type":"page","link":"https:\/\/waldhotel-am-stausee.de\/hohenwarte\/unsere-angebote\/speisen\/","title":{"rendered":"Speisen"},"content":{"rendered":"<p>In unserer gem\u00fctlichen Gaststube bieten wir Ihnen neben hausgemachten Th\u00fcringer Kl\u00f6\u00dfen und einer gutb\u00fcrgerlichen Th\u00fcringer K\u00fcche auch andere kulinarische Gen\u00fcsse und Spezialit\u00e4ten.<\/p>\n<p data-pb-node-luminance-reversed=\"true\"><span data-pb-node-luminance-reversed=\"true\">F\u00fcr unsere Hotelg\u00e4ste empfehlen wir unsere 3-Gang-Halbpension oder aber\u00a0<\/span><span data-pb-node-luminance-reversed=\"true\">die t\u00e4glich wechselnden kleinen Angebote.\u00a0\u00a0<\/span><\/p>\n<p>Im Winter werden Sie den anheimelnden Charme des Kachelofens in unserer gem\u00fctlichen Gaststube zu sch\u00e4tzen wissen.<\/p>\n<div class=\"advanced-slider slider-pro\" id=\"slider-pro-6\" tabindex=\"0\" style=\"width: 750px; height: 650px;\">\n\t<div class=\"slides\">\n\t\t<div class=\"slide\" data-image=\"https:\/\/waldhotel-am-stausee.de\/hohenwarte\/wp-content\/uploads\/2014\/01\/Impressionen-11.jpg\">\n\t\t\t<img decoding=\"async\" class=\"image\" src=\"https:\/\/waldhotel-am-stausee.de\/hohenwarte\/wp-content\/plugins\/slider-pro\/css\/images\/blank.gif\" alt=\"\" title=\"Impressionen-11\"\/>\n\t\t\t<img decoding=\"async\" class=\"thumbnail\" src=\"https:\/\/waldhotel-am-stausee.de\/hohenwarte\/wp-content\/plugins\/slider-pro\/includes\/timthumb\/timthumb.php?q=95&amp;w=80&amp;h=50&amp;a=c&amp;zc=1&amp;src=https:\/\/waldhotel-am-stausee.de\/hohenwarte\/wp-content\/uploads\/2014\/01\/Impressionen-11.jpg\" alt=\"\"\/>\n\t\t<\/div>\n\t\t<div class=\"slide\" data-image=\"https:\/\/waldhotel-am-stausee.de\/hohenwarte\/wp-content\/uploads\/2014\/01\/Speisen-2.jpg\">\n\t\t\t<img decoding=\"async\" class=\"image\" src=\"https:\/\/waldhotel-am-stausee.de\/hohenwarte\/wp-content\/plugins\/slider-pro\/css\/images\/blank.gif\" alt=\"\" title=\"Speisen-2\"\/>\n\t\t\t<img decoding=\"async\" class=\"thumbnail\" src=\"https:\/\/waldhotel-am-stausee.de\/hohenwarte\/wp-content\/plugins\/slider-pro\/includes\/timthumb\/timthumb.php?q=95&amp;w=80&amp;h=50&amp;a=c&amp;zc=1&amp;src=https:\/\/waldhotel-am-stausee.de\/hohenwarte\/wp-content\/uploads\/2014\/01\/Speisen-2.jpg\" alt=\"\"\/>\n\t\t<\/div>\n\t\t<div class=\"slide\" data-image=\"https:\/\/waldhotel-am-stausee.de\/hohenwarte\/wp-content\/uploads\/2014\/01\/Speisen-3.jpg\">\n\t\t\t<img decoding=\"async\" class=\"image\" src=\"https:\/\/waldhotel-am-stausee.de\/hohenwarte\/wp-content\/plugins\/slider-pro\/css\/images\/blank.gif\" alt=\"\" title=\"Speisen-3\"\/>\n\t\t\t<img decoding=\"async\" class=\"thumbnail\" src=\"https:\/\/waldhotel-am-stausee.de\/hohenwarte\/wp-content\/plugins\/slider-pro\/includes\/timthumb\/timthumb.php?q=95&amp;w=80&amp;h=50&amp;a=c&amp;zc=1&amp;src=https:\/\/waldhotel-am-stausee.de\/hohenwarte\/wp-content\/uploads\/2014\/01\/Speisen-3.jpg\" alt=\"\"\/>\n\t\t<\/div>\n\t\t<div class=\"slide\" data-image=\"https:\/\/waldhotel-am-stausee.de\/hohenwarte\/wp-content\/uploads\/2014\/01\/Speisen-4.jpg\">\n\t\t\t<img decoding=\"async\" class=\"image\" src=\"https:\/\/waldhotel-am-stausee.de\/hohenwarte\/wp-content\/plugins\/slider-pro\/css\/images\/blank.gif\" alt=\"\" title=\"Speisen-4\"\/>\n\t\t\t<img decoding=\"async\" class=\"thumbnail\" src=\"https:\/\/waldhotel-am-stausee.de\/hohenwarte\/wp-content\/plugins\/slider-pro\/includes\/timthumb\/timthumb.php?q=95&amp;w=80&amp;h=50&amp;a=c&amp;zc=1&amp;src=https:\/\/waldhotel-am-stausee.de\/hohenwarte\/wp-content\/uploads\/2014\/01\/Speisen-4.jpg\" alt=\"\"\/>\n\t\t<\/div>\n\t\t<div class=\"slide\" data-image=\"https:\/\/waldhotel-am-stausee.de\/hohenwarte\/wp-content\/uploads\/2014\/01\/Speisen-5.jpg\">\n\t\t\t<img decoding=\"async\" class=\"image\" src=\"https:\/\/waldhotel-am-stausee.de\/hohenwarte\/wp-content\/plugins\/slider-pro\/css\/images\/blank.gif\" alt=\"\" title=\"Speisen-5\"\/>\n\t\t\t<img decoding=\"async\" class=\"thumbnail\" src=\"https:\/\/waldhotel-am-stausee.de\/hohenwarte\/wp-content\/plugins\/slider-pro\/includes\/timthumb\/timthumb.php?q=95&amp;w=80&amp;h=50&amp;a=c&amp;zc=1&amp;src=https:\/\/waldhotel-am-stausee.de\/hohenwarte\/wp-content\/uploads\/2014\/01\/Speisen-5.jpg\" alt=\"\"\/>\n\t\t<\/div>\n\t\t<div class=\"slide\" data-image=\"https:\/\/waldhotel-am-stausee.de\/hohenwarte\/wp-content\/uploads\/2014\/01\/Speisen-6.jpg\">\n\t\t\t<img decoding=\"async\" class=\"image\" src=\"https:\/\/waldhotel-am-stausee.de\/hohenwarte\/wp-content\/plugins\/slider-pro\/css\/images\/blank.gif\" alt=\"\" title=\"Speisen-6\"\/>\n\t\t\t<img decoding=\"async\" class=\"thumbnail\" src=\"https:\/\/waldhotel-am-stausee.de\/hohenwarte\/wp-content\/plugins\/slider-pro\/includes\/timthumb\/timthumb.php?q=95&amp;w=80&amp;h=50&amp;a=c&amp;zc=1&amp;src=https:\/\/waldhotel-am-stausee.de\/hohenwarte\/wp-content\/uploads\/2014\/01\/Speisen-6.jpg\" alt=\"\"\/>\n\t\t<\/div>\n\t\t<div class=\"slide\" data-image=\"https:\/\/waldhotel-am-stausee.de\/hohenwarte\/wp-content\/uploads\/2014\/01\/Speisen-7.jpg\">\n\t\t\t<img decoding=\"async\" class=\"image\" src=\"https:\/\/waldhotel-am-stausee.de\/hohenwarte\/wp-content\/plugins\/slider-pro\/css\/images\/blank.gif\" alt=\"\" title=\"Speisen-7\"\/>\n\t\t\t<img decoding=\"async\" class=\"thumbnail\" src=\"https:\/\/waldhotel-am-stausee.de\/hohenwarte\/wp-content\/plugins\/slider-pro\/includes\/timthumb\/timthumb.php?q=95&amp;w=80&amp;h=50&amp;a=c&amp;zc=1&amp;src=https:\/\/waldhotel-am-stausee.de\/hohenwarte\/wp-content\/uploads\/2014\/01\/Speisen-7.jpg\" alt=\"\"\/>\n\t\t<\/div>\n\t\t<div class=\"slide\" data-image=\"https:\/\/waldhotel-am-stausee.de\/hohenwarte\/wp-content\/uploads\/2014\/01\/Speisen-8.jpg\">\n\t\t\t<img decoding=\"async\" class=\"image\" src=\"https:\/\/waldhotel-am-stausee.de\/hohenwarte\/wp-content\/plugins\/slider-pro\/css\/images\/blank.gif\" alt=\"\" title=\"Speisen-8\"\/>\n\t\t\t<img decoding=\"async\" class=\"thumbnail\" src=\"https:\/\/waldhotel-am-stausee.de\/hohenwarte\/wp-content\/plugins\/slider-pro\/includes\/timthumb\/timthumb.php?q=95&amp;w=80&amp;h=50&amp;a=c&amp;zc=1&amp;src=https:\/\/waldhotel-am-stausee.de\/hohenwarte\/wp-content\/uploads\/2014\/01\/Speisen-8.jpg\" alt=\"\"\/>\n\t\t<\/div>\n\t\t<div class=\"slide\" data-image=\"https:\/\/waldhotel-am-stausee.de\/hohenwarte\/wp-content\/uploads\/2014\/01\/Speisen-9.jpg\">\n\t\t\t<img decoding=\"async\" class=\"image\" src=\"https:\/\/waldhotel-am-stausee.de\/hohenwarte\/wp-content\/plugins\/slider-pro\/css\/images\/blank.gif\" alt=\"\" title=\"Speisen-9\"\/>\n\t\t\t<img decoding=\"async\" class=\"thumbnail\" src=\"https:\/\/waldhotel-am-stausee.de\/hohenwarte\/wp-content\/plugins\/slider-pro\/includes\/timthumb\/timthumb.php?q=95&amp;w=80&amp;h=50&amp;a=c&amp;zc=1&amp;src=https:\/\/waldhotel-am-stausee.de\/hohenwarte\/wp-content\/uploads\/2014\/01\/Speisen-9.jpg\" alt=\"\"\/>\n\t\t<\/div>\n\t<\/div>\n<\/div>\n\n\n","protected":false},"excerpt":{"rendered":"<p>In unserer gem\u00fctlichen Gaststube bieten wir Ihnen neben hausgemachten Th\u00fcringer Kl\u00f6\u00dfen und einer gutb\u00fcrgerlichen Th\u00fcringer K\u00fcche auch andere kulinarische Gen\u00fcsse und Spezialit\u00e4ten. F\u00fcr unsere Hotelg\u00e4ste empfehlen wir unsere 3-Gang-Halbpension oder aber\u00a0die t\u00e4glich wechselnden kleinen Angebote.\u00a0\u00a0 Im Winter werden Sie den anheimelnden Charme des Kachelofens in unserer gem\u00fctlichen Gaststube zu sch\u00e4tzen wissen.<\/p>\n","protected":false},"author":1,"featured_media":0,"parent":17,"menu_order":0,"comment_status":"closed","ping_status":"closed","template":"","meta":{"footnotes":""},"_links":{"self":[{"href":"https:\/\/waldhotel-am-stausee.de\/hohenwarte\/wp-json\/wp\/v2\/pages\/22"}],"collection":[{"href":"https:\/\/waldhotel-am-stausee.de\/hohenwarte\/wp-json\/wp\/v2\/pages"}],"about":[{"href":"https:\/\/waldhotel-am-stausee.de\/hohenwarte\/wp-json\/wp\/v2\/types\/page"}],"author":[{"embeddable":true,"href":"https:\/\/waldhotel-am-stausee.de\/hohenwarte\/wp-json\/wp\/v2\/users\/1"}],"replies":[{"embeddable":true,"href":"https:\/\/waldhotel-am-stausee.de\/hohenwarte\/wp-json\/wp\/v2\/comments?post=22"}],"version-history":[{"count":9,"href":"https:\/\/waldhotel-am-stausee.de\/hohenwarte\/wp-json\/wp\/v2\/pages\/22\/revisions"}],"predecessor-version":[{"id":1481,"href":"https:\/\/waldhotel-am-stausee.de\/hohenwarte\/wp-json\/wp\/v2\/pages\/22\/revisions\/1481"}],"up":[{"embeddable":true,"href":"https:\/\/waldhotel-am-stausee.de\/hohenwarte\/wp-json\/wp\/v2\/pages\/17"}],"wp:attachment":[{"href":"https:\/\/waldhotel-am-stausee.de\/hohenwarte\/wp-json\/wp\/v2\/media?parent=22"}],"curies":[{"name":"wp","href":"https:\/\/api.w.org\/{rel}","templated":true}]}}