{"id":212,"date":"2014-04-24T14:53:31","date_gmt":"2014-04-24T12:53:31","guid":{"rendered":"http:\/\/waldhotel-am-stausee.de\/hohenwarte\/?page_id=212"},"modified":"2014-05-22T13:27:44","modified_gmt":"2014-05-22T11:27:44","slug":"internationaler-bergwanderweg-eb-eisenach-budapest","status":"publish","type":"page","link":"https:\/\/waldhotel-am-stausee.de\/hohenwarte\/aktiv-sein\/wandern\/internationaler-bergwanderweg-eb-eisenach-budapest\/","title":{"rendered":"Internationaler Bergwanderweg EB (Eisenach &#8211; Budapest)"},"content":{"rendered":"<p>Der internationale Bergwanderweg Eisenach-Budapest, kurz EB, wurde am 29. Mai 1983 er\u00f6ffnet und war bis 1989 der einzige internationale Fernwanderweg der osteurop\u00e4ischen Staaten. Nach der deutschen Wiedervereinigung und mit Wegfall des \u201eEisernen Vorhangs\u201c wurde der Fernwanderweg in den Europ\u00e4ischen Fernwanderweg \u201eE3\u201c integriert, welcher von der Atlantikk\u00fcste bis zum Schwarzen Meer f\u00fchrt.<\/p>\n<p>Der offizielle Ausgangspunkt des Bergwanderweges ist die Wartburg in Eisenach, von wo aus der Weg, mit einer Gesamtl\u00e4nge von 2960 Kilometern, bis nach Budapest verl\u00e4uft.<\/p>\n<p>Auf seiner Gesamtstrecke er\u00f6ffnet der Weg den Fernwanderern wunderbare Einblicke in die unterschiedlichen Klimazonen und die einmaligen Landschaften von Th\u00fcringer Wald, Vogtland, Erzgebirge, S\u00e4chsische Schweiz, Isergebirge, Glatzer Bergland, Altvatergebirge, Beskiden, Mala Fatra, Matra und B\u00fckk bis nach Budapest.<\/p>\n<p>In unserer Urlaubsregion am Th\u00fcringer Meer, Europas gr\u00f6\u00dften zusammenh\u00e4ngendem Stauseegebiet, entf\u00fchrt Sie der Fernwanderweg in die traumhafte Naturlandschaft entlang des blauen Bandes der Saale. Inmitten des Naturparks Th\u00fcringer Schiefergebirge\/ Obere Saale durchstreifen Sie, auf anspruchsvollen Pfaden, die dichten Nadelw\u00e4lder, entdecken vertr\u00e4umte Ortschaften und erklimmen die lokalen Aussichtpunkte. Die Sehensw\u00fcrdigkeiten und gastronomischen Einrichtungen der Region freuen Sich auf Ihren Besuch!<\/p>\n<p><a href=\"http:\/\/waldhotel-am-stausee.de\/hohenwarte\/wp-content\/uploads\/2014\/04\/Int.-Bergwanderweg-1.jpg\"><img loading=\"lazy\" decoding=\"async\" class=\"alignnone size-full wp-image-381\" alt=\"Int.-Bergwanderweg-1\" src=\"http:\/\/waldhotel-am-stausee.de\/hohenwarte\/wp-content\/uploads\/2014\/04\/Int.-Bergwanderweg-1.jpg\" width=\"800\" height=\"600\" srcset=\"https:\/\/waldhotel-am-stausee.de\/hohenwarte\/wp-content\/uploads\/2014\/04\/Int.-Bergwanderweg-1.jpg 800w, https:\/\/waldhotel-am-stausee.de\/hohenwarte\/wp-content\/uploads\/2014\/04\/Int.-Bergwanderweg-1-300x225.jpg 300w\" sizes=\"(max-width: 800px) 100vw, 800px\" \/><\/a><\/p>\n<p><strong>Streckeninformation<\/strong><br \/>\n<strong>Start:<\/strong> Eisenach (auf der Wartburg), Th\u00fcringen<br \/>\n<strong>Ziel:<\/strong> Budapest<br \/>\n<strong>Streckenl\u00e4nge:<\/strong> 2643 Kilometer<br \/>\n<strong>Wegemarkierung:<\/strong> Blaues Andreaskreuz bzw. blauer Balken auf wei\u00dfem Spiegel<\/p>\n<p>Links und weitere Informationen:<br \/>\n<a href=\"http:\/\/eb.stadtigel.de\/\" target=\"_blank\">http:\/\/eb.stadtigel.de\/<\/a><br \/>\n<a href=\"http:\/\/www.weitwanderungen.de\/\" target=\"_blank\">http:\/\/www.weitwanderungen.de\/<\/a><\/p>\n","protected":false},"excerpt":{"rendered":"<p>Der internationale Bergwanderweg Eisenach-Budapest, kurz EB, wurde am 29. Mai 1983 er\u00f6ffnet und war bis 1989 der einzige internationale Fernwanderweg der osteurop\u00e4ischen Staaten. Nach der deutschen Wiedervereinigung und mit Wegfall des \u201eEisernen Vorhangs\u201c wurde der Fernwanderweg in den Europ\u00e4ischen Fernwanderweg \u201eE3\u201c integriert, welcher von der Atlantikk\u00fcste bis zum Schwarzen Meer f\u00fchrt. Der offizielle Ausgangspunkt des [&hellip;]<\/p>\n","protected":false},"author":2,"featured_media":0,"parent":34,"menu_order":0,"comment_status":"closed","ping_status":"closed","template":"","meta":{"footnotes":""},"_links":{"self":[{"href":"https:\/\/waldhotel-am-stausee.de\/hohenwarte\/wp-json\/wp\/v2\/pages\/212"}],"collection":[{"href":"https:\/\/waldhotel-am-stausee.de\/hohenwarte\/wp-json\/wp\/v2\/pages"}],"about":[{"href":"https:\/\/waldhotel-am-stausee.de\/hohenwarte\/wp-json\/wp\/v2\/types\/page"}],"author":[{"embeddable":true,"href":"https:\/\/waldhotel-am-stausee.de\/hohenwarte\/wp-json\/wp\/v2\/users\/2"}],"replies":[{"embeddable":true,"href":"https:\/\/waldhotel-am-stausee.de\/hohenwarte\/wp-json\/wp\/v2\/comments?post=212"}],"version-history":[{"count":4,"href":"https:\/\/waldhotel-am-stausee.de\/hohenwarte\/wp-json\/wp\/v2\/pages\/212\/revisions"}],"predecessor-version":[{"id":528,"href":"https:\/\/waldhotel-am-stausee.de\/hohenwarte\/wp-json\/wp\/v2\/pages\/212\/revisions\/528"}],"up":[{"embeddable":true,"href":"https:\/\/waldhotel-am-stausee.de\/hohenwarte\/wp-json\/wp\/v2\/pages\/34"}],"wp:attachment":[{"href":"https:\/\/waldhotel-am-stausee.de\/hohenwarte\/wp-json\/wp\/v2\/media?parent=212"}],"curies":[{"name":"wp","href":"https:\/\/api.w.org\/{rel}","templated":true}]}}