{"id":200,"date":"2014-04-24T12:44:59","date_gmt":"2014-04-24T10:44:59","guid":{"rendered":"http:\/\/waldhotel-am-stausee.de\/hohenwarte\/?page_id=200"},"modified":"2014-07-30T16:46:18","modified_gmt":"2014-07-30T14:46:18","slug":"hohenwarte-stausee-weg","status":"publish","type":"page","link":"https:\/\/waldhotel-am-stausee.de\/hohenwarte\/aktiv-sein\/wandern\/hohenwarte-stausee-weg\/","title":{"rendered":"Hohenwarte Stausee Weg"},"content":{"rendered":"<p>Der Hohenwarte Stausee Weg f\u00fchrt auf vier Etappen, mit einer Gesamtl\u00e4nge von rund 75 Kilometern, auf eine interessante Entdeckungsreise durch die Flora und Fauna rund um den Hohenwarte Stausee.<\/p>\n<p>Inmitten des Naturparks Th\u00fcringer Schiefergebirge\/ Obere Saale erkunden Sie auf dem zertifizierten Qualit\u00e4tswanderweg die vertr\u00e4umten D\u00f6rfer und die wildromantische Landschaft des gr\u00f6\u00dften zusammenh\u00e4ngenden Stauseegebietes Europas. Unterwegs kommen Sport- und Naturbegeisterte, ebenso wie kulturell Interessierte und Erholungssuchende voll auf Ihre Kosten.<\/p>\n<p style=\"text-align: center;\"><a href=\"http:\/\/waldhotel-am-stausee.de\/hohenwarte\/wp-content\/uploads\/2014\/04\/HWStW.jpg\"><img loading=\"lazy\" decoding=\"async\" class=\"alignnone  wp-image-203\" src=\"http:\/\/waldhotel-am-stausee.de\/hohenwarte\/wp-content\/uploads\/2014\/04\/HWStW-300x300.jpg\" alt=\"HWStW\" width=\"210\" height=\"210\" srcset=\"https:\/\/waldhotel-am-stausee.de\/hohenwarte\/wp-content\/uploads\/2014\/04\/HWStW-300x300.jpg 300w, https:\/\/waldhotel-am-stausee.de\/hohenwarte\/wp-content\/uploads\/2014\/04\/HWStW-150x150.jpg 150w, https:\/\/waldhotel-am-stausee.de\/hohenwarte\/wp-content\/uploads\/2014\/04\/HWStW.jpg 526w\" sizes=\"(max-width: 210px) 100vw, 210px\" \/><\/a> <a href=\"http:\/\/waldhotel-am-stausee.de\/hohenwarte\/wp-content\/uploads\/2014\/04\/Q-Weg.jpg\"><img loading=\"lazy\" decoding=\"async\" class=\"alignnone  wp-image-205\" src=\"http:\/\/waldhotel-am-stausee.de\/hohenwarte\/wp-content\/uploads\/2014\/04\/Q-Weg-245x300.jpg\" alt=\"Q-Weg\" width=\"172\" height=\"210\" srcset=\"https:\/\/waldhotel-am-stausee.de\/hohenwarte\/wp-content\/uploads\/2014\/04\/Q-Weg-245x300.jpg 245w, https:\/\/waldhotel-am-stausee.de\/hohenwarte\/wp-content\/uploads\/2014\/04\/Q-Weg.jpg 473w\" sizes=\"(max-width: 172px) 100vw, 172px\" \/><\/a><\/p>\n<p><strong>Start\/Ziel:<\/strong> Parkplatz Staumauer Hohenwarte<br \/>\n<strong>Wegel\u00e4nge:<\/strong> 75 Kilometer<br \/>\n<strong>Markierung:<\/strong> Roter Punkt auf wei\u00dfem Quadrat<\/p>\n<p>Weitere Informationen des Deutschen Wanderverbandes finden Sie <a href=\"http:\/\/www.wanderbares-deutschland.de\/wanderwege\/wanderwege-karte.html#186\" target=\"_blank\">hier<\/a>.<br \/>\nWeitere Informationen der Th\u00fcringer Tourismus GmbH finden Sie <a href=\"http:\/\/www.thueringen-tourismus.de\/urlaub-hotel-reisen\/hohenwarte-stausee-weg-130590.html\" target=\"_blank\">hier<\/a>.<br \/>\n<a href=\"http:\/\/waldhotel-am-stausee.de\/hohenwarte\/seite7\/hohenwarte-stausee-weg.zip\" target=\"_blank\">Download GPX-Track<\/a> (GPX und KML) zum Wanderweg.<span style=\"line-height: 1.5em;\">\u00a0<\/span><\/p>\n<h3>Etappe 1<\/h3>\n<p>Die erste Etappe Ihrer Wanderung am Th\u00fcringer Meer f\u00fchrt Sie ein in die Geschichte und Entstehung des Hohenwarte Stausees der heute, als viertgr\u00f6\u00dfter Stausee Deutschlands, zu den sch\u00f6nsten Erholungsr\u00e4umen unseres Landes z\u00e4hlt. Neben den geschichtlichen Hintergr\u00fcnden zur Staumauer und den einst versunkenen Orten und M\u00fchlen, bietet der Weg bleibende Eindr\u00fccke von der Vielfalt des Lebensraumes Wald und gibt nach den ersten steilen Anstiegen sagenhafte Ausblicke \u00fcber die weite Wasserlandschaft frei.<\/p>\n<p><strong>Start\/Ziel:<\/strong> Hohenwarte\/Wilhelmsdorf<br \/>\n<strong>Streckenl\u00e4nge:<\/strong> 16,9 Kilometer<\/p>\n<p>&nbsp;<\/p>\n<p><a href=\"http:\/\/waldhotel-am-stausee.de\/hohenwarte\/wp-content\/uploads\/2014\/07\/Etappe1_740pix.jpg\"><img loading=\"lazy\" decoding=\"async\" class=\"alignnone size-full wp-image-643\" src=\"http:\/\/waldhotel-am-stausee.de\/hohenwarte\/wp-content\/uploads\/2014\/07\/Etappe1_740pix.jpg\" alt=\"Etappe1\" width=\"721\" height=\"541\" srcset=\"https:\/\/waldhotel-am-stausee.de\/hohenwarte\/wp-content\/uploads\/2014\/07\/Etappe1_740pix.jpg 721w, https:\/\/waldhotel-am-stausee.de\/hohenwarte\/wp-content\/uploads\/2014\/07\/Etappe1_740pix-300x225.jpg 300w, https:\/\/waldhotel-am-stausee.de\/hohenwarte\/wp-content\/uploads\/2014\/07\/Etappe1_740pix-250x187.jpg 250w, https:\/\/waldhotel-am-stausee.de\/hohenwarte\/wp-content\/uploads\/2014\/07\/Etappe1_740pix-550x412.jpg 550w, https:\/\/waldhotel-am-stausee.de\/hohenwarte\/wp-content\/uploads\/2014\/07\/Etappe1_740pix-239x180.jpg 239w, https:\/\/waldhotel-am-stausee.de\/hohenwarte\/wp-content\/uploads\/2014\/07\/Etappe1_740pix-399x300.jpg 399w, https:\/\/waldhotel-am-stausee.de\/hohenwarte\/wp-content\/uploads\/2014\/07\/Etappe1_740pix-666x500.jpg 666w\" sizes=\"(max-width: 721px) 100vw, 721px\" \/><\/a><\/p>\n<h3>Etappe 2<\/h3>\n<p>Auf der zweiten Etappe des Hohenwarte Stausee Weges \u00fcberwinden Sie etliche H\u00f6henmeter und werden daf\u00fcr mit einmaligen Ausblicken auf das blaue Band der Saale belohnt. Sie entdecken einzigartige Naturlandschaften und durchqueren die regionalen Naherholungsgebiete mit ihren zahlreichen Freizeitm\u00f6glichkeiten. Von der geschichtstr\u00e4chtigen Linkenm\u00fchle an wandern Sie ein St\u00fcck entlang des \u201eEurop\u00e4ischen Fernwanderweges Eisenach-Budapest\u201c bis nach Ziegenr\u00fcck.<\/p>\n<p><strong>Start\/Ziel:<\/strong> Wilhelmsdorf\/Ziegenr\u00fcck<br \/>\n<strong>Streckenl\u00e4nge:<\/strong> 17,3 Kilometer<\/p>\n<p><a href=\"http:\/\/waldhotel-am-stausee.de\/hohenwarte\/wp-content\/uploads\/2014\/04\/Etappe-2.jpg\"><img loading=\"lazy\" decoding=\"async\" class=\"alignnone size-full wp-image-373\" src=\"http:\/\/waldhotel-am-stausee.de\/hohenwarte\/wp-content\/uploads\/2014\/04\/Etappe-2.jpg\" alt=\"Etappe-2\" width=\"800\" height=\"600\" srcset=\"https:\/\/waldhotel-am-stausee.de\/hohenwarte\/wp-content\/uploads\/2014\/04\/Etappe-2.jpg 800w, https:\/\/waldhotel-am-stausee.de\/hohenwarte\/wp-content\/uploads\/2014\/04\/Etappe-2-300x225.jpg 300w\" sizes=\"(max-width: 800px) 100vw, 800px\" \/><\/a><\/p>\n<p>&nbsp;<\/p>\n<h3>Etappe 3<\/h3>\n<p>Die dritte Etappe ist die l\u00e4ngste Tour Ihrer Reise und \u00fcberrascht mit abwechslungsreichen Eindr\u00fccken aus Kultur, Geschichte und Natur. Zu Beginn k\u00f6nnen Sie in Ziegenr\u00fcck, bei einem Spaziergang entlang der einladenden Uferpromenade, das geologische Naturdenkmal \u201eZiegenr\u00fccker Schieferfalte\u201c bewundern. Auch das j\u00e4hrliche Promenadenfest und der Bootsverleih laden zum Entdecken, Entspannen und Erholen in idyllischer Kulisse ein. Nicht verpassen sollten Sie einen Besuch des Wasserkraftmuseums, ehe Sie Ihre Wanderung entlang der malerischen Saale fortsetzen. Nachdem mehrere kleine D\u00f6rfer passiert wurden, gelangen Sie zur &#8222;Hohen Leite&#8220;, einem der sch\u00f6nsten Aussichtspunkte der Region. Ihre Etappe endet schlie\u00dflich in Neidenberga. Von hier aus lohnt sich ein Abstecher nach Reitzen-geschwenda, wo Sie dem Volkskundemuseum und der barocken Dorfkirche einen Besuch abstatten k\u00f6nnen.<\/p>\n<p><strong>Start\/Ziel:<\/strong> Ziegenr\u00fcck\/Neidenberga<br \/>\n<strong>Streckenl\u00e4nge:<\/strong> 22,3 Kilometer<\/p>\n<p><a href=\"http:\/\/waldhotel-am-stausee.de\/hohenwarte\/wp-content\/uploads\/2014\/04\/Etappe-3.jpg\"><img loading=\"lazy\" decoding=\"async\" class=\"alignnone size-full wp-image-374\" src=\"http:\/\/waldhotel-am-stausee.de\/hohenwarte\/wp-content\/uploads\/2014\/04\/Etappe-3.jpg\" alt=\"Etappe-3\" width=\"800\" height=\"800\" srcset=\"https:\/\/waldhotel-am-stausee.de\/hohenwarte\/wp-content\/uploads\/2014\/04\/Etappe-3.jpg 800w, https:\/\/waldhotel-am-stausee.de\/hohenwarte\/wp-content\/uploads\/2014\/04\/Etappe-3-150x150.jpg 150w, https:\/\/waldhotel-am-stausee.de\/hohenwarte\/wp-content\/uploads\/2014\/04\/Etappe-3-300x300.jpg 300w\" sizes=\"(max-width: 800px) 100vw, 800px\" \/><\/a><\/p>\n<p>&nbsp;<\/p>\n<h3>Etappe 4<\/h3>\n<p>Auf dem letzten Teilst\u00fcck des Hohenwarte Stausee Weges gelangen Sie nach einer steilen Passage nach St. Jakob, dem kleinsten Ort am Hohenwarte Stausee. Auf dieser H\u00f6he bleibend, folgen weitere vertr\u00e4umte D\u00f6rfer bis hin zum Aussichtspunkt am Rohrbahn\u00fcbergang. Hier k\u00f6nnen Sie einen\u00a0 unvergesslichen Ausblick auf den Hohenwarte Stausee genie\u00dfen ehe Sie Ihre Wanderung fortsetzen und schlie\u00dflich zur Amalienh\u00f6he gelangen. Von dort aus ist der Ausgangspunkt und das Ziel Ihrer viert\u00e4gigen Wanderung nicht mehr weit: Die Staumauer in Hohenwarte liegt am Fu\u00dfe des Berges.<\/p>\n<p><strong>Start\/Ziel:<\/strong> Neidenberga\/Hohenwarte<br \/>\n<strong>Streckenl\u00e4nge:<\/strong> 18,5 Kilometer<\/p>\n<p><a href=\"http:\/\/waldhotel-am-stausee.de\/hohenwarte\/wp-content\/uploads\/2014\/07\/Etappe4_740pix.jpg\"><img loading=\"lazy\" decoding=\"async\" class=\"alignnone size-full wp-image-642\" src=\"http:\/\/waldhotel-am-stausee.de\/hohenwarte\/wp-content\/uploads\/2014\/07\/Etappe4_740pix.jpg\" alt=\"Etappe4\" width=\"740\" height=\"555\" srcset=\"https:\/\/waldhotel-am-stausee.de\/hohenwarte\/wp-content\/uploads\/2014\/07\/Etappe4_740pix.jpg 740w, https:\/\/waldhotel-am-stausee.de\/hohenwarte\/wp-content\/uploads\/2014\/07\/Etappe4_740pix-300x225.jpg 300w, https:\/\/waldhotel-am-stausee.de\/hohenwarte\/wp-content\/uploads\/2014\/07\/Etappe4_740pix-250x187.jpg 250w, https:\/\/waldhotel-am-stausee.de\/hohenwarte\/wp-content\/uploads\/2014\/07\/Etappe4_740pix-550x412.jpg 550w, https:\/\/waldhotel-am-stausee.de\/hohenwarte\/wp-content\/uploads\/2014\/07\/Etappe4_740pix-240x180.jpg 240w, https:\/\/waldhotel-am-stausee.de\/hohenwarte\/wp-content\/uploads\/2014\/07\/Etappe4_740pix-400x300.jpg 400w, https:\/\/waldhotel-am-stausee.de\/hohenwarte\/wp-content\/uploads\/2014\/07\/Etappe4_740pix-666x500.jpg 666w\" sizes=\"(max-width: 740px) 100vw, 740px\" \/><\/a><\/p>\n","protected":false},"excerpt":{"rendered":"<p>Der Hohenwarte Stausee Weg f\u00fchrt auf vier Etappen, mit einer Gesamtl\u00e4nge von rund 75 Kilometern, auf eine interessante Entdeckungsreise durch die Flora und Fauna rund um den Hohenwarte Stausee. Inmitten des Naturparks Th\u00fcringer Schiefergebirge\/ Obere Saale erkunden Sie auf dem zertifizierten Qualit\u00e4tswanderweg die vertr\u00e4umten D\u00f6rfer und die wildromantische Landschaft des gr\u00f6\u00dften zusammenh\u00e4ngenden Stauseegebietes Europas. Unterwegs [&hellip;]<\/p>\n","protected":false},"author":2,"featured_media":0,"parent":34,"menu_order":0,"comment_status":"closed","ping_status":"closed","template":"","meta":{"footnotes":""},"_links":{"self":[{"href":"https:\/\/waldhotel-am-stausee.de\/hohenwarte\/wp-json\/wp\/v2\/pages\/200"}],"collection":[{"href":"https:\/\/waldhotel-am-stausee.de\/hohenwarte\/wp-json\/wp\/v2\/pages"}],"about":[{"href":"https:\/\/waldhotel-am-stausee.de\/hohenwarte\/wp-json\/wp\/v2\/types\/page"}],"author":[{"embeddable":true,"href":"https:\/\/waldhotel-am-stausee.de\/hohenwarte\/wp-json\/wp\/v2\/users\/2"}],"replies":[{"embeddable":true,"href":"https:\/\/waldhotel-am-stausee.de\/hohenwarte\/wp-json\/wp\/v2\/comments?post=200"}],"version-history":[{"count":12,"href":"https:\/\/waldhotel-am-stausee.de\/hohenwarte\/wp-json\/wp\/v2\/pages\/200\/revisions"}],"predecessor-version":[{"id":644,"href":"https:\/\/waldhotel-am-stausee.de\/hohenwarte\/wp-json\/wp\/v2\/pages\/200\/revisions\/644"}],"up":[{"embeddable":true,"href":"https:\/\/waldhotel-am-stausee.de\/hohenwarte\/wp-json\/wp\/v2\/pages\/34"}],"wp:attachment":[{"href":"https:\/\/waldhotel-am-stausee.de\/hohenwarte\/wp-json\/wp\/v2\/media?parent=200"}],"curies":[{"name":"wp","href":"https:\/\/api.w.org\/{rel}","templated":true}]}}