{"id":15,"date":"2014-01-28T10:38:45","date_gmt":"2014-01-28T08:38:45","guid":{"rendered":"http:\/\/waldhotel-am-stausee.de\/hohenwarte\/?page_id=15"},"modified":"2018-09-06T15:45:12","modified_gmt":"2018-09-06T13:45:12","slug":"anfahrt","status":"publish","type":"page","link":"https:\/\/waldhotel-am-stausee.de\/hohenwarte\/ueber-uns\/anfahrt\/","title":{"rendered":"Anfahrt"},"content":{"rendered":"<h4>Anreise mit dem PKW<\/h4>\n<div id=\"wpgmza_map\" class=\"wpgmza_map\" data-settings='{\"id\":\"1\",\"map_title\":\"Standort\",\"map_width\":\"100\",\"map_height\":\"400\",\"map_start_lat\":\"50.623059\",\"map_start_lng\":\"11.490981\",\"map_start_location\":\"50.62305925751421,11.490981129760689\",\"map_start_zoom\":\"12\",\"default_marker\":\"0\",\"type\":\"1\",\"alignment\":\"1\",\"directions_enabled\":\"1\",\"styling_enabled\":\"0\",\"styling_json\":\"\",\"active\":\"0\",\"kml\":\"\",\"bicycle\":\"0\",\"traffic\":\"0\",\"dbox\":\"1\",\"dbox_width\":\"250\",\"listmarkers\":\"0\",\"listmarkers_advanced\":\"0\",\"filterbycat\":\"0\",\"ugm_enabled\":\"0\",\"ugm_category_enabled\":\"0\",\"fusion\":\"\",\"map_width_type\":\"\\\\%\",\"map_height_type\":\"px\",\"mass_marker_support\":\"1\",\"ugm_access\":\"0\",\"order_markers_by\":\"1\",\"order_markers_choice\":\"2\",\"show_user_location\":\"0\",\"default_to\":\"\",\"other_settings\":{\"store_locator_enabled\":2,\"store_locator_distance\":2,\"weather_layer\":2,\"cloud_layer\":2,\"transport_layer\":0}}' data-map-id='1' Data-maps-engine='google-maps' data-shortcode-attributes='{\"id\":\"1\"}' style=\"display:block; overflow:auto; width:100%; height:400px; float:left;\"><\/div>\n<p>&nbsp;<\/p>\n<h4>Anreise mit \u00f6ffentlichen Verkehrsmitteln<\/h4>\n<p>Unseren G\u00e4sten, die mit der Deutschen Bahn anreisen, stehen die Bahnanbindungen in den St\u00e4dten Saalfeld und P\u00f6\u00dfneck zur Verf\u00fcgung. Von dort aus bieten wir Ihnen, nach vorheriger Absprache, gern einen Transfer zu unserem Haus an.<\/p>\n<p>Anreisende mit dem Bus k\u00f6nnen die \u00f6ffentlichen Haltestellen in Hohenwarte und Bucha nutzen. Bitte informieren Sie sich vor Reiseantritt \u00fcber die jeweiligen Fahrzeiten und den ggf. erforderlichen Transfer zum Waldhotel.<\/p>\n<p>Reiseauskunft der Deutschen Bahn:<br \/>\n<a href=\"http:\/\/www.bahn.de\" target=\"_blank\" rel=\"noopener\">www.bahn.de<\/a><\/p>\n<p>Fahrplanauskunft der KomBus:<br \/>\n<a href=\"http:\/\/www.kombus-online.eu\" target=\"_blank\" rel=\"noopener\">www.kombus-online.eu<\/a><\/p>\n","protected":false},"excerpt":{"rendered":"<p>Anreise mit dem PKW &nbsp; Anreise mit \u00f6ffentlichen Verkehrsmitteln Unseren G\u00e4sten, die mit der Deutschen Bahn anreisen, stehen die Bahnanbindungen in den St\u00e4dten Saalfeld und P\u00f6\u00dfneck zur Verf\u00fcgung. Von dort aus bieten wir Ihnen, nach vorheriger Absprache, gern einen Transfer zu unserem Haus an. Anreisende mit dem Bus k\u00f6nnen die \u00f6ffentlichen Haltestellen in Hohenwarte und [&hellip;]<\/p>\n","protected":false},"author":1,"featured_media":0,"parent":11,"menu_order":0,"comment_status":"closed","ping_status":"closed","template":"","meta":{"footnotes":""},"_links":{"self":[{"href":"https:\/\/waldhotel-am-stausee.de\/hohenwarte\/wp-json\/wp\/v2\/pages\/15"}],"collection":[{"href":"https:\/\/waldhotel-am-stausee.de\/hohenwarte\/wp-json\/wp\/v2\/pages"}],"about":[{"href":"https:\/\/waldhotel-am-stausee.de\/hohenwarte\/wp-json\/wp\/v2\/types\/page"}],"author":[{"embeddable":true,"href":"https:\/\/waldhotel-am-stausee.de\/hohenwarte\/wp-json\/wp\/v2\/users\/1"}],"replies":[{"embeddable":true,"href":"https:\/\/waldhotel-am-stausee.de\/hohenwarte\/wp-json\/wp\/v2\/comments?post=15"}],"version-history":[{"count":7,"href":"https:\/\/waldhotel-am-stausee.de\/hohenwarte\/wp-json\/wp\/v2\/pages\/15\/revisions"}],"predecessor-version":[{"id":1210,"href":"https:\/\/waldhotel-am-stausee.de\/hohenwarte\/wp-json\/wp\/v2\/pages\/15\/revisions\/1210"}],"up":[{"embeddable":true,"href":"https:\/\/waldhotel-am-stausee.de\/hohenwarte\/wp-json\/wp\/v2\/pages\/11"}],"wp:attachment":[{"href":"https:\/\/waldhotel-am-stausee.de\/hohenwarte\/wp-json\/wp\/v2\/media?parent=15"}],"curies":[{"name":"wp","href":"https:\/\/api.w.org\/{rel}","templated":true}]}}