{"id":114,"date":"2014-03-21T16:13:25","date_gmt":"2014-03-21T14:13:25","guid":{"rendered":"http:\/\/waldhotel-am-stausee.de\/hohenwarte\/?page_id=114"},"modified":"2021-09-29T18:21:13","modified_gmt":"2021-09-29T16:21:13","slug":"oeffnungszeiten","status":"publish","type":"page","link":"https:\/\/waldhotel-am-stausee.de\/hohenwarte\/ueber-uns\/oeffnungszeiten\/","title":{"rendered":"\u00d6ffnungszeiten"},"content":{"rendered":"<p>Bitte beachten Sie auch unsere Hinweise zu den \u00d6ffnungszeiten unter \u00bbAKTUELLES\u00ab. Aufgrund der personellen Situation k\u00f6nnen sich die \u00d6ffnungszeiten kurzfristig \u00e4ndern.<\/p>\n<p><span style=\"color: #333333;\">Gern sind wir Ihnen auch bei der Ausrichtung und Durchf\u00fchrung von Tagungen, Seminaren und Feierlichkeiten behilflich.<\/span><\/p>\n<h4>Zimmerbezug\/An- und Abreise:<\/h4>\n<p><strong>Anreise:<\/strong> Am Anreisetag k\u00f6nnen Sie ab 15.00 Uhr einchecken.<br \/>\n<strong>Abreise:<\/strong> Bis 10.00 Uhr. Sollten Sie Ihr Zimmer l\u00e4nger ben\u00f6tigen, wenden Sie sich bitte an die Rezeption.<\/p>\n","protected":false},"excerpt":{"rendered":"<p>Bitte beachten Sie auch unsere Hinweise zu den \u00d6ffnungszeiten unter \u00bbAKTUELLES\u00ab. Aufgrund der personellen Situation k\u00f6nnen sich die \u00d6ffnungszeiten kurzfristig \u00e4ndern. Gern sind wir Ihnen auch bei der Ausrichtung und Durchf\u00fchrung von Tagungen, Seminaren und Feierlichkeiten behilflich. Zimmerbezug\/An- und Abreise: Anreise: Am Anreisetag k\u00f6nnen Sie ab 15.00 Uhr einchecken. Abreise: Bis 10.00 Uhr. Sollten Sie [&hellip;]<\/p>\n","protected":false},"author":4,"featured_media":0,"parent":11,"menu_order":0,"comment_status":"closed","ping_status":"closed","template":"","meta":{"footnotes":""},"_links":{"self":[{"href":"https:\/\/waldhotel-am-stausee.de\/hohenwarte\/wp-json\/wp\/v2\/pages\/114"}],"collection":[{"href":"https:\/\/waldhotel-am-stausee.de\/hohenwarte\/wp-json\/wp\/v2\/pages"}],"about":[{"href":"https:\/\/waldhotel-am-stausee.de\/hohenwarte\/wp-json\/wp\/v2\/types\/page"}],"author":[{"embeddable":true,"href":"https:\/\/waldhotel-am-stausee.de\/hohenwarte\/wp-json\/wp\/v2\/users\/4"}],"replies":[{"embeddable":true,"href":"https:\/\/waldhotel-am-stausee.de\/hohenwarte\/wp-json\/wp\/v2\/comments?post=114"}],"version-history":[{"count":23,"href":"https:\/\/waldhotel-am-stausee.de\/hohenwarte\/wp-json\/wp\/v2\/pages\/114\/revisions"}],"predecessor-version":[{"id":1479,"href":"https:\/\/waldhotel-am-stausee.de\/hohenwarte\/wp-json\/wp\/v2\/pages\/114\/revisions\/1479"}],"up":[{"embeddable":true,"href":"https:\/\/waldhotel-am-stausee.de\/hohenwarte\/wp-json\/wp\/v2\/pages\/11"}],"wp:attachment":[{"href":"https:\/\/waldhotel-am-stausee.de\/hohenwarte\/wp-json\/wp\/v2\/media?parent=114"}],"curies":[{"name":"wp","href":"https:\/\/api.w.org\/{rel}","templated":true}]}}