{"id":1074,"date":"2017-10-12T15:33:04","date_gmt":"2017-10-12T13:33:04","guid":{"rendered":"http:\/\/waldhotel-am-stausee.de\/hohenwarte\/?page_id=1074"},"modified":"2017-10-12T15:44:17","modified_gmt":"2017-10-12T13:44:17","slug":"warum-fasten-wir","status":"publish","type":"page","link":"https:\/\/waldhotel-am-stausee.de\/hohenwarte\/fasten-wanderwochen\/warum-fasten-wir\/","title":{"rendered":"Warum fasten wir?"},"content":{"rendered":"<p><em>\u201eEs gibt kaum einen Menschen, der so gesund ist, dass er nicht durch zeitweises Einschr\u00e4nken oder Ausschalten seiner \u00fcblichen Ern\u00e4hrungsweise noch ges\u00fcnder, leistungsf\u00e4higer und lebensfroher werden k\u00f6nnte.\u201c<\/em> (Dr. F. X. Mayr)<\/p>\n<p>Bringen Sie durch freiwilligen Verzicht K\u00f6rper, Geist und Seele in Einklang. Die rasante Zeit und Schnelllebigkeit verlangt ein In-sich-Gehen. Finden Sie durch wenige Tage Auszeit zu sich und kehren Sie klar und gest\u00e4rkt zur\u00fcck in den Alltag.<\/p>\n<p><img loading=\"lazy\" decoding=\"async\" class=\"alignnone size-full wp-image-1005\" src=\"http:\/\/waldhotel-am-stausee.de\/hohenwarte\/wp-content\/uploads\/2017\/09\/fasten2.jpg\" alt=\"\" width=\"2000\" height=\"1333\" srcset=\"https:\/\/waldhotel-am-stausee.de\/hohenwarte\/wp-content\/uploads\/2017\/09\/fasten2.jpg 2000w, https:\/\/waldhotel-am-stausee.de\/hohenwarte\/wp-content\/uploads\/2017\/09\/fasten2-300x200.jpg 300w, https:\/\/waldhotel-am-stausee.de\/hohenwarte\/wp-content\/uploads\/2017\/09\/fasten2-768x512.jpg 768w, https:\/\/waldhotel-am-stausee.de\/hohenwarte\/wp-content\/uploads\/2017\/09\/fasten2-1024x682.jpg 1024w, https:\/\/waldhotel-am-stausee.de\/hohenwarte\/wp-content\/uploads\/2017\/09\/fasten2-250x167.jpg 250w, https:\/\/waldhotel-am-stausee.de\/hohenwarte\/wp-content\/uploads\/2017\/09\/fasten2-550x367.jpg 550w, https:\/\/waldhotel-am-stausee.de\/hohenwarte\/wp-content\/uploads\/2017\/09\/fasten2-800x533.jpg 800w, https:\/\/waldhotel-am-stausee.de\/hohenwarte\/wp-content\/uploads\/2017\/09\/fasten2-270x180.jpg 270w, https:\/\/waldhotel-am-stausee.de\/hohenwarte\/wp-content\/uploads\/2017\/09\/fasten2-450x300.jpg 450w, https:\/\/waldhotel-am-stausee.de\/hohenwarte\/wp-content\/uploads\/2017\/09\/fasten2-750x500.jpg 750w\" sizes=\"(max-width: 2000px) 100vw, 2000px\" \/><\/p>\n","protected":false},"excerpt":{"rendered":"<p>\u201eEs gibt kaum einen Menschen, der so gesund ist, dass er nicht durch zeitweises Einschr\u00e4nken oder Ausschalten seiner \u00fcblichen Ern\u00e4hrungsweise noch ges\u00fcnder, leistungsf\u00e4higer und lebensfroher werden k\u00f6nnte.\u201c (Dr. F. X. Mayr) Bringen Sie durch freiwilligen Verzicht K\u00f6rper, Geist und Seele in Einklang. Die rasante Zeit und Schnelllebigkeit verlangt ein In-sich-Gehen. Finden Sie durch wenige Tage [&hellip;]<\/p>\n","protected":false},"author":1,"featured_media":0,"parent":1002,"menu_order":0,"comment_status":"closed","ping_status":"closed","template":"","meta":{"footnotes":""},"_links":{"self":[{"href":"https:\/\/waldhotel-am-stausee.de\/hohenwarte\/wp-json\/wp\/v2\/pages\/1074"}],"collection":[{"href":"https:\/\/waldhotel-am-stausee.de\/hohenwarte\/wp-json\/wp\/v2\/pages"}],"about":[{"href":"https:\/\/waldhotel-am-stausee.de\/hohenwarte\/wp-json\/wp\/v2\/types\/page"}],"author":[{"embeddable":true,"href":"https:\/\/waldhotel-am-stausee.de\/hohenwarte\/wp-json\/wp\/v2\/users\/1"}],"replies":[{"embeddable":true,"href":"https:\/\/waldhotel-am-stausee.de\/hohenwarte\/wp-json\/wp\/v2\/comments?post=1074"}],"version-history":[{"count":2,"href":"https:\/\/waldhotel-am-stausee.de\/hohenwarte\/wp-json\/wp\/v2\/pages\/1074\/revisions"}],"predecessor-version":[{"id":1089,"href":"https:\/\/waldhotel-am-stausee.de\/hohenwarte\/wp-json\/wp\/v2\/pages\/1074\/revisions\/1089"}],"up":[{"embeddable":true,"href":"https:\/\/waldhotel-am-stausee.de\/hohenwarte\/wp-json\/wp\/v2\/pages\/1002"}],"wp:attachment":[{"href":"https:\/\/waldhotel-am-stausee.de\/hohenwarte\/wp-json\/wp\/v2\/media?parent=1074"}],"curies":[{"name":"wp","href":"https:\/\/api.w.org\/{rel}","templated":true}]}}