{"id":1068,"date":"2017-10-12T15:30:10","date_gmt":"2017-10-12T13:30:10","guid":{"rendered":"http:\/\/waldhotel-am-stausee.de\/hohenwarte\/?page_id=1068"},"modified":"2022-10-21T09:25:16","modified_gmt":"2022-10-21T07:25:16","slug":"termine","status":"publish","type":"page","link":"https:\/\/waldhotel-am-stausee.de\/hohenwarte\/fasten-wanderwochen\/termine\/","title":{"rendered":"Termine"},"content":{"rendered":"<p><strong>Unsere geplanten Termine f\u00fcr 2022\/23:<\/strong><\/p>\n<ul>\n<li>09.10. &#8211; 16.10.2022<\/li>\n<li>16.10. \u2013 23.10.2022<\/li>\n<li>13.11. \u2013 20.11.2022<\/li>\n<li>08.01. \u2013 15.01.2023<\/li>\n<li>15.01. \u2013 22.01.2023<\/li>\n<li>19.02. \u2013 26.02.2023<\/li>\n<li>26.02. \u2013 05.03.2023<\/li>\n<li>12.03. \u2013 19.03.2023<\/li>\n<li>16.04. \u2013 23.04.2023<\/li>\n<li>22.10. \u2013 29.10.2023<\/li>\n<\/ul>\n<p><strong>Anreise:<\/strong> sonntags bis 15.00 Uhr<br \/>\n<strong>Abreise:<\/strong> sonntags bis 10.00 Uhr<\/p>\n<p><strong>Info:\u00a0<\/strong>Unser Fastenangebot richtet sich an Gesunde, die ihrem K\u00f6rper und ihrer Seele etwas Gutes tun wollen.\u00a0W\u00e4hrend Ihres Aufenthaltes erfahren Sie Altbew\u00e4hrtes und Neues zum Thema Fasten und Ern\u00e4hrung.\u00a0Die Fastenern\u00e4hrung (Gem\u00fcsebr\u00fchen, S\u00e4fte, Tee und Wasser) wird Ihnen von unserem geschulten K\u00fcchen- und Servicepersonal zubereitet und serviert. Im Preis inbegriffen sind t\u00e4gliche Leberwickel. Au\u00dferdem erh\u00e4lt jeder Teilnehmer eine 30-min\u00fctige Massage.<\/p>\n<p>Weitere Informationen zum Thema \u201eWas geh\u00f6rt in meine Fastenkoffer\u201c teilen wir Ihnen bei Buchung und gern auch auf Anfrage mit.<\/p>\n<p>Wir hoffen, wir haben Sie neugierig gemacht und wir sehen uns in Ihrem Fastenhotel am Th\u00fcringer Meer.<\/p>\n<p>Es freut sich auf Ihren Besuch<br \/>\nDas Team vom Waldhotel am Stausee<\/p>\n","protected":false},"excerpt":{"rendered":"<p>Unsere geplanten Termine f\u00fcr 2022\/23: 09.10. &#8211; 16.10.2022 16.10. \u2013 23.10.2022 13.11. \u2013 20.11.2022 08.01. \u2013 15.01.2023 15.01. \u2013 22.01.2023 19.02. \u2013 26.02.2023 26.02. \u2013 05.03.2023 12.03. \u2013 19.03.2023 16.04. \u2013 23.04.2023 22.10. \u2013 29.10.2023 Anreise: sonntags bis 15.00 Uhr Abreise: sonntags bis 10.00 Uhr Info:\u00a0Unser Fastenangebot richtet sich an Gesunde, die ihrem K\u00f6rper und [&hellip;]<\/p>\n","protected":false},"author":1,"featured_media":0,"parent":1002,"menu_order":0,"comment_status":"closed","ping_status":"closed","template":"","meta":{"footnotes":""},"_links":{"self":[{"href":"https:\/\/waldhotel-am-stausee.de\/hohenwarte\/wp-json\/wp\/v2\/pages\/1068"}],"collection":[{"href":"https:\/\/waldhotel-am-stausee.de\/hohenwarte\/wp-json\/wp\/v2\/pages"}],"about":[{"href":"https:\/\/waldhotel-am-stausee.de\/hohenwarte\/wp-json\/wp\/v2\/types\/page"}],"author":[{"embeddable":true,"href":"https:\/\/waldhotel-am-stausee.de\/hohenwarte\/wp-json\/wp\/v2\/users\/1"}],"replies":[{"embeddable":true,"href":"https:\/\/waldhotel-am-stausee.de\/hohenwarte\/wp-json\/wp\/v2\/comments?post=1068"}],"version-history":[{"count":21,"href":"https:\/\/waldhotel-am-stausee.de\/hohenwarte\/wp-json\/wp\/v2\/pages\/1068\/revisions"}],"predecessor-version":[{"id":1576,"href":"https:\/\/waldhotel-am-stausee.de\/hohenwarte\/wp-json\/wp\/v2\/pages\/1068\/revisions\/1576"}],"up":[{"embeddable":true,"href":"https:\/\/waldhotel-am-stausee.de\/hohenwarte\/wp-json\/wp\/v2\/pages\/1002"}],"wp:attachment":[{"href":"https:\/\/waldhotel-am-stausee.de\/hohenwarte\/wp-json\/wp\/v2\/media?parent=1068"}],"curies":[{"name":"wp","href":"https:\/\/api.w.org\/{rel}","templated":true}]}}