{"id":1002,"date":"2017-09-07T10:44:47","date_gmt":"2017-09-07T08:44:47","guid":{"rendered":"http:\/\/waldhotel-am-stausee.de\/hohenwarte\/?page_id=1002"},"modified":"2022-09-22T09:26:12","modified_gmt":"2022-09-22T07:26:12","slug":"fasten-wanderwochen","status":"publish","type":"page","link":"https:\/\/waldhotel-am-stausee.de\/hohenwarte\/fasten-wanderwochen\/","title":{"rendered":"Fasten-Wanderwochen im Waldhotel am Stausee"},"content":{"rendered":"<p>FASTEN F\u00dcR GESUNDE<br \/>\nVerzichten Sie einige Zeit auf Ern\u00e4hrungs- und Lebensgewohnheiten. Geben Sie Ihrem K\u00f6rper die\u00a0Chance, in einem k\u00f6rperlichen und seelischen Prozess zu entgiften, zu reinigen und zu regenerieren, um sich neu zu orientieren.\u00a0L\u00f6sen Sie sich von dem, was krank macht und belastet und richten Sie Ihre Gedanken, Ihr Wesen und Ihr Tun neu aus.\u00a0Das Fasten in unserer Wanderwoche dient der Gesunderhaltung sowie der St\u00e4rkung des Immunsystems.<\/p>\n<p><img loading=\"lazy\" decoding=\"async\" class=\"alignnone wp-image-1003 size-full\" src=\"http:\/\/waldhotel-am-stausee.de\/hohenwarte\/wp-content\/uploads\/2017\/09\/fasten1.jpg\" alt=\"\" width=\"2000\" height=\"1333\" srcset=\"https:\/\/waldhotel-am-stausee.de\/hohenwarte\/wp-content\/uploads\/2017\/09\/fasten1.jpg 2000w, https:\/\/waldhotel-am-stausee.de\/hohenwarte\/wp-content\/uploads\/2017\/09\/fasten1-300x200.jpg 300w, https:\/\/waldhotel-am-stausee.de\/hohenwarte\/wp-content\/uploads\/2017\/09\/fasten1-768x512.jpg 768w, https:\/\/waldhotel-am-stausee.de\/hohenwarte\/wp-content\/uploads\/2017\/09\/fasten1-1024x682.jpg 1024w, https:\/\/waldhotel-am-stausee.de\/hohenwarte\/wp-content\/uploads\/2017\/09\/fasten1-250x167.jpg 250w, https:\/\/waldhotel-am-stausee.de\/hohenwarte\/wp-content\/uploads\/2017\/09\/fasten1-550x367.jpg 550w, https:\/\/waldhotel-am-stausee.de\/hohenwarte\/wp-content\/uploads\/2017\/09\/fasten1-800x533.jpg 800w, https:\/\/waldhotel-am-stausee.de\/hohenwarte\/wp-content\/uploads\/2017\/09\/fasten1-270x180.jpg 270w, https:\/\/waldhotel-am-stausee.de\/hohenwarte\/wp-content\/uploads\/2017\/09\/fasten1-450x300.jpg 450w, https:\/\/waldhotel-am-stausee.de\/hohenwarte\/wp-content\/uploads\/2017\/09\/fasten1-750x500.jpg 750w\" sizes=\"(max-width: 2000px) 100vw, 2000px\" \/><\/p>\n<p><strong>Preise:<\/strong><\/p>\n<ul>\n<li><span data-pb-node-luminance-reversed=\"true\">860,\u2013<\/span> \u20ac pro Person im Einzelzimmer (ab 2023)<\/li>\n<li><span data-pb-node-luminance-reversed=\"true\">840<\/span>,00 \u20ac pro Person im Doppelzimmer (ab 2023)<\/li>\n<\/ul>\n<p><strong>Teilnehmerzahl:<\/strong> maximal 13 Personen<\/p>\n","protected":false},"excerpt":{"rendered":"<p>FASTEN F\u00dcR GESUNDE Verzichten Sie einige Zeit auf Ern\u00e4hrungs- und Lebensgewohnheiten. Geben Sie Ihrem K\u00f6rper die\u00a0Chance, in einem k\u00f6rperlichen und seelischen Prozess zu entgiften, zu reinigen und zu regenerieren, um sich neu zu orientieren.\u00a0L\u00f6sen Sie sich von dem, was krank macht und belastet und richten Sie Ihre Gedanken, Ihr Wesen und Ihr Tun neu aus.\u00a0Das [&hellip;]<\/p>\n","protected":false},"author":1,"featured_media":1003,"parent":0,"menu_order":0,"comment_status":"closed","ping_status":"closed","template":"","meta":{"footnotes":""},"_links":{"self":[{"href":"https:\/\/waldhotel-am-stausee.de\/hohenwarte\/wp-json\/wp\/v2\/pages\/1002"}],"collection":[{"href":"https:\/\/waldhotel-am-stausee.de\/hohenwarte\/wp-json\/wp\/v2\/pages"}],"about":[{"href":"https:\/\/waldhotel-am-stausee.de\/hohenwarte\/wp-json\/wp\/v2\/types\/page"}],"author":[{"embeddable":true,"href":"https:\/\/waldhotel-am-stausee.de\/hohenwarte\/wp-json\/wp\/v2\/users\/1"}],"replies":[{"embeddable":true,"href":"https:\/\/waldhotel-am-stausee.de\/hohenwarte\/wp-json\/wp\/v2\/comments?post=1002"}],"version-history":[{"count":14,"href":"https:\/\/waldhotel-am-stausee.de\/hohenwarte\/wp-json\/wp\/v2\/pages\/1002\/revisions"}],"predecessor-version":[{"id":1563,"href":"https:\/\/waldhotel-am-stausee.de\/hohenwarte\/wp-json\/wp\/v2\/pages\/1002\/revisions\/1563"}],"wp:featuredmedia":[{"embeddable":true,"href":"https:\/\/waldhotel-am-stausee.de\/hohenwarte\/wp-json\/wp\/v2\/media\/1003"}],"wp:attachment":[{"href":"https:\/\/waldhotel-am-stausee.de\/hohenwarte\/wp-json\/wp\/v2\/media?parent=1002"}],"curies":[{"name":"wp","href":"https:\/\/api.w.org\/{rel}","templated":true}]}}